{"id":309057,"date":"2023-12-16T22:46:00","date_gmt":"2023-12-16T21:46:00","guid":{"rendered":"https:\/\/collection.galerie-gerdes.com\/produkt\/falusi-zene-rajz-adolf-muenzer-ferfi-tubaval\/"},"modified":"2023-12-16T22:46:00","modified_gmt":"2023-12-16T21:46:00","slug":"falusi-zene-rajz-adolf-muenzer-ferfi-tubaval","status":"publish","type":"product","link":"https:\/\/collection.galerie-gerdes.com\/hu\/p\/falusi-zene-rajz-adolf-muenzer-ferfi-tubaval\/","title":{"rendered":"&#8222;Falusi zene&#8221;, rajz, Adolf M\u00fcnzer, f\u00e9rfi tub\u00e1val"},"content":{"rendered":"<p>A fels\u0151-szil\u00e9ziai Ple\u00dfben sz\u00fcletett, majd apja korai, 1876-ban bek\u00f6vetkezett hal\u00e1la ut\u00e1n gyermekkor\u00e1t Breslauban t\u00f6lt\u00f6tte, ahol a M\u00e1ty\u00e1s-gimn\u00e1ziumba j\u00e1rt, majd 1886-ban Georg Heintze dekorat\u00edv fest\u0151n\u00e9l kezdett el tanulni. K\u00e9s\u0151bb a breslaui M\u0171v\u00e9szeti \u00e9s K\u00e9zm\u0171ves Iskol\u00e1ban folytatta tanulm\u00e1nyait, \u00e9s olyan tan\u00e1rok tan\u00edtott\u00e1k, mint Heinrich Irmann, Paul Schobelt \u00e9s Albrecht Br\u00e4uer.  <\/p>\n<p>M\u00fcnzer 1894-ben kezdte meg tanulm\u00e1nyait a m\u00fcncheni K\u00e9pz\u0151m\u0171v\u00e9szeti Akad\u00e9mi\u00e1n, ahol olyan neves m\u0171v\u00e9szek tan\u00edtott\u00e1k, mint Karl Raupp \u00e9s Otto Seitz. Katonai szolg\u00e1lata alatt csatlakozott Paul Hoecker fest\u0151oszt\u00e1ly\u00e1hoz, aki intenz\u00edven foglalkozott a szabadt\u00e9ri fest\u00e9szettel. M\u00fcnzer itt 1896-ban m\u00e9g saj\u00e1t mesterm\u0171termet is kapott.  <\/p>\n<p>1898-ban a Ludwig Stollwerck els\u0151, 1000 m\u00e1rka p\u00e9nzjutalommal j\u00e1r\u00f3, Stollwerck-gy\u0171jtem\u00e9nyi k\u00e9pek tervez\u00e9s\u00e9re ki\u00edrt p\u00e1ly\u00e1zat\u00e1n a k\u00e9t d\u00edjazott egyike volt. M\u00fcnzer 1899-t\u0151l a m\u00fcncheni Glaspalastban \u00e1ll\u00edtotta ki m\u0171veit a Scholle m\u0171v\u00e9szcsoport tagjak\u00e9nt. Ez vezetett a &#8222;Jugend&#8221; c\u00edm\u0171 m\u00fcncheni hetilappal \u00e9s a &#8222;Simplicissimus&#8221; c\u00edm\u0171 szatirikus magazinnal val\u00f3 egy\u00fcttm\u0171k\u00f6d\u00e9s\u00e9hez is.  <\/p>\n<p>Az 1900 \u00e9s 1902 k\u00f6z\u00f6tti p\u00e1rizsi tart\u00f3zkod\u00e1s sor\u00e1n megszil\u00e1rd\u00edtotta m\u0171v\u00e9szi fejl\u0151d\u00e9s\u00e9t. 1903-ban megismerkedett Marie Therese Dree\u00dfen, sz\u00fcletett von Vestenhof, akit egy \u00e9vvel a l\u00e1tv\u00e1nyos botr\u00e1ny ut\u00e1n feles\u00e9g\u00fcl vett. Ez a botr\u00e1ny Dree\u00dfen asszony \u00e9s f\u00e9rje v\u00e1l\u00e1s\u00e1hoz vezetett.   <\/p>\n<p>1909-ben M\u00fcnzer a d\u00fcsseldorfi m\u0171v\u00e9szeti akad\u00e9mia fest\u00e9szeti oszt\u00e1ly\u00e1nak vezet\u0151je lett, ahol 1932-ig tan\u00edtott. Ez id\u0151 alatt falfestm\u00e9nyeket \u00e9s mennyezetfestm\u00e9nyeket is k\u00e9sz\u00edtett a d\u00fcsseldorfi ker\u00fcleti \u00f6nkorm\u00e1nyzat sz\u00e1m\u00e1ra. Az els\u0151 vil\u00e1gh\u00e1bor\u00fa alatt 1915-ben hadifest\u0151k\u00e9nt szolg\u00e1lt a fronton, 1917-ben pedig \u00f6nk\u00e9ntesnek jelentkezett, de nem ker\u00fclt bevet\u00e9sre.  <\/p>\n<p>1938-ban a M\u00fcnzer csal\u00e1d Holzhausen am Ammersee v\u00e1ros\u00e1ba k\u00f6lt\u00f6z\u00f6tt. M\u00fcnzer m\u0171veit sz\u00e1mos neves m\u00fazeumban \u00e9s gy\u0171jtem\u00e9nyben \u00e1ll\u00edtott\u00e1k ki, t\u00f6bbek k\u00f6z\u00f6tt a m\u00fcncheni Neue Pinakothekban, a k\u00f6lni Wallraf-Richartz-Museumban, a d\u00fcsseldorfi St\u00e4dtisches Kunstmuseumban \u00e9s a b\u00e1zeli Kunstverein gy\u0171jtem\u00e9ny\u00e9ben. <\/p>\n<p>1938 \u00e9s 1944 k\u00f6z\u00f6tt M\u00fcnzer akt\u00edvan r\u00e9szt vett a nemzetiszocialist\u00e1k \u00e1ltal kezdem\u00e9nyezett Nagy N\u00e9met M\u0171v\u00e9szeti Ki\u00e1ll\u00edt\u00e1sokon a m\u00fcncheni Haus der Deutschen Kunstban, s\u0151t egy m\u0171v\u00e9t el is adta Adolf Hitlernek. 1950-ben harminc festm\u00e9nyt \u00e1ll\u00edtott ki a M\u00fcncheni M\u0171v\u00e9szsz\u00f6vetkezetben. M\u00fcnzer 1944-ben felker\u00fclt a N\u00e9pfelvil\u00e1gos\u00edt\u00e1s \u00e9s Propaganda Birodalmi Miniszt\u00e9riuma \u00e1ltal kit\u00fcntetettek list\u00e1j\u00e1ra.  <\/p>\n<p>M\u00fcnzer elbesz\u00e9l\u0151 st\u00edlusa a grafik\u00e1iban is megmutatkozott, k\u00fcl\u00f6n\u00f6sen a mainzi Scholz kiad\u00f3 sz\u00e1m\u00e1ra k\u00e9sz\u00edtett meseillusztr\u00e1ci\u00f3iban. Tagja volt a Deutscher K\u00fcnstlerbundnak is. <\/p>\n","protected":false},"excerpt":{"rendered":"<p>Adolf M\u00fcnzer (1870-1953)<br \/>\nKorjelz\u00e9sek, l\u00e1sd a fot\u00f3kon<\/p>\n","protected":false},"featured_media":7680,"template":"","meta":{"site-sidebar-layout":"default","site-content-layout":"","ast-site-content-layout":"default","site-content-style":"default","site-sidebar-style":"default","ast-global-header-display":"","ast-banner-title-visibility":"","ast-main-header-display":"","ast-hfb-above-header-display":"","ast-hfb-below-header-display":"","ast-hfb-mobile-header-display":"","site-post-title":"","ast-breadcrumbs-content":"","ast-featured-img":"","footer-sml-layout":"","ast-disable-related-posts":"","theme-transparent-header-meta":"default","adv-header-id-meta":"","stick-header-meta":"","header-above-stick-meta":"","header-main-stick-meta":"","header-below-stick-meta":"","astra-migrate-meta-layouts":"default","ast-page-background-enabled":"default","ast-page-background-meta":{"desktop":{"background-color":"var(--ast-global-color-4)","background-image":"","background-repeat":"repeat","background-position":"center center","background-size":"auto","background-attachment":"scroll","background-type":"","background-media":"","overlay-type":"","overlay-color":"","overlay-opacity":"","overlay-gradient":""},"tablet":{"background-color":"","background-image":"","background-repeat":"repeat","background-position":"center center","background-size":"auto","background-attachment":"scroll","background-type":"","background-media":"","overlay-type":"","overlay-color":"","overlay-opacity":"","overlay-gradient":""},"mobile":{"background-color":"","background-image":"","background-repeat":"repeat","background-position":"center center","background-size":"auto","background-attachment":"scroll","background-type":"","background-media":"","overlay-type":"","overlay-color":"","overlay-opacity":"","overlay-gradient":""}},"ast-content-background-meta":{"desktop":{"background-color":"var(--ast-global-color-5)","background-image":"","background-repeat":"repeat","background-position":"center center","background-size":"auto","background-attachment":"scroll","background-type":"","background-media":"","overlay-type":"","overlay-color":"","overlay-opacity":"","overlay-gradient":""},"tablet":{"background-color":"var(--ast-global-color-5)","background-image":"","background-repeat":"repeat","background-position":"center center","background-size":"auto","background-attachment":"scroll","background-type":"","background-media":"","overlay-type":"","overlay-color":"","overlay-opacity":"","overlay-gradient":""},"mobile":{"background-color":"var(--ast-global-color-5)","background-image":"","background-repeat":"repeat","background-position":"center center","background-size":"auto","background-attachment":"scroll","background-type":"","background-media":"","overlay-type":"","overlay-color":"","overlay-opacity":"","overlay-gradient":""}}},"product_brand":[],"product_cat":[723,605],"product_tag":[14907,1501,1502,1503,14909,1504,1505,1506,14911],"class_list":{"0":"post-309057","1":"product","2":"type-product","3":"status-publish","4":"has-post-thumbnail","6":"product_cat-german-hu","7":"product_cat-painting-hu","8":"product_tag-adolf-muenzer-hu","9":"product_tag-art-hu","10":"product_tag-gemalde-hu","11":"product_tag-kunst-hu","12":"product_tag-nemet","13":"product_tag-painting-hu","14":"product_tag-peintures-hu","15":"product_tag-pittura-hu","16":"product_tag-rajzolas","17":"desktop-align-center","18":"tablet-align-left","19":"mobile-align-left","21":"first","22":"instock","23":"taxable","24":"shipping-taxable","25":"product-type-simple"},"_links":{"self":[{"href":"https:\/\/collection.galerie-gerdes.com\/hu\/wp-json\/wp\/v2\/product\/309057","targetHints":{"allow":["GET"]}}],"collection":[{"href":"https:\/\/collection.galerie-gerdes.com\/hu\/wp-json\/wp\/v2\/product"}],"about":[{"href":"https:\/\/collection.galerie-gerdes.com\/hu\/wp-json\/wp\/v2\/types\/product"}],"wp:featuredmedia":[{"embeddable":true,"href":"https:\/\/collection.galerie-gerdes.com\/hu\/wp-json\/wp\/v2\/media\/7680"}],"wp:attachment":[{"href":"https:\/\/collection.galerie-gerdes.com\/hu\/wp-json\/wp\/v2\/media?parent=309057"}],"wp:term":[{"taxonomy":"product_brand","embeddable":true,"href":"https:\/\/collection.galerie-gerdes.com\/hu\/wp-json\/wp\/v2\/product_brand?post=309057"},{"taxonomy":"product_cat","embeddable":true,"href":"https:\/\/collection.galerie-gerdes.com\/hu\/wp-json\/wp\/v2\/product_cat?post=309057"},{"taxonomy":"product_tag","embeddable":true,"href":"https:\/\/collection.galerie-gerdes.com\/hu\/wp-json\/wp\/v2\/product_tag?post=309057"}],"curies":[{"name":"wp","href":"https:\/\/api.w.org\/{rel}","templated":true}]}}