{"id":309087,"date":"2023-12-16T16:23:37","date_gmt":"2023-12-16T15:23:37","guid":{"rendered":"https:\/\/collection.galerie-gerdes.com\/produkt\/dan-taj-haz-a-to-partjan-achton-friis-festmenye\/"},"modified":"2023-12-16T16:23:37","modified_gmt":"2023-12-16T15:23:37","slug":"dan-taj-haz-a-to-partjan-achton-friis-festmenye","status":"publish","type":"product","link":"https:\/\/collection.galerie-gerdes.com\/hu\/p\/dan-taj-haz-a-to-partjan-achton-friis-festmenye\/","title":{"rendered":"D\u00e1n t\u00e1j, h\u00e1z a t\u00f3 partj\u00e1n, Achton Friis festm\u00e9nye"},"content":{"rendered":"<p>Achton Johannes Friis (1871-1939) ismert fest\u0151 \u00e9s illusztr\u00e1tor volt. 1871. szeptember 5-\u00e9n sz\u00fcletett Trustrupban, Lyngby Sognban, Randers megy\u00e9ben, \u00e9s 1939. december 17-\u00e9n halt meg Koppenh\u00e1g\u00e1ban. \u00c9desanyja, Maren F. Fries egy f\u00f6ldm\u0171ves l\u00e1nya volt, \u00e9s 1909. december 15-\u00e9n vette feles\u00e9g\u00fcl Martha Elster heged\u0171m\u0171v\u00e9szt Koppenh\u00e1g\u00e1ban. Martha ugyanebben a v\u00e1rosban sz\u00fcletett 1879. szeptember 17-\u00e9n, \u00e9s Frederiksbergben halt meg 1966. febru\u00e1r 28-\u00e1n. Chr. Gregers E. kapit\u00e1ny \u00e9s Lovise Augusta Petersen vagyonos csal\u00e1d l\u00e1nya volt.    <\/p>\n<p>Achton Friis sokoldal\u00fa ember volt, aki a f\u00f6ldm\u0171ves tulajdons\u00e1gait arisztokratikus viselked\u00e9ssel \u00f6tv\u00f6zte. Ez az egyed\u00fcl\u00e1ll\u00f3 kever\u00e9k tette lehet\u0151v\u00e9 sz\u00e1m\u00e1ra, hogy odaad\u00f3 \u00e9s kiv\u00e9telesen tartalmas \u00e9letet \u00e9ljen, m\u00e9g akkor is, ha egyik ter\u00fcleten sem volt kiemelked\u0151en tehets\u00e9ges. A Mylius-Erichsennel k\u00f6z\u00f6s d\u00e1n exped\u00edci\u00f3 sor\u00e1n fedezte fel \u00edr\u00f3i \u00e9s k\u00e9pz\u0151m\u0171v\u00e9szi tehets\u00e9g\u00e9t, m\u00e9lyen meg\u00e9rintett\u00e9k Gr\u00f6nland \u00e9szakkeleti partvid\u00e9k\u00e9nek t\u00e1jai. \u00c9l\u00e9nk \u00e9s leny\u0171g\u00f6z\u0151 t\u00e1jk\u00e9pek sorozat\u00e1t alkotta meg, valamint metszett \u00e9s festett portr\u00e9kat k\u00e9sz\u00edtett t\u00f6bbek k\u00f6z\u00f6tt bar\u00e1tj\u00e1r\u00f3l, J\u00f8rgen Br\u00f8nlundr\u00f3l. Ezeket a m\u0171veket Mylius-Erichsen Gr\u00f6nlandr\u00f3l sz\u00f3l\u00f3 k\u00f6nyveiben reproduk\u00e1lt\u00e1k.    <\/p>\n<p>M\u0171v\u00e9szi munk\u00e1ss\u00e1ga mellett Friis \u00fatle\u00edr\u00e1sokat is \u00edrt \u00e9s illusztr\u00e1lt, p\u00e9ld\u00e1ul a &#8222;Sarkvid\u00e9ki vad\u00e1sz&#8221; c\u00edm\u0171 k\u00f6nyv\u00e9ben. Igazi tehets\u00e9ge azonban az volt, hogy D\u00e1nia soksz\u00edn\u0171 sz\u00e9ps\u00e9g\u00e9t a m\u0171v\u00e9sz szem\u00e9vel \u00f6r\u00f6k\u00edtette meg. M\u0171vei, &#8222;A d\u00e1nok szigetei&#8221; c\u00edm\u0171 m\u0171vei  <\/p>\n","protected":false},"excerpt":{"rendered":"<p>Achton Johannes Friis (1871-1939)<br \/>\nEgyedi sz\u00ednvesztes\u00e9gek, karcol\u00e1sok, horpad\u00e1sok.<\/p>\n","protected":false},"featured_media":7653,"template":"","meta":{"site-sidebar-layout":"default","site-content-layout":"","ast-site-content-layout":"default","site-content-style":"default","site-sidebar-style":"default","ast-global-header-display":"","ast-banner-title-visibility":"","ast-main-header-display":"","ast-hfb-above-header-display":"","ast-hfb-below-header-display":"","ast-hfb-mobile-header-display":"","site-post-title":"","ast-breadcrumbs-content":"","ast-featured-img":"","footer-sml-layout":"","ast-disable-related-posts":"","theme-transparent-header-meta":"default","adv-header-id-meta":"","stick-header-meta":"","header-above-stick-meta":"","header-main-stick-meta":"","header-below-stick-meta":"","astra-migrate-meta-layouts":"default","ast-page-background-enabled":"default","ast-page-background-meta":{"desktop":{"background-color":"var(--ast-global-color-4)","background-image":"","background-repeat":"repeat","background-position":"center center","background-size":"auto","background-attachment":"scroll","background-type":"","background-media":"","overlay-type":"","overlay-color":"","overlay-opacity":"","overlay-gradient":""},"tablet":{"background-color":"","background-image":"","background-repeat":"repeat","background-position":"center center","background-size":"auto","background-attachment":"scroll","background-type":"","background-media":"","overlay-type":"","overlay-color":"","overlay-opacity":"","overlay-gradient":""},"mobile":{"background-color":"","background-image":"","background-repeat":"repeat","background-position":"center center","background-size":"auto","background-attachment":"scroll","background-type":"","background-media":"","overlay-type":"","overlay-color":"","overlay-opacity":"","overlay-gradient":""}},"ast-content-background-meta":{"desktop":{"background-color":"var(--ast-global-color-5)","background-image":"","background-repeat":"repeat","background-position":"center center","background-size":"auto","background-attachment":"scroll","background-type":"","background-media":"","overlay-type":"","overlay-color":"","overlay-opacity":"","overlay-gradient":""},"tablet":{"background-color":"var(--ast-global-color-5)","background-image":"","background-repeat":"repeat","background-position":"center center","background-size":"auto","background-attachment":"scroll","background-type":"","background-media":"","overlay-type":"","overlay-color":"","overlay-opacity":"","overlay-gradient":""},"mobile":{"background-color":"var(--ast-global-color-5)","background-image":"","background-repeat":"repeat","background-position":"center center","background-size":"auto","background-attachment":"scroll","background-type":"","background-media":"","overlay-type":"","overlay-color":"","overlay-opacity":"","overlay-gradient":""}}},"product_brand":[],"product_cat":[2712,603,605],"product_tag":[1501,14987,1502,1503,14989,1504,1505,1506,14985,14992],"class_list":{"0":"post-309087","1":"product","2":"type-product","3":"status-publish","4":"has-post-thumbnail","6":"product_cat-danish-hu","7":"product_cat-landschaft-hu","8":"product_cat-painting-hu","9":"product_tag-art-hu","10":"product_tag-dan","11":"product_tag-gemalde-hu","12":"product_tag-kunst-hu","13":"product_tag-olajfestmeny","14":"product_tag-painting-hu","15":"product_tag-peintures-hu","16":"product_tag-pittura-hu","17":"product_tag-tajkep","18":"product_tag-vaszon","19":"desktop-align-center","20":"tablet-align-left","21":"mobile-align-left","23":"first","24":"instock","25":"taxable","26":"shipping-taxable","27":"product-type-simple"},"_links":{"self":[{"href":"https:\/\/collection.galerie-gerdes.com\/hu\/wp-json\/wp\/v2\/product\/309087","targetHints":{"allow":["GET"]}}],"collection":[{"href":"https:\/\/collection.galerie-gerdes.com\/hu\/wp-json\/wp\/v2\/product"}],"about":[{"href":"https:\/\/collection.galerie-gerdes.com\/hu\/wp-json\/wp\/v2\/types\/product"}],"wp:featuredmedia":[{"embeddable":true,"href":"https:\/\/collection.galerie-gerdes.com\/hu\/wp-json\/wp\/v2\/media\/7653"}],"wp:attachment":[{"href":"https:\/\/collection.galerie-gerdes.com\/hu\/wp-json\/wp\/v2\/media?parent=309087"}],"wp:term":[{"taxonomy":"product_brand","embeddable":true,"href":"https:\/\/collection.galerie-gerdes.com\/hu\/wp-json\/wp\/v2\/product_brand?post=309087"},{"taxonomy":"product_cat","embeddable":true,"href":"https:\/\/collection.galerie-gerdes.com\/hu\/wp-json\/wp\/v2\/product_cat?post=309087"},{"taxonomy":"product_tag","embeddable":true,"href":"https:\/\/collection.galerie-gerdes.com\/hu\/wp-json\/wp\/v2\/product_tag?post=309087"}],"curies":[{"name":"wp","href":"https:\/\/api.w.org\/{rel}","templated":true}]}}