{"id":455,"date":"2023-12-25T18:56:27","date_gmt":"2023-12-25T17:56:27","guid":{"rendered":"https:\/\/collection.galerie-gerdes.com\/?post_type=product&#038;p=455"},"modified":"2024-04-24T14:04:01","modified_gmt":"2024-04-24T12:04:01","slug":"am-chiemsee","status":"publish","type":"product","link":"https:\/\/collection.galerie-gerdes.com\/hu\/p\/am-chiemsee\/","title":{"rendered":"Am Chiemsee, 1956, Gem\u00e4lde von Michel Wagner"},"content":{"rendered":"<p>Michel Wagner wurde am 20. Dezember 1893 in Muschenried\/Oberpfalz geboren und verstarb am 3. Dezember 1965 in M\u00fcnchen. Er war ein deutscher Maler und Bildhauer, bekannt als Mitglied der Juryfreien Kunstausstellung und der Neuen Gruppe und wird der Verschollenen Generation zugerechnet.<\/p>\n<p>Als Sohn des Bauernpaares Georg und Barbara Wagner wuchs er in l\u00e4ndlicher Umgebung auf, die sp\u00e4ter oft als Motiv in seinen Werken auftauchte. Mit 15 Jahren verlie\u00df er den elterlichen Hof, um in M\u00fcnchen eine B\u00e4ckerlehre zu beginnen. Dort begann er auch erste Zeichnungen anzufertigen und schickte einige davon an Franz von Defregger, der ermutigend darauf reagierte. Im Jahr 1910 begab sich Wagner zu Fu\u00df auf den Weg von M\u00fcnchen nach Hamburg und heuerte dort auf einem Frachter an. Mit Ausbruch des Ersten Weltkriegs meldete er sich zur Kriegsmarine.<\/p>\n<p>Nach dem Krieg im Jahr 1921 entschied sich Wagner f\u00fcr ein Leben in und mit der Kunst. Er entwickelte sein autodidaktisches K\u00f6nnen weiter, indem er Sch\u00fcler von Lovis Corinth und Stanislaus St\u00fcckgold wurde. Bereits 1923 stellte er seine Werke auf der j\u00e4hrlichen Kunstausstellung im M\u00fcnchner Glaspalast aus. Eine Studienreise nach Brasilien folgte 1923\/1924, \u00fcber die die K\u00f6lnische Volkszeitung berichtete. Nach seiner R\u00fcckkehr heiratete er die Malerin Else S\u00e4ulen und lie\u00df sich in Hohensch\u00e4ftlarn bei M\u00fcnchen nieder.<\/p>\n<p>In den 1930er Jahren war Wagner besonders aktiv in der Ausstellungst\u00e4tigkeit, die jedoch nach der Macht\u00fcbernahme der Nationalsozialisten abrupt endete. Nach dem Krieg nahm er an der ersten Ausstellung zur modernen Malerei in Bayern &#8222;Maler der Gegenwart&#8221; im Schaezlerpalais in Augsburg teil. Bis 1949 wurden seine Werke in allen westlichen Besatzungszonen gezeigt. In den folgenden Jahren war er an verschiedenen Gruppenausstellungen im In- und Ausland beteiligt.<\/p>\n<p>Wagner zog 1952 mit seiner Frau nach M\u00fcnchen, wo er ein Jahr nach ihrem Tod verstarb. Sein Haus in Hohensch\u00e4ftlarn vermachte er der Deutschen K\u00fcnstlerhilfe.<\/p>\n<p>Posthum wurde Wagner mit dem Bild &#8222;Seilt\u00e4nzer&#8221; bei der Sonderausstellung &#8222;Drei Jahrzehnte Neue Gruppe&#8221; im Rahmen der Gro\u00dfen Kunstausstellung M\u00fcnchen gew\u00fcrdigt.<\/p>\n<p>Seine Werke wurden in zahlreichen Ausstellungen pr\u00e4sentiert, darunter im Glaspalast in M\u00fcnchen, in der Kunsthalle Bremen, der Berliner Secession, sowie in der St\u00e4dtischen Galerie in M\u00fcnchen. Seine Arbeiten finden sich auch in \u00f6ffentlichen Sammlungen, wie der Bayerischen Staatssammlung, der St\u00e4dtischen Galerie im Lenbachhaus, der Galerie Neue Meister in Dresden und dem Museum in Richmond, Virginia.<\/p>\n","protected":false},"excerpt":{"rendered":"<p>Michel Wagner (1893 &#8211; 1965 in M\u00fcnchen)<\/p>\n","protected":false},"featured_media":461,"template":"","meta":{"site-sidebar-layout":"default","site-content-layout":"","ast-site-content-layout":"default","site-content-style":"default","site-sidebar-style":"default","ast-global-header-display":"","ast-banner-title-visibility":"","ast-main-header-display":"","ast-hfb-above-header-display":"","ast-hfb-below-header-display":"","ast-hfb-mobile-header-display":"","site-post-title":"","ast-breadcrumbs-content":"","ast-featured-img":"","footer-sml-layout":"","ast-disable-related-posts":"","theme-transparent-header-meta":"default","adv-header-id-meta":"","stick-header-meta":"","header-above-stick-meta":"","header-main-stick-meta":"","header-below-stick-meta":"","astra-migrate-meta-layouts":"set","ast-page-background-enabled":"default","ast-page-background-meta":{"desktop":{"background-color":"var(--ast-global-color-4)","background-image":"","background-repeat":"repeat","background-position":"center center","background-size":"auto","background-attachment":"scroll","background-type":"","background-media":"","overlay-type":"","overlay-color":"","overlay-opacity":"","overlay-gradient":""},"tablet":{"background-color":"","background-image":"","background-repeat":"repeat","background-position":"center center","background-size":"auto","background-attachment":"scroll","background-type":"","background-media":"","overlay-type":"","overlay-color":"","overlay-opacity":"","overlay-gradient":""},"mobile":{"background-color":"","background-image":"","background-repeat":"repeat","background-position":"center center","background-size":"auto","background-attachment":"scroll","background-type":"","background-media":"","overlay-type":"","overlay-color":"","overlay-opacity":"","overlay-gradient":""}},"ast-content-background-meta":{"desktop":{"background-color":"var(--ast-global-color-5)","background-image":"","background-repeat":"repeat","background-position":"center center","background-size":"auto","background-attachment":"scroll","background-type":"","background-media":"","overlay-type":"","overlay-color":"","overlay-opacity":"","overlay-gradient":""},"tablet":{"background-color":"var(--ast-global-color-5)","background-image":"","background-repeat":"repeat","background-position":"center center","background-size":"auto","background-attachment":"scroll","background-type":"","background-media":"","overlay-type":"","overlay-color":"","overlay-opacity":"","overlay-gradient":""},"mobile":{"background-color":"var(--ast-global-color-5)","background-image":"","background-repeat":"repeat","background-position":"center center","background-size":"auto","background-attachment":"scroll","background-type":"","background-media":"","overlay-type":"","overlay-color":"","overlay-opacity":"","overlay-gradient":""}}},"product_brand":[],"product_cat":[25,179,158],"product_tag":[364,362,363,74,361,365],"class_list":{"0":"post-455","1":"product","2":"type-product","3":"status-publish","4":"has-post-thumbnail","6":"product_cat-deutsch","7":"product_cat-gemaelde","8":"product_cat-michel-wagner","9":"product_tag-art","10":"product_tag-gemalde","11":"product_tag-kunst","12":"product_tag-painting","13":"product_tag-peintures","14":"product_tag-pittura","15":"desktop-align-center","16":"tablet-align-left","17":"mobile-align-left","19":"first","20":"instock","21":"taxable","22":"shipping-taxable","23":"product-type-simple"},"_links":{"self":[{"href":"https:\/\/collection.galerie-gerdes.com\/hu\/wp-json\/wp\/v2\/product\/455","targetHints":{"allow":["GET"]}}],"collection":[{"href":"https:\/\/collection.galerie-gerdes.com\/hu\/wp-json\/wp\/v2\/product"}],"about":[{"href":"https:\/\/collection.galerie-gerdes.com\/hu\/wp-json\/wp\/v2\/types\/product"}],"wp:featuredmedia":[{"embeddable":true,"href":"https:\/\/collection.galerie-gerdes.com\/hu\/wp-json\/wp\/v2\/media\/461"}],"wp:attachment":[{"href":"https:\/\/collection.galerie-gerdes.com\/hu\/wp-json\/wp\/v2\/media?parent=455"}],"wp:term":[{"taxonomy":"product_brand","embeddable":true,"href":"https:\/\/collection.galerie-gerdes.com\/hu\/wp-json\/wp\/v2\/product_brand?post=455"},{"taxonomy":"product_cat","embeddable":true,"href":"https:\/\/collection.galerie-gerdes.com\/hu\/wp-json\/wp\/v2\/product_cat?post=455"},{"taxonomy":"product_tag","embeddable":true,"href":"https:\/\/collection.galerie-gerdes.com\/hu\/wp-json\/wp\/v2\/product_tag?post=455"}],"curies":[{"name":"wp","href":"https:\/\/api.w.org\/{rel}","templated":true}]}}