{"id":4832,"date":"2024-04-02T19:30:59","date_gmt":"2024-04-02T17:30:59","guid":{"rendered":"https:\/\/collection.galerie-gerdes.com\/?post_type=product&#038;p=4832"},"modified":"2024-04-24T14:01:13","modified_gmt":"2024-04-24T12:01:13","slug":"portrat-eines-niederlandischen-madchen-1909-gemalde-von-friedrich-weidig","status":"publish","type":"product","link":"https:\/\/collection.galerie-gerdes.com\/hu\/p\/portrat-eines-niederlandischen-madchen-1909-gemalde-von-friedrich-weidig\/","title":{"rendered":"Portr\u00e4t eines niederl\u00e4ndischen M\u00e4dchen 1909, Gem\u00e4lde von Friedrich WEIDIG"},"content":{"rendered":"<p>Friedrich Weidig (26. Mai 1859 in Gie\u00dfen &#8211; 28. September 1933 in M\u00fcnchen) war ein renommierter deutscher K\u00fcnstler, der sich sowohl als Maler als auch als Bildhauer einen Namen machte.<\/p>\n<p>Geboren als Sohn eines Buchhalters, absolvierte Weidig seine Ausbildung an der Kunstgewerbeschule in Frankfurt am Main unter der Anleitung von Professor Ferdinand Luthmer. Anschlie\u00dfend setzte er von 1881 bis 1885 sein Studium in der Antikenklasse der K\u00f6niglichen Kunstakademie fort, wo er von namhaften Professoren wie Alexander Str\u00e4huber, Nikolaus Gysis und Franz von Seitz unterrichtet wurde.<\/p>\n<p>Nach seinem Studium lie\u00df sich Weidig in M\u00fcnchen nieder, wo er eine bedeutende Karriere als Portr\u00e4tmaler einschlug. Seine Werke erlangten besondere Anerkennung, da sie oft im Rahmen \u00f6ffentlicher Auftr\u00e4ge entstanden. Zu seinen bekanntesten Portr\u00e4ts z\u00e4hlen die Darstellungen von Pers\u00f6nlichkeiten wie Prinzregent Luitpold von Bayern (1911), Otto von Bismarck, Paul von Hindenburg, Adolf Hitler und Theodor Mommsen. Weidig zeigte dabei eine besondere F\u00e4higkeit, \u00e4ltere Portr\u00e4ts als Vorlagen zu nutzen und sie in seinen eigenen Werken zu interpretieren; beispielsweise orientierte er sich bei seinem Bildnis Bismarcks an einer Arbeit von Franz von Lenbach.<\/p>\n","protected":false},"excerpt":{"rendered":"<p>Friedrich WEIDIG (1859-1933)<\/p>\n","protected":false},"featured_media":4834,"template":"","meta":{"site-sidebar-layout":"default","site-content-layout":"","ast-site-content-layout":"default","site-content-style":"default","site-sidebar-style":"default","ast-global-header-display":"","ast-banner-title-visibility":"","ast-main-header-display":"","ast-hfb-above-header-display":"","ast-hfb-below-header-display":"","ast-hfb-mobile-header-display":"","site-post-title":"","ast-breadcrumbs-content":"","ast-featured-img":"","footer-sml-layout":"","ast-disable-related-posts":"","theme-transparent-header-meta":"default","adv-header-id-meta":"","stick-header-meta":"","header-above-stick-meta":"","header-main-stick-meta":"","header-below-stick-meta":"","astra-migrate-meta-layouts":"set","ast-page-background-enabled":"default","ast-page-background-meta":{"desktop":{"background-color":"var(--ast-global-color-4)","background-image":"","background-repeat":"repeat","background-position":"center center","background-size":"auto","background-attachment":"scroll","background-type":"","background-media":"","overlay-type":"","overlay-color":"","overlay-opacity":"","overlay-gradient":""},"tablet":{"background-color":"","background-image":"","background-repeat":"repeat","background-position":"center center","background-size":"auto","background-attachment":"scroll","background-type":"","background-media":"","overlay-type":"","overlay-color":"","overlay-opacity":"","overlay-gradient":""},"mobile":{"background-color":"","background-image":"","background-repeat":"repeat","background-position":"center center","background-size":"auto","background-attachment":"scroll","background-type":"","background-media":"","overlay-type":"","overlay-color":"","overlay-opacity":"","overlay-gradient":""}},"ast-content-background-meta":{"desktop":{"background-color":"var(--ast-global-color-5)","background-image":"","background-repeat":"repeat","background-position":"center center","background-size":"auto","background-attachment":"scroll","background-type":"","background-media":"","overlay-type":"","overlay-color":"","overlay-opacity":"","overlay-gradient":""},"tablet":{"background-color":"var(--ast-global-color-5)","background-image":"","background-repeat":"repeat","background-position":"center center","background-size":"auto","background-attachment":"scroll","background-type":"","background-media":"","overlay-type":"","overlay-color":"","overlay-opacity":"","overlay-gradient":""},"mobile":{"background-color":"var(--ast-global-color-5)","background-image":"","background-repeat":"repeat","background-position":"center center","background-size":"auto","background-attachment":"scroll","background-type":"","background-media":"","overlay-type":"","overlay-color":"","overlay-opacity":"","overlay-gradient":""}}},"product_brand":[],"product_cat":[52,25,303,179,267],"product_tag":[364,362,363,74,361,365],"class_list":{"0":"post-4832","1":"product","2":"type-product","3":"status-publish","4":"has-post-thumbnail","6":"product_cat-20th-century","7":"product_cat-deutsch","8":"product_cat-friedrich-weidig","9":"product_cat-gemaelde","10":"product_cat-oelgemaelde","11":"product_tag-art","12":"product_tag-gemalde","13":"product_tag-kunst","14":"product_tag-painting","15":"product_tag-peintures","16":"product_tag-pittura","17":"desktop-align-center","18":"tablet-align-left","19":"mobile-align-left","21":"first","22":"instock","23":"taxable","24":"shipping-taxable","25":"product-type-simple"},"_links":{"self":[{"href":"https:\/\/collection.galerie-gerdes.com\/hu\/wp-json\/wp\/v2\/product\/4832","targetHints":{"allow":["GET"]}}],"collection":[{"href":"https:\/\/collection.galerie-gerdes.com\/hu\/wp-json\/wp\/v2\/product"}],"about":[{"href":"https:\/\/collection.galerie-gerdes.com\/hu\/wp-json\/wp\/v2\/types\/product"}],"wp:featuredmedia":[{"embeddable":true,"href":"https:\/\/collection.galerie-gerdes.com\/hu\/wp-json\/wp\/v2\/media\/4834"}],"wp:attachment":[{"href":"https:\/\/collection.galerie-gerdes.com\/hu\/wp-json\/wp\/v2\/media?parent=4832"}],"wp:term":[{"taxonomy":"product_brand","embeddable":true,"href":"https:\/\/collection.galerie-gerdes.com\/hu\/wp-json\/wp\/v2\/product_brand?post=4832"},{"taxonomy":"product_cat","embeddable":true,"href":"https:\/\/collection.galerie-gerdes.com\/hu\/wp-json\/wp\/v2\/product_cat?post=4832"},{"taxonomy":"product_tag","embeddable":true,"href":"https:\/\/collection.galerie-gerdes.com\/hu\/wp-json\/wp\/v2\/product_tag?post=4832"}],"curies":[{"name":"wp","href":"https:\/\/api.w.org\/{rel}","templated":true}]}}