{"id":4926,"date":"2024-04-05T10:04:46","date_gmt":"2024-04-05T08:04:46","guid":{"rendered":"https:\/\/collection.galerie-gerdes.com\/?post_type=product&#038;p=4926"},"modified":"2024-09-16T12:08:31","modified_gmt":"2024-09-16T10:08:31","slug":"der-gefallene-adonis-gemalde-von-jacopo-amigoni","status":"publish","type":"product","link":"https:\/\/collection.galerie-gerdes.com\/hu\/p\/der-gefallene-adonis-gemalde-von-jacopo-amigoni\/","title":{"rendered":"Der gefallene Adonis, Gem\u00e4lde von Jacopo Amigoni"},"content":{"rendered":"<p>Jacopo Amigoni, (1682-1752) Maler des venezianischen Rokoko<\/p>\n<p>Jacopo Amigoni, auch unter verschiedenen Namen wie Giacomo Amiconi, Jakob Amigoni und Santiago Amiconi bekannt, wurde 1682 in Neapel geboren und verstarb am 21. oder 22. August 1752 in Madrid. Sein k\u00fcnstlerisches Schaffen erstreckte sich \u00fcber eine breite Palette, einschlie\u00dflich der Malerei, Freskenmalerei, Zeichnungen und Kupferstiche, und bewegte sich in den Stilen des Sp\u00e4tbarocks und des Rokoko.<\/p>\n<p>Er wird als Teil der venezianischen Schule der Malerei betrachtet und z\u00e4hlt gemeinsam mit Sebastiano Ricci und Giovanni Antonio Pellegrini zu den Pionieren des Rokoko. Dank seiner T\u00e4tigkeit in vielen Teilen Europas spielte Amigoni eine herausragende Rolle bei der Verbreitung dieses neuen k\u00fcnstlerischen Stils.<\/p>\n<p>Besonders hervorzuheben ist Amigonis Rolle als Portr\u00e4tmaler im Italien des fr\u00fchen 18. Jahrhunderts. Vor allem seine Werke, die er vor 1730 in Deutschland schuf und seine Beteiligung an der Gestaltung von Fresken hatten einen erheblichen Einfluss auf die Entwicklung des s\u00fcddeutschen Rokoko und pr\u00e4gten K\u00fcnstler wie Johann Baptist Zimmermann, Franz Joseph Spiegler und Franz Anton Erler.<\/p>\n<p>Amigonis Stil entwickelte sich im Laufe der Zeit von einem sp\u00e4tbarocken Idiom mit einer reichen und lebhaften Farbpalette hin zu einem leichteren Rokoko-Stil, gekennzeichnet durch subtilere, zartere und tendenziell k\u00fchlere Farbt\u00f6ne. Seine Pinselstriche waren flie\u00dfend, sanft und locker, und er sch\u00f6pfte haupts\u00e4chlich aus den Traditionen der venezianischen Malerei, wobei der Einfluss von Antonio Bellucci in der Modellierung der Figuren besonders deutlich wurde.<\/p>\n<p>In seinen Aktenbildern wurden die Figuren, klassisch inspiriert, idealisiert und die K\u00f6rper zeichneten sich durch eine glatte Modellierung und weiche Konturen aus. Die \u00dcberg\u00e4nge zwischen den nackten Partien der K\u00f6rper, einschlie\u00dflich der Arme und Dekollet\u00e9s in Portr\u00e4ts, waren oft verschwommen und schienen mit der Umgebung zu verschmelzen. Dies galt insbesondere f\u00fcr die Darstellung weiblicher Figuren. In seinen Fresken wirkten die Figuren nach Schlei\u00dfheim weniger dramatisch und stattdessen in einer lockeren und entspannten Haltung arrangiert.<\/p>\n<p>Mit der Zeit, besonders nach seiner R\u00fcckkehr nach Italien im Jahr 1739, zeigte sein Stil eine leichte Neigung zum Klassizismus mit schlichteren Figurenkompositionen und einer helleren, k\u00fchleren Farbpalette. Dennoch blieb Amigonis Malerei im Vergleich zu Tiepolo weicher und zur\u00fcckhaltender, obwohl er hier und da von seinem j\u00fcngeren Kollegen inspiriert wurde.<\/p>\n","protected":false},"excerpt":{"rendered":"<p>Jacopo Amigoni, (1682-1752)<\/p>\n","protected":false},"featured_media":4927,"template":"","meta":{"site-sidebar-layout":"default","site-content-layout":"","ast-site-content-layout":"default","site-content-style":"default","site-sidebar-style":"default","ast-global-header-display":"","ast-banner-title-visibility":"","ast-main-header-display":"","ast-hfb-above-header-display":"","ast-hfb-below-header-display":"","ast-hfb-mobile-header-display":"","site-post-title":"","ast-breadcrumbs-content":"","ast-featured-img":"","footer-sml-layout":"","ast-disable-related-posts":"","theme-transparent-header-meta":"default","adv-header-id-meta":"","stick-header-meta":"","header-above-stick-meta":"","header-main-stick-meta":"","header-below-stick-meta":"","astra-migrate-meta-layouts":"set","ast-page-background-enabled":"default","ast-page-background-meta":{"desktop":{"background-color":"var(--ast-global-color-4)","background-image":"","background-repeat":"repeat","background-position":"center center","background-size":"auto","background-attachment":"scroll","background-type":"","background-media":"","overlay-type":"","overlay-color":"","overlay-opacity":"","overlay-gradient":""},"tablet":{"background-color":"","background-image":"","background-repeat":"repeat","background-position":"center center","background-size":"auto","background-attachment":"scroll","background-type":"","background-media":"","overlay-type":"","overlay-color":"","overlay-opacity":"","overlay-gradient":""},"mobile":{"background-color":"","background-image":"","background-repeat":"repeat","background-position":"center center","background-size":"auto","background-attachment":"scroll","background-type":"","background-media":"","overlay-type":"","overlay-color":"","overlay-opacity":"","overlay-gradient":""}},"ast-content-background-meta":{"desktop":{"background-color":"var(--ast-global-color-5)","background-image":"","background-repeat":"repeat","background-position":"center center","background-size":"auto","background-attachment":"scroll","background-type":"","background-media":"","overlay-type":"","overlay-color":"","overlay-opacity":"","overlay-gradient":""},"tablet":{"background-color":"var(--ast-global-color-5)","background-image":"","background-repeat":"repeat","background-position":"center center","background-size":"auto","background-attachment":"scroll","background-type":"","background-media":"","overlay-type":"","overlay-color":"","overlay-opacity":"","overlay-gradient":""},"mobile":{"background-color":"var(--ast-global-color-5)","background-image":"","background-repeat":"repeat","background-position":"center center","background-size":"auto","background-attachment":"scroll","background-type":"","background-media":"","overlay-type":"","overlay-color":"","overlay-opacity":"","overlay-gradient":""}}},"product_brand":[],"product_cat":[54,179,43,311,267],"product_tag":[364,362,363,74,361,365,14383,14382],"class_list":{"0":"post-4926","1":"product","2":"type-product","3":"status-publish","4":"has-post-thumbnail","6":"product_cat-18th-century","7":"product_cat-gemaelde","8":"product_cat-italienisch","9":"product_cat-jacopo-amigoni","10":"product_cat-oelgemaelde","11":"product_tag-art","12":"product_tag-gemalde","13":"product_tag-kunst","14":"product_tag-painting","15":"product_tag-peintures","16":"product_tag-pittura","17":"product_tag-sehr-gross","18":"product_tag-speditionsversand","19":"desktop-align-center","20":"tablet-align-left","21":"mobile-align-left","23":"first","24":"instock","25":"taxable","26":"shipping-taxable","27":"product-type-simple"},"_links":{"self":[{"href":"https:\/\/collection.galerie-gerdes.com\/hu\/wp-json\/wp\/v2\/product\/4926","targetHints":{"allow":["GET"]}}],"collection":[{"href":"https:\/\/collection.galerie-gerdes.com\/hu\/wp-json\/wp\/v2\/product"}],"about":[{"href":"https:\/\/collection.galerie-gerdes.com\/hu\/wp-json\/wp\/v2\/types\/product"}],"wp:featuredmedia":[{"embeddable":true,"href":"https:\/\/collection.galerie-gerdes.com\/hu\/wp-json\/wp\/v2\/media\/4927"}],"wp:attachment":[{"href":"https:\/\/collection.galerie-gerdes.com\/hu\/wp-json\/wp\/v2\/media?parent=4926"}],"wp:term":[{"taxonomy":"product_brand","embeddable":true,"href":"https:\/\/collection.galerie-gerdes.com\/hu\/wp-json\/wp\/v2\/product_brand?post=4926"},{"taxonomy":"product_cat","embeddable":true,"href":"https:\/\/collection.galerie-gerdes.com\/hu\/wp-json\/wp\/v2\/product_cat?post=4926"},{"taxonomy":"product_tag","embeddable":true,"href":"https:\/\/collection.galerie-gerdes.com\/hu\/wp-json\/wp\/v2\/product_tag?post=4926"}],"curies":[{"name":"wp","href":"https:\/\/api.w.org\/{rel}","templated":true}]}}