{"id":5699,"date":"2024-04-21T16:44:27","date_gmt":"2024-04-21T14:44:27","guid":{"rendered":"https:\/\/collection.galerie-gerdes.com\/?post_type=product&#038;p=5699"},"modified":"2024-08-28T09:36:55","modified_gmt":"2024-08-28T07:36:55","slug":"kreuzigung-mit-engeln-relief-von-franz-weiss","status":"publish","type":"product","link":"https:\/\/collection.galerie-gerdes.com\/hu\/p\/kreuzigung-mit-engeln-relief-von-franz-weiss\/","title":{"rendered":"Kreuzigung mit Engeln, Relief-Platte\/Entwurf von Franz Wei\u00df, Kempten"},"content":{"rendered":"<div class=\"flex max-w-full flex-col flex-grow\">\n<div class=\"min-h-[20px] text-message flex w-full flex-col items-end gap-2 break-words [.text-message+&amp;]:mt-5 overflow-x-auto whitespace-normal\" dir=\"auto\" data-message-author-role=\"assistant\" data-message-id=\"318a1be4-04ce-4134-81fe-65676d175f00\">\n<div class=\"flex w-full flex-col gap-1 empty:hidden first:pt-[3px]\">\n<div class=\"markdown prose w-full break-words dark:prose-invert dark\">\n<div class=\"flex max-w-full flex-col flex-grow\">\n<div class=\"min-h-[20px] text-message flex w-full flex-col items-end gap-2 break-words [.text-message+&amp;]:mt-5 overflow-x-auto whitespace-normal\" dir=\"auto\" data-message-author-role=\"assistant\" data-message-id=\"318a1be4-04ce-4134-81fe-65676d175f00\">\n<div class=\"flex w-full flex-col gap-1 empty:hidden first:pt-[3px]\">\n<div class=\"markdown prose w-full break-words dark:prose-invert dark\">\n<p>Franz Wei\u00df (* 5. Mai 1903 in M\u00fcnchen; \u2020 1. Juni 1981 in Kempten (Allg\u00e4u)) war ein Maler, der sich vor allem im Allg\u00e4u und in M\u00fcnchen einen Namen machte. Neben seiner T\u00e4tigkeit als Maler war er auch als Fassaden- und Innengestalter aktiv, entwarf plastische Dekorationen und Werbegrafiken.<\/p>\n<p>Nach seinem Studium und ersten Arbeiten in M\u00fcnchen zog Franz Wei\u00df 1923 nach Kempten, behielt jedoch lange Zeit ein Atelier in M\u00fcnchen. In den Jahren 1939 bis 1944 nahm er mit sieben \u00d6lgem\u00e4lden an der Gro\u00dfen Deutschen Kunstausstellung teil. Diese Werke verkaufte er jeweils f\u00fcr 6.000 bis 10.000 Reichsmark, darunter an prominente Nationalsozialisten wie Adolf Hitler, Hermann Esser und Hermann Giesler.<\/p>\n<p>In den sp\u00e4ten 1940er Jahren entwarf Wei\u00df f\u00fcr das Allg\u00e4uer Brauhaus ein Etikett, das einen typischen Allg\u00e4uer Bub in Lederhose zeigt, der Bier im Steinkrug heimtr\u00e4gt. Dieses Etikett pr\u00e4gt seit 1950 die Marke Allg\u00e4uer B\u00fcble und ist auch heute noch auf Bierdeckeln, Plakaten und Gasthausschildern der Brauerei zu sehen. Ab Ende der 1940er Jahre gestaltete er auch Plakate f\u00fcr die Allg\u00e4uer Festwoche.<\/p>\n<p>Franz Wei\u00df pr\u00e4gte das Stadtbild von Kempten und anderen St\u00e4dten wie Bad W\u00f6rishofen und F\u00fcssen durch seine Fassadenmalereien. In Kempten sind noch viele seiner Werke an verschiedenen H\u00e4usern sichtbar, darunter Neubauten in der Bahnhofstra\u00dfe, am Hildegardplatz, in der Gerberstra\u00dfe, der B\u00e4ckerstra\u00dfe und am Schumacherring. Zu seinen bemerkenswerten Arbeiten geh\u00f6rt das Bild der Sieben Schwaben am Schwabenweg und das Portr\u00e4t von Heinrich von Kempten am Kemptener Rathaus. In der Lindenbergschule gestaltete er das Atrium mit Szenen aus dem r\u00f6mischen Kempten und auch das M\u00fc\u00dfiggengelzunfthaus wurde von ihm ausgemalt. 1954 war er an der Innenrenovierung und Neugestaltung des Stadttheaters Kempten beteiligt, einschlie\u00dflich der aufwendigen Deckenrosette und der \u00dcbermalung des Theatervorhangs mit dem Tanz der Musen von Franz Sales Lochbihler. Auch der Kornhaussaal wurde von ihm gestaltet.<\/p>\n<p>Neben Kempten war er auch in M\u00fcnchen, Wangen, F\u00fcssen, Immenstadt und Bad W\u00f6rishofen t\u00e4tig. Franz Wei\u00df starb 1981 in Kempten. Bis kurz vor seinem Tod war er k\u00fcnstlerisch aktiv und bildete viele Lehrlinge aus, die selbst in der Kunst oder als Restauratoren t\u00e4tig wurden, darunter der Maler und Karikaturist Manfred K\u00fcchle.<\/p>\n<p>Die Stadt Kempten ehrte Franz Wei\u00df durch die Benennung einer Stra\u00dfe im Stadtteil Rothkreuz nach ihm.<\/p>\n<\/div>\n<\/div>\n<\/div>\n<\/div>\n<\/div>\n<\/div>\n<\/div>\n<\/div>\n","protected":false},"excerpt":{"rendered":"<p>Franz Weiss (1903 &#8211; 1981)<\/p>\n","protected":false},"featured_media":5758,"template":"","meta":{"site-sidebar-layout":"default","site-content-layout":"","ast-site-content-layout":"default","site-content-style":"default","site-sidebar-style":"default","ast-global-header-display":"","ast-banner-title-visibility":"","ast-main-header-display":"","ast-hfb-above-header-display":"","ast-hfb-below-header-display":"","ast-hfb-mobile-header-display":"","site-post-title":"","ast-breadcrumbs-content":"","ast-featured-img":"","footer-sml-layout":"","ast-disable-related-posts":"","theme-transparent-header-meta":"default","adv-header-id-meta":"","stick-header-meta":"","header-above-stick-meta":"","header-main-stick-meta":"","header-below-stick-meta":"","astra-migrate-meta-layouts":"set","ast-page-background-enabled":"default","ast-page-background-meta":{"desktop":{"background-color":"var(--ast-global-color-4)","background-image":"","background-repeat":"repeat","background-position":"center center","background-size":"auto","background-attachment":"scroll","background-type":"","background-media":"","overlay-type":"","overlay-color":"","overlay-opacity":"","overlay-gradient":""},"tablet":{"background-color":"","background-image":"","background-repeat":"repeat","background-position":"center center","background-size":"auto","background-attachment":"scroll","background-type":"","background-media":"","overlay-type":"","overlay-color":"","overlay-opacity":"","overlay-gradient":""},"mobile":{"background-color":"","background-image":"","background-repeat":"repeat","background-position":"center center","background-size":"auto","background-attachment":"scroll","background-type":"","background-media":"","overlay-type":"","overlay-color":"","overlay-opacity":"","overlay-gradient":""}},"ast-content-background-meta":{"desktop":{"background-color":"var(--ast-global-color-5)","background-image":"","background-repeat":"repeat","background-position":"center center","background-size":"auto","background-attachment":"scroll","background-type":"","background-media":"","overlay-type":"","overlay-color":"","overlay-opacity":"","overlay-gradient":""},"tablet":{"background-color":"var(--ast-global-color-5)","background-image":"","background-repeat":"repeat","background-position":"center center","background-size":"auto","background-attachment":"scroll","background-type":"","background-media":"","overlay-type":"","overlay-color":"","overlay-opacity":"","overlay-gradient":""},"mobile":{"background-color":"var(--ast-global-color-5)","background-image":"","background-repeat":"repeat","background-position":"center center","background-size":"auto","background-attachment":"scroll","background-type":"","background-media":"","overlay-type":"","overlay-color":"","overlay-opacity":"","overlay-gradient":""}}},"product_brand":[],"product_cat":[52,351,179,266],"product_tag":[364,362,363,74,361,365],"class_list":{"0":"post-5699","1":"product","2":"type-product","3":"status-publish","4":"has-post-thumbnail","6":"product_cat-20th-century","7":"product_cat-franz-weiss","8":"product_cat-gemaelde","9":"product_cat-zeichnung","10":"product_tag-art","11":"product_tag-gemalde","12":"product_tag-kunst","13":"product_tag-painting","14":"product_tag-peintures","15":"product_tag-pittura","16":"desktop-align-center","17":"tablet-align-left","18":"mobile-align-left","20":"first","21":"instock","22":"taxable","23":"shipping-taxable","24":"product-type-simple"},"_links":{"self":[{"href":"https:\/\/collection.galerie-gerdes.com\/hu\/wp-json\/wp\/v2\/product\/5699","targetHints":{"allow":["GET"]}}],"collection":[{"href":"https:\/\/collection.galerie-gerdes.com\/hu\/wp-json\/wp\/v2\/product"}],"about":[{"href":"https:\/\/collection.galerie-gerdes.com\/hu\/wp-json\/wp\/v2\/types\/product"}],"wp:featuredmedia":[{"embeddable":true,"href":"https:\/\/collection.galerie-gerdes.com\/hu\/wp-json\/wp\/v2\/media\/5758"}],"wp:attachment":[{"href":"https:\/\/collection.galerie-gerdes.com\/hu\/wp-json\/wp\/v2\/media?parent=5699"}],"wp:term":[{"taxonomy":"product_brand","embeddable":true,"href":"https:\/\/collection.galerie-gerdes.com\/hu\/wp-json\/wp\/v2\/product_brand?post=5699"},{"taxonomy":"product_cat","embeddable":true,"href":"https:\/\/collection.galerie-gerdes.com\/hu\/wp-json\/wp\/v2\/product_cat?post=5699"},{"taxonomy":"product_tag","embeddable":true,"href":"https:\/\/collection.galerie-gerdes.com\/hu\/wp-json\/wp\/v2\/product_tag?post=5699"}],"curies":[{"name":"wp","href":"https:\/\/api.w.org\/{rel}","templated":true}]}}