{"id":217753,"date":"2024-08-05T18:34:19","date_gmt":"2024-08-05T16:34:19","guid":{"rendered":"https:\/\/www.collection.galerie-gerdes.com\/?post_type=product&#038;p=217753"},"modified":"2024-09-16T12:00:21","modified_gmt":"2024-09-16T10:00:21","slug":"belvedere-garten-im-sommer-mit-salesianerkloster-gemaelde-von-anton-hans-karlinsky","status":"publish","type":"product","link":"https:\/\/collection.galerie-gerdes.com\/id\/p\/belvedere-garten-im-sommer-mit-salesianerkloster-gemaelde-von-anton-hans-karlinsky\/","title":{"rendered":"Belvedere-Garten im Sommer mit Salesianerkloster | Gem\u00e4lde von Anton Hans Karlinsky"},"content":{"rendered":"<p>Anton Hans Karlinsky (* 4. Mai 1872 in Wien; \u2020 19. M\u00e4rz 1945 in Rossatz) war ein \u00f6sterreichischer Maler, bekannt f\u00fcr seine Landschafts- und Portr\u00e4tmalerei.<\/p>\n<p>Karlinsky absolvierte seine k\u00fcnstlerische Ausbildung an der Wiener Akademie von 1887 bis 1894, wo er unter der Anleitung von Julius Victor Berger und Eduard Peithner von Lichtenfels studierte. Seine k\u00fcnstlerischen F\u00e4higkeiten vertiefte er durch Studienreisen nach Deutschland, Holland und Italien. Zeitweise lebte er in einer K\u00fcnstlerkolonie in Fahrafeld und war Mitglied der Genossenschaft bildender K\u00fcnstler in Wien.<\/p>\n<p>Im Zuge des Ersten Weltkriegs wurde Karlinsky als Leutnant der Reserve im August 1914 in den Aktivstand versetzt und diente an der Karpatenfront, wo er die ersten drei Kriegsjahre ohne Unterbrechung verbrachte. Im Juli 1917 wechselte er in das k.u.k. Kriegspressequartier, wo er der Kunstgruppe zugeteilt wurde und an der russischen Front k\u00fcnstlerisch t\u00e4tig war. In den letzten Kriegsjahren 1918 f\u00fchrte ihn sein Weg nach Albanien und Montenegro, wo er ebenfalls im Rahmen seiner k\u00fcnstlerischen T\u00e4tigkeit arbeitete.<\/p>\n","protected":false},"excerpt":{"rendered":"<p>Anton Karlinsky (1872-1945)<br \/>\nSollte gereinigt werden.<\/p>\n","protected":false},"featured_media":217788,"template":"","meta":{"site-sidebar-layout":"default","site-content-layout":"","ast-site-content-layout":"default","site-content-style":"default","site-sidebar-style":"default","ast-global-header-display":"","ast-banner-title-visibility":"","ast-main-header-display":"","ast-hfb-above-header-display":"","ast-hfb-below-header-display":"","ast-hfb-mobile-header-display":"","site-post-title":"","ast-breadcrumbs-content":"","ast-featured-img":"","footer-sml-layout":"","ast-disable-related-posts":"","theme-transparent-header-meta":"default","adv-header-id-meta":"","stick-header-meta":"","header-above-stick-meta":"","header-main-stick-meta":"","header-below-stick-meta":"","astra-migrate-meta-layouts":"set","ast-page-background-enabled":"default","ast-page-background-meta":{"desktop":{"background-color":"var(--ast-global-color-4)","background-image":"","background-repeat":"repeat","background-position":"center center","background-size":"auto","background-attachment":"scroll","background-type":"","background-media":"","overlay-type":"","overlay-color":"","overlay-opacity":"","overlay-gradient":""},"tablet":{"background-color":"","background-image":"","background-repeat":"repeat","background-position":"center center","background-size":"auto","background-attachment":"scroll","background-type":"","background-media":"","overlay-type":"","overlay-color":"","overlay-opacity":"","overlay-gradient":""},"mobile":{"background-color":"","background-image":"","background-repeat":"repeat","background-position":"center center","background-size":"auto","background-attachment":"scroll","background-type":"","background-media":"","overlay-type":"","overlay-color":"","overlay-opacity":"","overlay-gradient":""}},"ast-content-background-meta":{"desktop":{"background-color":"var(--ast-global-color-5)","background-image":"","background-repeat":"repeat","background-position":"center center","background-size":"auto","background-attachment":"scroll","background-type":"","background-media":"","overlay-type":"","overlay-color":"","overlay-opacity":"","overlay-gradient":""},"tablet":{"background-color":"var(--ast-global-color-5)","background-image":"","background-repeat":"repeat","background-position":"center center","background-size":"auto","background-attachment":"scroll","background-type":"","background-media":"","overlay-type":"","overlay-color":"","overlay-opacity":"","overlay-gradient":""},"mobile":{"background-color":"var(--ast-global-color-5)","background-image":"","background-repeat":"repeat","background-position":"center center","background-size":"auto","background-attachment":"scroll","background-type":"","background-media":"","overlay-type":"","overlay-color":"","overlay-opacity":"","overlay-gradient":""}}},"product_brand":[],"product_cat":[15,14321],"product_tag":[14383,14382],"class_list":{"0":"post-217753","1":"product","2":"type-product","3":"status-publish","4":"has-post-thumbnail","6":"product_cat-oesterreichisch","7":"product_cat-anton-karlinsky","8":"product_tag-sehr-gross","9":"product_tag-speditionsversand","10":"desktop-align-center","11":"tablet-align-left","12":"mobile-align-left","14":"first","15":"instock","16":"taxable","17":"shipping-taxable","18":"product-type-simple"},"_links":{"self":[{"href":"https:\/\/collection.galerie-gerdes.com\/id\/wp-json\/wp\/v2\/product\/217753","targetHints":{"allow":["GET"]}}],"collection":[{"href":"https:\/\/collection.galerie-gerdes.com\/id\/wp-json\/wp\/v2\/product"}],"about":[{"href":"https:\/\/collection.galerie-gerdes.com\/id\/wp-json\/wp\/v2\/types\/product"}],"wp:featuredmedia":[{"embeddable":true,"href":"https:\/\/collection.galerie-gerdes.com\/id\/wp-json\/wp\/v2\/media\/217788"}],"wp:attachment":[{"href":"https:\/\/collection.galerie-gerdes.com\/id\/wp-json\/wp\/v2\/media?parent=217753"}],"wp:term":[{"taxonomy":"product_brand","embeddable":true,"href":"https:\/\/collection.galerie-gerdes.com\/id\/wp-json\/wp\/v2\/product_brand?post=217753"},{"taxonomy":"product_cat","embeddable":true,"href":"https:\/\/collection.galerie-gerdes.com\/id\/wp-json\/wp\/v2\/product_cat?post=217753"},{"taxonomy":"product_tag","embeddable":true,"href":"https:\/\/collection.galerie-gerdes.com\/id\/wp-json\/wp\/v2\/product_tag?post=217753"}],"curies":[{"name":"wp","href":"https:\/\/api.w.org\/{rel}","templated":true}]}}