{"id":225247,"date":"2024-08-24T00:04:41","date_gmt":"2024-08-23T22:04:41","guid":{"rendered":"https:\/\/www.collection.galerie-gerdes.com\/?post_type=product&#038;p=225247"},"modified":"2024-09-03T21:01:37","modified_gmt":"2024-09-03T19:01:37","slug":"lebendige-waldansicht-gemaelde-von-heinrich-justus-koenig","status":"publish","type":"product","link":"https:\/\/collection.galerie-gerdes.com\/id\/p\/lebendige-waldansicht-gemaelde-von-heinrich-justus-koenig\/","title":{"rendered":"Lebendige Waldansicht | Gem\u00e4lde von Heinrich Justus K\u00f6nig"},"content":{"rendered":"<p>Heinrich Justus K\u00f6nig, auch Koenig (* 1862 in Elberfeld; \u2020 1936 in D\u00fcsseldorf), war ein deutscher Historien-, Tier- und Landschaftsmaler der D\u00fcsseldorfer Schule. Im Schuljahr 1881\/1882 begann er sein Studium an der Kunstakademie D\u00fcsseldorf in der Elementarklasse bei Heinrich Lauenstein. Von 1884 bis 1888 setzte er seine Ausbildung als Privatsch\u00fcler bei Albert Baur dem \u00c4lteren fort. Zwischen 1891 und 1894 lebte und arbeitete K\u00f6nig in Paris, kehrte anschlie\u00dfend nach D\u00fcsseldorf zur\u00fcck, wo er Mitglied des K\u00fcnstlervereins Malkasten war.<\/p>\n","protected":false},"excerpt":{"rendered":"<p>Heinrich Justus K\u00f6nig (1862-1936)<br \/>\nLeinwand stark gew\u00f6lbt<\/p>\n","protected":false},"featured_media":226484,"template":"","meta":{"site-sidebar-layout":"default","site-content-layout":"","ast-site-content-layout":"default","site-content-style":"default","site-sidebar-style":"default","ast-global-header-display":"","ast-banner-title-visibility":"","ast-main-header-display":"","ast-hfb-above-header-display":"","ast-hfb-below-header-display":"","ast-hfb-mobile-header-display":"","site-post-title":"","ast-breadcrumbs-content":"","ast-featured-img":"","footer-sml-layout":"","ast-disable-related-posts":"","theme-transparent-header-meta":"default","adv-header-id-meta":"","stick-header-meta":"","header-above-stick-meta":"","header-main-stick-meta":"","header-below-stick-meta":"","astra-migrate-meta-layouts":"set","ast-page-background-enabled":"default","ast-page-background-meta":{"desktop":{"background-color":"var(--ast-global-color-4)","background-image":"","background-repeat":"repeat","background-position":"center center","background-size":"auto","background-attachment":"scroll","background-type":"","background-media":"","overlay-type":"","overlay-color":"","overlay-opacity":"","overlay-gradient":""},"tablet":{"background-color":"","background-image":"","background-repeat":"repeat","background-position":"center center","background-size":"auto","background-attachment":"scroll","background-type":"","background-media":"","overlay-type":"","overlay-color":"","overlay-opacity":"","overlay-gradient":""},"mobile":{"background-color":"","background-image":"","background-repeat":"repeat","background-position":"center center","background-size":"auto","background-attachment":"scroll","background-type":"","background-media":"","overlay-type":"","overlay-color":"","overlay-opacity":"","overlay-gradient":""}},"ast-content-background-meta":{"desktop":{"background-color":"var(--ast-global-color-5)","background-image":"","background-repeat":"repeat","background-position":"center center","background-size":"auto","background-attachment":"scroll","background-type":"","background-media":"","overlay-type":"","overlay-color":"","overlay-opacity":"","overlay-gradient":""},"tablet":{"background-color":"var(--ast-global-color-5)","background-image":"","background-repeat":"repeat","background-position":"center center","background-size":"auto","background-attachment":"scroll","background-type":"","background-media":"","overlay-type":"","overlay-color":"","overlay-opacity":"","overlay-gradient":""},"mobile":{"background-color":"var(--ast-global-color-5)","background-image":"","background-repeat":"repeat","background-position":"center center","background-size":"auto","background-attachment":"scroll","background-type":"","background-media":"","overlay-type":"","overlay-color":"","overlay-opacity":"","overlay-gradient":""}}},"product_brand":[],"product_cat":[14350],"product_tag":[],"class_list":{"0":"post-225247","1":"product","2":"type-product","3":"status-publish","4":"has-post-thumbnail","6":"product_cat-heinrich-justus-koenig","7":"desktop-align-center","8":"tablet-align-left","9":"mobile-align-left","11":"first","12":"instock","13":"taxable","14":"shipping-taxable","15":"product-type-simple"},"_links":{"self":[{"href":"https:\/\/collection.galerie-gerdes.com\/id\/wp-json\/wp\/v2\/product\/225247","targetHints":{"allow":["GET"]}}],"collection":[{"href":"https:\/\/collection.galerie-gerdes.com\/id\/wp-json\/wp\/v2\/product"}],"about":[{"href":"https:\/\/collection.galerie-gerdes.com\/id\/wp-json\/wp\/v2\/types\/product"}],"wp:featuredmedia":[{"embeddable":true,"href":"https:\/\/collection.galerie-gerdes.com\/id\/wp-json\/wp\/v2\/media\/226484"}],"wp:attachment":[{"href":"https:\/\/collection.galerie-gerdes.com\/id\/wp-json\/wp\/v2\/media?parent=225247"}],"wp:term":[{"taxonomy":"product_brand","embeddable":true,"href":"https:\/\/collection.galerie-gerdes.com\/id\/wp-json\/wp\/v2\/product_brand?post=225247"},{"taxonomy":"product_cat","embeddable":true,"href":"https:\/\/collection.galerie-gerdes.com\/id\/wp-json\/wp\/v2\/product_cat?post=225247"},{"taxonomy":"product_tag","embeddable":true,"href":"https:\/\/collection.galerie-gerdes.com\/id\/wp-json\/wp\/v2\/product_tag?post=225247"}],"curies":[{"name":"wp","href":"https:\/\/api.w.org\/{rel}","templated":true}]}}