{"id":249033,"date":"2024-10-22T23:27:15","date_gmt":"2024-10-22T21:27:15","guid":{"rendered":"https:\/\/www.collection.galerie-gerdes.com\/?post_type=product&#038;p=249033"},"modified":"2024-10-29T17:42:31","modified_gmt":"2024-10-29T16:42:31","slug":"tuschebild-von-joseph-w-kuhn-regnier-meggendorfer-blaetter","status":"publish","type":"product","link":"https:\/\/collection.galerie-gerdes.com\/id\/p\/tuschebild-von-joseph-w-kuhn-regnier-meggendorfer-blaetter\/","title":{"rendered":"Tuschebild von Joseph W. Kuhn-Regnier | Meggendorfer-Bl\u00e4tter"},"content":{"rendered":"<p>Joseph Kuhn-R\u00e9gnier (geboren als Joseph Louis Wilfrid Kuhn-R\u00e9gnier am 10. Dezember 1873, gestorben 1940) war ein franz\u00f6sischer Illustrator, der in Paris t\u00e4tig war. Sein Werk zeichnet sich durch Figuren aus, die von der griechischen und klassischen Kunst inspiriert sind. Zwischen 1911 und 1934 steuerte er ganzseitige Farbillustrationen und Werbeanzeigen zu Gesellschaftsmagazinen wie <em>La Vie Parisienne<\/em>, <em>Fantasio<\/em> und <em>Le Sourire<\/em> bei. Im Jahr 1934 erstellte er farbige Illustrationen f\u00fcr eine vierb\u00e4ndige Ausgabe von <em>Die Werke des Hippokrates<\/em>, die von Javal &amp; Bourdeaux in Paris ver\u00f6ffentlicht wurde. In den 1930er Jahren illustrierte er zudem das erotische Werk <em>Die Lieder der Bilitis<\/em>.<\/p>\n","protected":false},"excerpt":{"rendered":"<p>Jos. W. Kuhn-Regnier (1873-1940)<\/p>\n","protected":false},"featured_media":249880,"template":"","meta":{"site-sidebar-layout":"default","site-content-layout":"","ast-site-content-layout":"default","site-content-style":"default","site-sidebar-style":"default","ast-global-header-display":"","ast-banner-title-visibility":"","ast-main-header-display":"","ast-hfb-above-header-display":"","ast-hfb-below-header-display":"","ast-hfb-mobile-header-display":"","site-post-title":"","ast-breadcrumbs-content":"","ast-featured-img":"","footer-sml-layout":"","ast-disable-related-posts":"","theme-transparent-header-meta":"default","adv-header-id-meta":"","stick-header-meta":"","header-above-stick-meta":"","header-main-stick-meta":"","header-below-stick-meta":"","astra-migrate-meta-layouts":"set","ast-page-background-enabled":"default","ast-page-background-meta":{"desktop":{"background-color":"var(--ast-global-color-4)","background-image":"","background-repeat":"repeat","background-position":"center center","background-size":"auto","background-attachment":"scroll","background-type":"","background-media":"","overlay-type":"","overlay-color":"","overlay-opacity":"","overlay-gradient":""},"tablet":{"background-color":"","background-image":"","background-repeat":"repeat","background-position":"center center","background-size":"auto","background-attachment":"scroll","background-type":"","background-media":"","overlay-type":"","overlay-color":"","overlay-opacity":"","overlay-gradient":""},"mobile":{"background-color":"","background-image":"","background-repeat":"repeat","background-position":"center center","background-size":"auto","background-attachment":"scroll","background-type":"","background-media":"","overlay-type":"","overlay-color":"","overlay-opacity":"","overlay-gradient":""}},"ast-content-background-meta":{"desktop":{"background-color":"var(--ast-global-color-5)","background-image":"","background-repeat":"repeat","background-position":"center center","background-size":"auto","background-attachment":"scroll","background-type":"","background-media":"","overlay-type":"","overlay-color":"","overlay-opacity":"","overlay-gradient":""},"tablet":{"background-color":"var(--ast-global-color-5)","background-image":"","background-repeat":"repeat","background-position":"center center","background-size":"auto","background-attachment":"scroll","background-type":"","background-media":"","overlay-type":"","overlay-color":"","overlay-opacity":"","overlay-gradient":""},"mobile":{"background-color":"var(--ast-global-color-5)","background-image":"","background-repeat":"repeat","background-position":"center center","background-size":"auto","background-attachment":"scroll","background-type":"","background-media":"","overlay-type":"","overlay-color":"","overlay-opacity":"","overlay-gradient":""}}},"product_brand":[],"product_cat":[52,420,65,179,418,14404,424,382,266],"product_tag":[],"class_list":{"0":"post-249033","1":"product","2":"type-product","3":"status-publish","4":"has-post-thumbnail","6":"product_cat-20th-century","7":"product_cat-figuren","8":"product_cat-franzoesisch","9":"product_cat-gemaelde","10":"product_cat-genre","11":"product_cat-jos-w-kuhn-regnier","12":"product_cat-karikaturen","13":"product_cat-meggendorfer-blatter","14":"product_cat-zeichnung","15":"desktop-align-center","16":"tablet-align-left","17":"mobile-align-left","19":"first","20":"instock","21":"taxable","22":"shipping-taxable","23":"product-type-simple"},"_links":{"self":[{"href":"https:\/\/collection.galerie-gerdes.com\/id\/wp-json\/wp\/v2\/product\/249033","targetHints":{"allow":["GET"]}}],"collection":[{"href":"https:\/\/collection.galerie-gerdes.com\/id\/wp-json\/wp\/v2\/product"}],"about":[{"href":"https:\/\/collection.galerie-gerdes.com\/id\/wp-json\/wp\/v2\/types\/product"}],"wp:featuredmedia":[{"embeddable":true,"href":"https:\/\/collection.galerie-gerdes.com\/id\/wp-json\/wp\/v2\/media\/249880"}],"wp:attachment":[{"href":"https:\/\/collection.galerie-gerdes.com\/id\/wp-json\/wp\/v2\/media?parent=249033"}],"wp:term":[{"taxonomy":"product_brand","embeddable":true,"href":"https:\/\/collection.galerie-gerdes.com\/id\/wp-json\/wp\/v2\/product_brand?post=249033"},{"taxonomy":"product_cat","embeddable":true,"href":"https:\/\/collection.galerie-gerdes.com\/id\/wp-json\/wp\/v2\/product_cat?post=249033"},{"taxonomy":"product_tag","embeddable":true,"href":"https:\/\/collection.galerie-gerdes.com\/id\/wp-json\/wp\/v2\/product_tag?post=249033"}],"curies":[{"name":"wp","href":"https:\/\/api.w.org\/{rel}","templated":true}]}}