{"id":263351,"date":"2024-10-31T23:44:15","date_gmt":"2024-10-31T22:44:15","guid":{"rendered":"https:\/\/www.collection.galerie-gerdes.com\/?post_type=product&#038;p=263351"},"modified":"2024-12-18T16:46:19","modified_gmt":"2024-12-18T15:46:19","slug":"hirsch-karikatur-federzeichnung-von-eugen-ludwig-hoess-zugeschrieben","status":"publish","type":"product","link":"https:\/\/collection.galerie-gerdes.com\/id\/p\/hirsch-karikatur-federzeichnung-von-eugen-ludwig-hoess-zugeschrieben\/","title":{"rendered":"Hirsch Karikatur | Federzeichnung von Eugen Ludwig Hoess (zugeschrieben)"},"content":{"rendered":"<p>Eugen Ludwig Hoess (* 1. Oktober 1866 in Immenstadt im Allg\u00e4u; \u2020 9. M\u00e4rz 1955 in Langenwang; eigentlich Eugen Ludwig H\u00f6\u00df) war ein deutscher Maler und Grafiker, der sich auf Jagd- und Wildmotive sowie Allg\u00e4uer Landschaften spezialisierte. Aus einer Brauerfamilie stammend, besuchte er die M\u00fcnchner Akademie der K\u00fcnste, wo er von Professoren wie Kirchbach, Raupp, von Hackl und Ritter von Herterich unterrichtet wurde. Seine erste Ausstellung in M\u00fcnchen 1893 zeigte Wild- und Landschaftsbilder aus dem Allg\u00e4u und begr\u00fcndete seinen Ruf als \u201eRehfidles-Maler\u201c. Neben \u00d6lmalerei nutzte er Techniken wie Feder- und Steinzeichnungen, Radierungen und Aquarelle.<\/p>\n<p>Hoess genoss gro\u00dfe Bekanntheit, auch durch seine Mitarbeit an der Zeitschrift \u201eJugend\u201c und die Teilnahme an nationalen und internationalen Ausstellungen. F\u00fcr seine Heimatstadt Immenstadt entwarf er u. a. Notgeldscheine und Ehrenurkunden. W\u00e4hrend der NS-Zeit war er Mitglied der Reichskammer der bildenden K\u00fcnste und stellte bei der Gro\u00dfen Deutschen Kunstausstellung in M\u00fcnchen aus, wobei Hitler 1939 sein Werk <em>Winterd\u00e4mmerung<\/em> erwarb (heute im Deutschen Historischen Museum).<\/p>\n<p>1936 zog Hoess nach Langenwang und heiratete die Schriftstellerin Adele Ude. Er starb 1955 und wurde in Lindau am Bodensee beigesetzt.<\/p>\n","protected":false},"excerpt":{"rendered":"<p>Eugen Ludwig Hoess (1866-1955)<\/p>\n","protected":false},"featured_media":263413,"template":"","meta":{"site-sidebar-layout":"default","site-content-layout":"","ast-site-content-layout":"default","site-content-style":"default","site-sidebar-style":"default","ast-global-header-display":"","ast-banner-title-visibility":"","ast-main-header-display":"","ast-hfb-above-header-display":"","ast-hfb-below-header-display":"","ast-hfb-mobile-header-display":"","site-post-title":"","ast-breadcrumbs-content":"","ast-featured-img":"","footer-sml-layout":"","ast-disable-related-posts":"","theme-transparent-header-meta":"default","adv-header-id-meta":"","stick-header-meta":"","header-above-stick-meta":"","header-main-stick-meta":"","header-below-stick-meta":"","astra-migrate-meta-layouts":"set","ast-page-background-enabled":"default","ast-page-background-meta":{"desktop":{"background-color":"var(--ast-global-color-4)","background-image":"","background-repeat":"repeat","background-position":"center center","background-size":"auto","background-attachment":"scroll","background-type":"","background-media":"","overlay-type":"","overlay-color":"","overlay-opacity":"","overlay-gradient":""},"tablet":{"background-color":"","background-image":"","background-repeat":"repeat","background-position":"center center","background-size":"auto","background-attachment":"scroll","background-type":"","background-media":"","overlay-type":"","overlay-color":"","overlay-opacity":"","overlay-gradient":""},"mobile":{"background-color":"","background-image":"","background-repeat":"repeat","background-position":"center center","background-size":"auto","background-attachment":"scroll","background-type":"","background-media":"","overlay-type":"","overlay-color":"","overlay-opacity":"","overlay-gradient":""}},"ast-content-background-meta":{"desktop":{"background-color":"var(--ast-global-color-5)","background-image":"","background-repeat":"repeat","background-position":"center center","background-size":"auto","background-attachment":"scroll","background-type":"","background-media":"","overlay-type":"","overlay-color":"","overlay-opacity":"","overlay-gradient":""},"tablet":{"background-color":"var(--ast-global-color-5)","background-image":"","background-repeat":"repeat","background-position":"center center","background-size":"auto","background-attachment":"scroll","background-type":"","background-media":"","overlay-type":"","overlay-color":"","overlay-opacity":"","overlay-gradient":""},"mobile":{"background-color":"var(--ast-global-color-5)","background-image":"","background-repeat":"repeat","background-position":"center center","background-size":"auto","background-attachment":"scroll","background-type":"","background-media":"","overlay-type":"","overlay-color":"","overlay-opacity":"","overlay-gradient":""}}},"product_brand":[],"product_cat":[52,25,14641,424,421,266],"product_tag":[],"class_list":{"0":"post-263351","1":"product","2":"type-product","3":"status-publish","4":"has-post-thumbnail","6":"product_cat-20th-century","7":"product_cat-deutsch","8":"product_cat-eugen-ludwig-hoess","9":"product_cat-karikaturen","10":"product_cat-tiere","11":"product_cat-zeichnung","12":"desktop-align-center","13":"tablet-align-left","14":"mobile-align-left","16":"first","17":"instock","18":"taxable","19":"shipping-taxable","20":"product-type-simple"},"_links":{"self":[{"href":"https:\/\/collection.galerie-gerdes.com\/id\/wp-json\/wp\/v2\/product\/263351","targetHints":{"allow":["GET"]}}],"collection":[{"href":"https:\/\/collection.galerie-gerdes.com\/id\/wp-json\/wp\/v2\/product"}],"about":[{"href":"https:\/\/collection.galerie-gerdes.com\/id\/wp-json\/wp\/v2\/types\/product"}],"wp:featuredmedia":[{"embeddable":true,"href":"https:\/\/collection.galerie-gerdes.com\/id\/wp-json\/wp\/v2\/media\/263413"}],"wp:attachment":[{"href":"https:\/\/collection.galerie-gerdes.com\/id\/wp-json\/wp\/v2\/media?parent=263351"}],"wp:term":[{"taxonomy":"product_brand","embeddable":true,"href":"https:\/\/collection.galerie-gerdes.com\/id\/wp-json\/wp\/v2\/product_brand?post=263351"},{"taxonomy":"product_cat","embeddable":true,"href":"https:\/\/collection.galerie-gerdes.com\/id\/wp-json\/wp\/v2\/product_cat?post=263351"},{"taxonomy":"product_tag","embeddable":true,"href":"https:\/\/collection.galerie-gerdes.com\/id\/wp-json\/wp\/v2\/product_tag?post=263351"}],"curies":[{"name":"wp","href":"https:\/\/api.w.org\/{rel}","templated":true}]}}