{"id":287304,"date":"2024-12-04T00:14:08","date_gmt":"2024-12-03T23:14:08","guid":{"rendered":"https:\/\/www.collection.galerie-gerdes.com\/?post_type=product&#038;p=287304"},"modified":"2024-12-18T16:46:09","modified_gmt":"2024-12-18T15:46:09","slug":"abstrakt-blaetter-komposition-gemaelde-collage-von-bettina-encke-von-arnim","status":"publish","type":"product","link":"https:\/\/collection.galerie-gerdes.com\/id\/p\/abstrakt-blaetter-komposition-gemaelde-collage-von-bettina-encke-von-arnim\/","title":{"rendered":"Abstrakt, Bl\u00e4tter-Komposition | Gem\u00e4lde \/ Collage von Bettina Encke von Arnim"},"content":{"rendered":"<p>Bettina Encke von Arnim (* 3. Mai 1895 in Zernikow; \u2020 23. August 1971 in Waldbr\u00f6l) war eine deutsche Malerin und die Urenkelin der Romantiker Bettina und Achim von Arnim. Als \u00e4ltestes Kind von Erwin K\u00fchnemund und Agnes von Arnim wuchs sie auf dem elterlichen Gut Zernikow im Kreis Ruppin auf. Ihr Bruder Friedmund Ernst Freiherr von Arnim war der Vater ihrer gleichnamigen Nichte, die ebenfalls Malerin wurde.<\/p>\n<p>Bereits in jungen Jahren zeigte Bettina Encke von Arnim gro\u00dfes Interesse an der Kunst. Von 1917 bis 1920 studierte sie in Berlin Malerei an der Malschule des Vereins der K\u00fcnstlerinnen und Kunstfreundinnen zu Berlin. Diese Institution war damals eine wichtige Alternative f\u00fcr Frauen, da sie bis 1919 von Hochschulstudien in Preu\u00dfen ausgeschlossen waren. Zu ihren Lehrern geh\u00f6rten prominente K\u00fcnstler wie Leo von K\u00f6nig, Martin Brandenburg und Johann Walter-Kurau. In den folgenden Jahren entwickelte sie ihren eigenen Stil, inspiriert von neusachlichen Einfl\u00fcssen und der Tradition der Berliner Secessionisten.<\/p>\n<p>1921 heiratete sie den Polizeimajor Walther Encke, mit dem sie zwei T\u00f6chter, Gunhild und Ortrud, hatte. Trotz famili\u00e4rer Verpflichtungen nahm Bettina Encke von Arnim intensiv am kulturellen Leben der 1920er Jahre in Berlin teil. Sie pflegte Freundschaften mit K\u00fcnstlern wie Otto Pankok, Erwin Graumann und Fritz Kuhr. Gemeinsam mit ihrem Ehemann f\u00fchrte sie in ihrer Berliner Wohnung einen kulturellen Salon, die sogenannten \u201eSonnabend-Abende\u201c, die ein Treffpunkt f\u00fcr K\u00fcnstler, Intellektuelle und Politiker unterschiedlichster Richtungen waren.<\/p>\n<p>Nach der Macht\u00fcbernahme der Nationalsozialisten 1933 endete diese Tradition, da eine offene, demokratische Haltung zunehmend unerw\u00fcnscht wurde. Bettinas Ehemann erhielt schlie\u00dflich Berufsverbot, und sie selbst unterst\u00fctzte Freunde, die verfolgt oder diffamiert wurden, darunter der Germanist Werner Milch und der Bauhausk\u00fcnstler Fritz Kuhr. Nach dem Tod ihres Mannes 1941 zog sie aufgrund der zunehmenden Luftangriffe von Berlin nach Schloss Wiepersdorf, dem Familiensitz ihrer Mutter.<\/p>\n<p>In den Kriegsjahren und danach schuf Bettina Encke von Arnim zahlreiche Portr\u00e4ts sowie Landschafts- und Architekturstudien. Trotz der schwierigen Lebensumst\u00e4nde, einschlie\u00dflich ihrer Vertreibung aus Schloss Wiepersdorf, gelang es ihr, sich f\u00fcr den Erhalt des Schlosses als kulturelles Erbe einzusetzen. Nach ihrer endg\u00fcltigen Ausweisung aus Wiepersdorf 1947 floh sie in den Westen und lie\u00df sich zun\u00e4chst bei ihrer Tochter Ortrud in Biedenkopf nieder, bevor sie nach \u00dcberlingen am Bodensee zog.<\/p>\n<p>In \u00dcberlingen fand sie endlich die Freiheit, sich ganz der Kunst zu widmen. Sie malte in \u00d6l und Aquarell, fertigte Portr\u00e4ts und Landschaftsbilder an und entwickelte eine einzigartige Technik f\u00fcr Collagen aus eingef\u00e4rbtem Japanpapier. Sie war eng mit dem internationalen Bodenseeclub verbunden und fand einen neuen K\u00fcnstlerkreis, zu dem unter anderem Barbara Michel-Jaegerhuber und Werner G\u00fcrtner geh\u00f6rten.<\/p>\n<p>Bettina Encke von Arnim unternahm zahlreiche Studienreisen durch Europa und stellte regelm\u00e4\u00dfig in der Bodenseeregion aus. Zu ihren bevorzugten Motiven geh\u00f6rten Portr\u00e4ts in der Tradition ihres Lehrers Leo von K\u00f6nig sowie Landschaften und Architektur.<\/p>\n<p>Am 23. August 1971 starb Bettina Encke von Arnim im Haus ihrer Tochter Ortrud Heymach in Waldbr\u00f6l und wurde dort beigesetzt.<\/p>\n","protected":false},"excerpt":{"rendered":"<p>Bettina Encke von Arnim (* 3. Mai 1895 in Zernikow; \u2020 23. August 1971 in Waldbr\u00f6l) war eine deutsche Malerin [&hellip;]<\/p>\n","protected":false},"featured_media":287335,"template":"","meta":{"site-sidebar-layout":"default","site-content-layout":"","ast-site-content-layout":"default","site-content-style":"default","site-sidebar-style":"default","ast-global-header-display":"","ast-banner-title-visibility":"","ast-main-header-display":"","ast-hfb-above-header-display":"","ast-hfb-below-header-display":"","ast-hfb-mobile-header-display":"","site-post-title":"","ast-breadcrumbs-content":"","ast-featured-img":"","footer-sml-layout":"","ast-disable-related-posts":"","theme-transparent-header-meta":"default","adv-header-id-meta":"","stick-header-meta":"","header-above-stick-meta":"","header-main-stick-meta":"","header-below-stick-meta":"","astra-migrate-meta-layouts":"set","ast-page-background-enabled":"default","ast-page-background-meta":{"desktop":{"background-color":"var(--ast-global-color-4)","background-image":"","background-repeat":"repeat","background-position":"center center","background-size":"auto","background-attachment":"scroll","background-type":"","background-media":"","overlay-type":"","overlay-color":"","overlay-opacity":"","overlay-gradient":""},"tablet":{"background-color":"","background-image":"","background-repeat":"repeat","background-position":"center center","background-size":"auto","background-attachment":"scroll","background-type":"","background-media":"","overlay-type":"","overlay-color":"","overlay-opacity":"","overlay-gradient":""},"mobile":{"background-color":"","background-image":"","background-repeat":"repeat","background-position":"center center","background-size":"auto","background-attachment":"scroll","background-type":"","background-media":"","overlay-type":"","overlay-color":"","overlay-opacity":"","overlay-gradient":""}},"ast-content-background-meta":{"desktop":{"background-color":"var(--ast-global-color-5)","background-image":"","background-repeat":"repeat","background-position":"center center","background-size":"auto","background-attachment":"scroll","background-type":"","background-media":"","overlay-type":"","overlay-color":"","overlay-opacity":"","overlay-gradient":""},"tablet":{"background-color":"var(--ast-global-color-5)","background-image":"","background-repeat":"repeat","background-position":"center center","background-size":"auto","background-attachment":"scroll","background-type":"","background-media":"","overlay-type":"","overlay-color":"","overlay-opacity":"","overlay-gradient":""},"mobile":{"background-color":"var(--ast-global-color-5)","background-image":"","background-repeat":"repeat","background-position":"center center","background-size":"auto","background-attachment":"scroll","background-type":"","background-media":"","overlay-type":"","overlay-color":"","overlay-opacity":"","overlay-gradient":""}}},"product_brand":[],"product_cat":[52,419,14719,25,179],"product_tag":[],"class_list":{"0":"post-287304","1":"product","2":"type-product","3":"status-publish","4":"has-post-thumbnail","6":"product_cat-20th-century","7":"product_cat-abstrakt","8":"product_cat-bettina-encke-von-arnim","9":"product_cat-deutsch","10":"product_cat-gemaelde","11":"desktop-align-center","12":"tablet-align-left","13":"mobile-align-left","15":"first","16":"instock","17":"taxable","18":"shipping-taxable","19":"product-type-simple"},"_links":{"self":[{"href":"https:\/\/collection.galerie-gerdes.com\/id\/wp-json\/wp\/v2\/product\/287304","targetHints":{"allow":["GET"]}}],"collection":[{"href":"https:\/\/collection.galerie-gerdes.com\/id\/wp-json\/wp\/v2\/product"}],"about":[{"href":"https:\/\/collection.galerie-gerdes.com\/id\/wp-json\/wp\/v2\/types\/product"}],"wp:featuredmedia":[{"embeddable":true,"href":"https:\/\/collection.galerie-gerdes.com\/id\/wp-json\/wp\/v2\/media\/287335"}],"wp:attachment":[{"href":"https:\/\/collection.galerie-gerdes.com\/id\/wp-json\/wp\/v2\/media?parent=287304"}],"wp:term":[{"taxonomy":"product_brand","embeddable":true,"href":"https:\/\/collection.galerie-gerdes.com\/id\/wp-json\/wp\/v2\/product_brand?post=287304"},{"taxonomy":"product_cat","embeddable":true,"href":"https:\/\/collection.galerie-gerdes.com\/id\/wp-json\/wp\/v2\/product_cat?post=287304"},{"taxonomy":"product_tag","embeddable":true,"href":"https:\/\/collection.galerie-gerdes.com\/id\/wp-json\/wp\/v2\/product_tag?post=287304"}],"curies":[{"name":"wp","href":"https:\/\/api.w.org\/{rel}","templated":true}]}}