{"id":302,"date":"2023-12-23T21:39:56","date_gmt":"2023-12-23T20:39:56","guid":{"rendered":"https:\/\/collection.galerie-gerdes.com\/?post_type=product&#038;p=302"},"modified":"2024-04-24T14:06:26","modified_gmt":"2024-04-24T12:06:26","slug":"psyche-und-armor","status":"publish","type":"product","link":"https:\/\/collection.galerie-gerdes.com\/id\/p\/psyche-und-armor\/","title":{"rendered":"Psyche und Armor, William Etty (zugeschrieben), Mytholgisches Gem\u00e4lde. \u00d6l auf Holz."},"content":{"rendered":"<p>Geboren wurde William Etty am 10. M\u00e4rz 1787 in York, und in derselben Stadt verstarb er am 13. November 1849. Er z\u00e4hlt zu den romantischen Malern aus England und erlangte besonders durch seine Darstellungen von Akten Bekanntheit.<\/p>\n<p>Im Werk &#8220;Metamorphosen&#8221; von Apuleius steht die Geschichte von Amor und Psyche im Fokus. Sie erstreckt sich \u00fcber den Schluss des vierten Buches, das gesamte f\u00fcnfte Buch und den Gro\u00dfteil des sechsten Buches. Diese Geschichte ist eine Erfindung von Apuleius und nicht Teil der griechischen Vorlage der Metamorphosen. Sie ist in die Darstellung des Schicksals von Charite eingebettet, einem M\u00e4dchen, das von R\u00e4ubern entf\u00fchrt wurde.<\/p>\n<p>Charite wird von der alten Haush\u00e4lterin der R\u00e4uber mit der Geschichte von Amor, dem Gott der Liebe, und Psyche, der K\u00f6nigstochter, deren Name &#8220;Seele&#8221; bedeutet, abgelenkt. Psyche ist die j\u00fcngste und sch\u00f6nste von drei K\u00f6nigst\u00f6chtern. Venus, die G\u00f6ttin der Sch\u00f6nheit und Liebe, wird eifers\u00fcchtig auf Psyche und befiehlt ihrem Sohn Amor, Psyche dazu zu bringen, sich in einen schlechten Mann zu verlieben. Psyche wird an eine abgelegene Bergspitze geschickt, um einen schrecklichen D\u00e4mon zu heiraten, aber Amor rettet sie und bringt sie in ein m\u00e4rchenhaftes Schloss.<\/p>\n<p>Psyche f\u00fchlt sich einsam und trifft sich nachts mit ihren Schwestern, die sie \u00fcberreden, Amor auf seine wahre Gestalt hin zu \u00fcberpr\u00fcfen. Als sie das tut, erkennt sie, dass er sch\u00f6n ist, aber ein Tropfen hei\u00dfes \u00d6l f\u00e4llt auf ihn, und er verl\u00e4sst sie. Venus zwingt Psyche dann, lebensgef\u00e4hrliche Aufgaben zu erledigen, um ihren Sohn zur\u00fcckzugewinnen. Psyche scheitert fast bei der letzten Aufgabe, \u00f6ffnet eine B\u00fcchse, die einen todes\u00e4hnlichen Schlaf enth\u00e4lt, und f\u00e4llt in diesen Schlaf.<\/p>\n<p>Amor rettet sie und bittet Jupiter um Erlaubnis, Psyche zu heiraten. Jupiter macht sie unsterblich, und die beiden werden vereint. Psyche bringt Amor eine Tochter namens Voluptas (Wollust) zur Welt. Dieses M\u00e4rchen erz\u00e4hlt von Liebe, Eifersucht und Pr\u00fcfungen, die schlie\u00dflich zu einer gl\u00fccklichen Vereinigung f\u00fchren.<\/p>\n","protected":false},"excerpt":{"rendered":"<p>RA William Etty (1787-1849) &#8211; zugeschrieben<\/p>\n<p>Gerahmt in vergoldetem Pappelholzrahmen<\/p>\n","protected":false},"featured_media":303,"template":"","meta":{"site-sidebar-layout":"default","site-content-layout":"","ast-site-content-layout":"default","site-content-style":"default","site-sidebar-style":"default","ast-global-header-display":"","ast-banner-title-visibility":"","ast-main-header-display":"","ast-hfb-above-header-display":"","ast-hfb-below-header-display":"","ast-hfb-mobile-header-display":"","site-post-title":"","ast-breadcrumbs-content":"","ast-featured-img":"","footer-sml-layout":"","ast-disable-related-posts":"","theme-transparent-header-meta":"default","adv-header-id-meta":"","stick-header-meta":"","header-above-stick-meta":"","header-main-stick-meta":"","header-below-stick-meta":"","astra-migrate-meta-layouts":"set","ast-page-background-enabled":"default","ast-page-background-meta":{"desktop":{"background-color":"var(--ast-global-color-4)","background-image":"","background-repeat":"repeat","background-position":"center center","background-size":"auto","background-attachment":"scroll","background-type":"","background-media":"","overlay-type":"","overlay-color":"","overlay-opacity":"","overlay-gradient":""},"tablet":{"background-color":"","background-image":"","background-repeat":"repeat","background-position":"center center","background-size":"auto","background-attachment":"scroll","background-type":"","background-media":"","overlay-type":"","overlay-color":"","overlay-opacity":"","overlay-gradient":""},"mobile":{"background-color":"","background-image":"","background-repeat":"repeat","background-position":"center center","background-size":"auto","background-attachment":"scroll","background-type":"","background-media":"","overlay-type":"","overlay-color":"","overlay-opacity":"","overlay-gradient":""}},"ast-content-background-meta":{"desktop":{"background-color":"var(--ast-global-color-5)","background-image":"","background-repeat":"repeat","background-position":"center center","background-size":"auto","background-attachment":"scroll","background-type":"","background-media":"","overlay-type":"","overlay-color":"","overlay-opacity":"","overlay-gradient":""},"tablet":{"background-color":"var(--ast-global-color-5)","background-image":"","background-repeat":"repeat","background-position":"center center","background-size":"auto","background-attachment":"scroll","background-type":"","background-media":"","overlay-type":"","overlay-color":"","overlay-opacity":"","overlay-gradient":""},"mobile":{"background-color":"var(--ast-global-color-5)","background-image":"","background-repeat":"repeat","background-position":"center center","background-size":"auto","background-attachment":"scroll","background-type":"","background-media":"","overlay-type":"","overlay-color":"","overlay-opacity":"","overlay-gradient":""}}},"product_brand":[],"product_cat":[53,42,179,120],"product_tag":[364,362,363,74,361,365],"class_list":{"0":"post-302","1":"product","2":"type-product","3":"status-publish","4":"has-post-thumbnail","6":"product_cat-19th-century","7":"product_cat-britisch","8":"product_cat-gemaelde","9":"product_cat-william-etty","10":"product_tag-art","11":"product_tag-gemalde","12":"product_tag-kunst","13":"product_tag-painting","14":"product_tag-peintures","15":"product_tag-pittura","16":"desktop-align-center","17":"tablet-align-left","18":"mobile-align-left","20":"first","21":"instock","22":"taxable","23":"shipping-taxable","24":"product-type-simple"},"_links":{"self":[{"href":"https:\/\/collection.galerie-gerdes.com\/id\/wp-json\/wp\/v2\/product\/302","targetHints":{"allow":["GET"]}}],"collection":[{"href":"https:\/\/collection.galerie-gerdes.com\/id\/wp-json\/wp\/v2\/product"}],"about":[{"href":"https:\/\/collection.galerie-gerdes.com\/id\/wp-json\/wp\/v2\/types\/product"}],"wp:featuredmedia":[{"embeddable":true,"href":"https:\/\/collection.galerie-gerdes.com\/id\/wp-json\/wp\/v2\/media\/303"}],"wp:attachment":[{"href":"https:\/\/collection.galerie-gerdes.com\/id\/wp-json\/wp\/v2\/media?parent=302"}],"wp:term":[{"taxonomy":"product_brand","embeddable":true,"href":"https:\/\/collection.galerie-gerdes.com\/id\/wp-json\/wp\/v2\/product_brand?post=302"},{"taxonomy":"product_cat","embeddable":true,"href":"https:\/\/collection.galerie-gerdes.com\/id\/wp-json\/wp\/v2\/product_cat?post=302"},{"taxonomy":"product_tag","embeddable":true,"href":"https:\/\/collection.galerie-gerdes.com\/id\/wp-json\/wp\/v2\/product_tag?post=302"}],"curies":[{"name":"wp","href":"https:\/\/api.w.org\/{rel}","templated":true}]}}