{"id":314701,"date":"2025-04-24T13:55:48","date_gmt":"2025-04-24T11:55:48","guid":{"rendered":"https:\/\/collection.galerie-gerdes.com\/?post_type=product&#038;p=314701"},"modified":"2025-04-24T13:55:48","modified_gmt":"2025-04-24T11:55:48","slug":"noch-eine-frage-gemaelde-illustration-von-oscar-graef","status":"publish","type":"product","link":"https:\/\/collection.galerie-gerdes.com\/id\/p\/noch-eine-frage-gemaelde-illustration-von-oscar-graef\/","title":{"rendered":"Noch eine Frage | Gem\u00e4lde\/Illustration von Oscar Graef"},"content":{"rendered":"<p class=\"\" data-start=\"0\" data-end=\"460\"><strong data-start=\"0\" data-end=\"26\">Oskar Gr\u00e4f (1861\u20131912)<\/strong> war ein deutscher Genremaler und Illustrator, dessen k\u00fcnstlerisches Schaffen zwischen Plauen und M\u00fcnchen angesiedelt war. Geboren in Plauen, begann er seine k\u00fcnstlerische Ausbildung an der Akademie der Bildenden K\u00fcnste in Dresden. Ab 1886 setzte er sein Studium an der M\u00fcnchner Akademie fort, wo er ein Sch\u00fcler von Franz von Defregger wurde, einem der bedeutendsten Vertreter der realistischen Historien- und Genremalerei jener Zeit.<\/p>\n<p class=\"\" data-start=\"462\" data-end=\"747\">Gr\u00e4f spezialisierte sich auf das Genre des Allt\u00e4glichen und L\u00e4ndlichen, das er mit einem feinen Gesp\u00fcr f\u00fcr Atmosph\u00e4re und Detail umsetzte. Bereits 1889 und 1890 stellte er Werke im renommierten <strong data-start=\"656\" data-end=\"679\">M\u00fcnchner Glaspalast<\/strong> aus, was ihm Aufmerksamkeit in der damaligen Kunstszene einbrachte.<\/p>\n<p class=\"\" data-start=\"749\" data-end=\"1015\">Neben seiner T\u00e4tigkeit als Maler war Gr\u00e4f auch als Illustrator gefragt. F\u00fcr die weit verbreitete Familienzeitschrift <strong data-start=\"866\" data-end=\"887\">\u201eDie Gartenlaube\u201c<\/strong> schuf er zahlreiche Zeichnungen und Illustrationen, die seine erz\u00e4hlerische Bildsprache einem breiten Publikum bekannt machten.<\/p>\n<p class=\"\" data-start=\"1017\" data-end=\"1288\">Oskar Gr\u00e4f war haupts\u00e4chlich in M\u00fcnchen t\u00e4tig, kehrte jedoch sp\u00e4ter in seine Heimatstadt Plauen zur\u00fcck, wo er 1912 verstarb. Sein Werk spiegelt die erz\u00e4hlfreudige Bildtradition des sp\u00e4ten 19. Jahrhunderts und zeigt ihn als aufmerksamen Beobachter des allt\u00e4glichen Lebens.<\/p>\n","protected":false},"excerpt":{"rendered":"<p>Oscar Graef (1861-1912)<\/p>\n","protected":false},"featured_media":314764,"template":"","meta":{"site-sidebar-layout":"default","site-content-layout":"","ast-site-content-layout":"default","site-content-style":"default","site-sidebar-style":"default","ast-global-header-display":"","ast-banner-title-visibility":"","ast-main-header-display":"","ast-hfb-above-header-display":"","ast-hfb-below-header-display":"","ast-hfb-mobile-header-display":"","site-post-title":"","ast-breadcrumbs-content":"","ast-featured-img":"","footer-sml-layout":"","ast-disable-related-posts":"","theme-transparent-header-meta":"default","adv-header-id-meta":"","stick-header-meta":"","header-above-stick-meta":"","header-main-stick-meta":"","header-below-stick-meta":"","astra-migrate-meta-layouts":"set","ast-page-background-enabled":"default","ast-page-background-meta":{"desktop":{"background-color":"var(--ast-global-color-4)","background-image":"","background-repeat":"repeat","background-position":"center center","background-size":"auto","background-attachment":"scroll","background-type":"","background-media":"","overlay-type":"","overlay-color":"","overlay-opacity":"","overlay-gradient":""},"tablet":{"background-color":"","background-image":"","background-repeat":"repeat","background-position":"center center","background-size":"auto","background-attachment":"scroll","background-type":"","background-media":"","overlay-type":"","overlay-color":"","overlay-opacity":"","overlay-gradient":""},"mobile":{"background-color":"","background-image":"","background-repeat":"repeat","background-position":"center center","background-size":"auto","background-attachment":"scroll","background-type":"","background-media":"","overlay-type":"","overlay-color":"","overlay-opacity":"","overlay-gradient":""}},"ast-content-background-meta":{"desktop":{"background-color":"var(--ast-global-color-5)","background-image":"","background-repeat":"repeat","background-position":"center center","background-size":"auto","background-attachment":"scroll","background-type":"","background-media":"","overlay-type":"","overlay-color":"","overlay-opacity":"","overlay-gradient":""},"tablet":{"background-color":"var(--ast-global-color-5)","background-image":"","background-repeat":"repeat","background-position":"center center","background-size":"auto","background-attachment":"scroll","background-type":"","background-media":"","overlay-type":"","overlay-color":"","overlay-opacity":"","overlay-gradient":""},"mobile":{"background-color":"var(--ast-global-color-5)","background-image":"","background-repeat":"repeat","background-position":"center center","background-size":"auto","background-attachment":"scroll","background-type":"","background-media":"","overlay-type":"","overlay-color":"","overlay-opacity":"","overlay-gradient":""}}},"product_brand":[],"product_cat":[15248],"product_tag":[],"class_list":{"0":"post-314701","1":"product","2":"type-product","3":"status-publish","4":"has-post-thumbnail","6":"product_cat-oscar-graef","7":"desktop-align-center","8":"tablet-align-left","9":"mobile-align-left","11":"first","12":"instock","13":"taxable","14":"shipping-taxable","15":"product-type-simple"},"_links":{"self":[{"href":"https:\/\/collection.galerie-gerdes.com\/id\/wp-json\/wp\/v2\/product\/314701","targetHints":{"allow":["GET"]}}],"collection":[{"href":"https:\/\/collection.galerie-gerdes.com\/id\/wp-json\/wp\/v2\/product"}],"about":[{"href":"https:\/\/collection.galerie-gerdes.com\/id\/wp-json\/wp\/v2\/types\/product"}],"wp:featuredmedia":[{"embeddable":true,"href":"https:\/\/collection.galerie-gerdes.com\/id\/wp-json\/wp\/v2\/media\/314764"}],"wp:attachment":[{"href":"https:\/\/collection.galerie-gerdes.com\/id\/wp-json\/wp\/v2\/media?parent=314701"}],"wp:term":[{"taxonomy":"product_brand","embeddable":true,"href":"https:\/\/collection.galerie-gerdes.com\/id\/wp-json\/wp\/v2\/product_brand?post=314701"},{"taxonomy":"product_cat","embeddable":true,"href":"https:\/\/collection.galerie-gerdes.com\/id\/wp-json\/wp\/v2\/product_cat?post=314701"},{"taxonomy":"product_tag","embeddable":true,"href":"https:\/\/collection.galerie-gerdes.com\/id\/wp-json\/wp\/v2\/product_tag?post=314701"}],"curies":[{"name":"wp","href":"https:\/\/api.w.org\/{rel}","templated":true}]}}