{"id":325094,"date":"2025-09-22T14:26:57","date_gmt":"2025-09-22T12:26:57","guid":{"rendered":"https:\/\/collection.galerie-gerdes.com\/?post_type=product&#038;p=325094"},"modified":"2025-09-22T14:26:58","modified_gmt":"2025-09-22T12:26:58","slug":"zeichnung-eines-pferdes-gemaelde-von-otto-stoeger","status":"publish","type":"product","link":"https:\/\/collection.galerie-gerdes.com\/id\/p\/zeichnung-eines-pferdes-gemaelde-von-otto-stoeger\/","title":{"rendered":"Zeichnung eines Pferdes | Gem\u00e4lde von Otto St\u00f6ger"},"content":{"rendered":"<p data-start=\"0\" data-end=\"327\">Otto St\u00f6ger war ein deutscher Landschaftsmaler und Aquarellist. Seit 1854 lebte er in M\u00fcnchen, wo er zun\u00e4chst ein Studium der Chemie und Pharmakologie an der Universit\u00e4t begann, sich jedoch bald der Malerei zuwandte. Angeregt durch den badischen Landschaftsmaler August Erxleben experimentierte er mit neuen Farbenpr\u00e4paraten.<\/p>\n<p data-start=\"329\" data-end=\"686\">St\u00f6ger unternahm eine Studienreise nach Italien und war von 1869 bis 1871 in Rom ans\u00e4ssig, wo er dem Deutschen K\u00fcnstlerverein angeh\u00f6rte. Bereits zuvor war er Mitglied im K\u00fcnstlerverein Jung-M\u00fcnchen. Am 25. April 1870 fungierte er als letzter Pr\u00e4sident eines Cervarofestes. Neben seiner T\u00e4tigkeit als Landschaftsmaler arbeitete er auch als Hoftheatermaler.<\/p>\n<p data-start=\"688\" data-end=\"1063\" data-is-last-node=\"\" data-is-only-node=\"\">Er verstarb in M\u00fcnchen an einem Schlaganfall. Hinterlassen hat er eine Ehefrau und zwei Kinder. Sein k\u00fcnstlerischer Nachlass, bestehend aus rund 60 Studien und kleineren Bildern, wurde im M\u00e4rz 1901 im Kunstverein M\u00fcnchen versteigert. Der Karikaturist E. von Heimburg widmete ihm zudem eine Reihe humorvoller Zeichnungen unter dem Titel <em data-start=\"1024\" data-end=\"1060\">Otto St\u00f6ger mit seiner Riesenmappe<\/em>.<\/p>\n","protected":false},"excerpt":{"rendered":"<p>Otto St\u00f6ger war ein deutscher Landschaftsmaler und Aquarellist. Seit 1854 lebte er in M\u00fcnchen, wo er zun\u00e4chst ein Studium der [&hellip;]<\/p>\n","protected":false},"featured_media":325170,"template":"","meta":{"site-sidebar-layout":"default","site-content-layout":"","ast-site-content-layout":"default","site-content-style":"default","site-sidebar-style":"default","ast-global-header-display":"","ast-banner-title-visibility":"","ast-main-header-display":"","ast-hfb-above-header-display":"","ast-hfb-below-header-display":"","ast-hfb-mobile-header-display":"","site-post-title":"","ast-breadcrumbs-content":"","ast-featured-img":"","footer-sml-layout":"","ast-disable-related-posts":"","theme-transparent-header-meta":"default","adv-header-id-meta":"","stick-header-meta":"","header-above-stick-meta":"","header-main-stick-meta":"","header-below-stick-meta":"","astra-migrate-meta-layouts":"set","ast-page-background-enabled":"default","ast-page-background-meta":{"desktop":{"background-color":"var(--ast-global-color-4)","background-image":"","background-repeat":"repeat","background-position":"center center","background-size":"auto","background-attachment":"scroll","background-type":"","background-media":"","overlay-type":"","overlay-color":"","overlay-opacity":"","overlay-gradient":""},"tablet":{"background-color":"","background-image":"","background-repeat":"repeat","background-position":"center center","background-size":"auto","background-attachment":"scroll","background-type":"","background-media":"","overlay-type":"","overlay-color":"","overlay-opacity":"","overlay-gradient":""},"mobile":{"background-color":"","background-image":"","background-repeat":"repeat","background-position":"center center","background-size":"auto","background-attachment":"scroll","background-type":"","background-media":"","overlay-type":"","overlay-color":"","overlay-opacity":"","overlay-gradient":""}},"ast-content-background-meta":{"desktop":{"background-color":"var(--ast-global-color-5)","background-image":"","background-repeat":"repeat","background-position":"center center","background-size":"auto","background-attachment":"scroll","background-type":"","background-media":"","overlay-type":"","overlay-color":"","overlay-opacity":"","overlay-gradient":""},"tablet":{"background-color":"var(--ast-global-color-5)","background-image":"","background-repeat":"repeat","background-position":"center center","background-size":"auto","background-attachment":"scroll","background-type":"","background-media":"","overlay-type":"","overlay-color":"","overlay-opacity":"","overlay-gradient":""},"mobile":{"background-color":"var(--ast-global-color-5)","background-image":"","background-repeat":"repeat","background-position":"center center","background-size":"auto","background-attachment":"scroll","background-type":"","background-media":"","overlay-type":"","overlay-color":"","overlay-opacity":"","overlay-gradient":""}}},"product_brand":[],"product_cat":[25,15268,421,266],"product_tag":[],"class_list":{"0":"post-325094","1":"product","2":"type-product","3":"status-publish","4":"has-post-thumbnail","6":"product_cat-deutsch","7":"product_cat-otto-stoeger","8":"product_cat-tiere","9":"product_cat-zeichnung","10":"desktop-align-center","11":"tablet-align-left","12":"mobile-align-left","14":"first","15":"instock","16":"taxable","17":"shipping-taxable","18":"product-type-simple"},"_links":{"self":[{"href":"https:\/\/collection.galerie-gerdes.com\/id\/wp-json\/wp\/v2\/product\/325094","targetHints":{"allow":["GET"]}}],"collection":[{"href":"https:\/\/collection.galerie-gerdes.com\/id\/wp-json\/wp\/v2\/product"}],"about":[{"href":"https:\/\/collection.galerie-gerdes.com\/id\/wp-json\/wp\/v2\/types\/product"}],"wp:featuredmedia":[{"embeddable":true,"href":"https:\/\/collection.galerie-gerdes.com\/id\/wp-json\/wp\/v2\/media\/325170"}],"wp:attachment":[{"href":"https:\/\/collection.galerie-gerdes.com\/id\/wp-json\/wp\/v2\/media?parent=325094"}],"wp:term":[{"taxonomy":"product_brand","embeddable":true,"href":"https:\/\/collection.galerie-gerdes.com\/id\/wp-json\/wp\/v2\/product_brand?post=325094"},{"taxonomy":"product_cat","embeddable":true,"href":"https:\/\/collection.galerie-gerdes.com\/id\/wp-json\/wp\/v2\/product_cat?post=325094"},{"taxonomy":"product_tag","embeddable":true,"href":"https:\/\/collection.galerie-gerdes.com\/id\/wp-json\/wp\/v2\/product_tag?post=325094"}],"curies":[{"name":"wp","href":"https:\/\/api.w.org\/{rel}","templated":true}]}}