{"id":326281,"date":"2025-09-23T13:53:53","date_gmt":"2025-09-23T11:53:53","guid":{"rendered":"https:\/\/collection.galerie-gerdes.com\/?post_type=product&#038;p=326281"},"modified":"2025-09-23T14:03:28","modified_gmt":"2025-09-23T12:03:28","slug":"hafenansicht-gemaelde-von-wilhelm-willy-link","status":"publish","type":"product","link":"https:\/\/collection.galerie-gerdes.com\/id\/p\/hafenansicht-gemaelde-von-wilhelm-willy-link\/","title":{"rendered":"Hafenansicht mit Segelschiffen | Gem\u00e4lde von Wilhelm Willy LINK"},"content":{"rendered":"<p>Wilhelm (Willy) Link, geboren am 13. Oktober 1877 in Karlsruhe und verstorben am 14. Mai 1959 in Pforzheim, war ein vielseitiger deutscher K\u00fcnstler, der sich in den Bereichen Malerei, Grafik und Bildhauerei bet\u00e4tigte.<\/p>\n<p>Seine k\u00fcnstlerische Ausbildung erfolgte von 1897 bis 1903 an der Kunstgewerbeschule Karlsruhe und der Kunstakademie Karlsruhe, wo er unter der Anleitung von Victor Weishaupt und Wilhelm Tr\u00fcbner lernte.<\/p>\n<p>Von 1913 bis 1938 war er als Lehrer f\u00fcr Zeichnen und Modellieren an der Goldschmiedeschule in Pforzheim t\u00e4tig. Bekannt f\u00fcr seine Leidenschaft f\u00fcr die Darstellung von Pferden, erhielt er den Spitznamen \u201ePferdles-Link\u201c.<\/p>\n<p>Im Jahr 1926 beteiligte sich Wilhelm Link an der Ausstellung der Stuttgarter Sezession mit seinem Gem\u00e4lde \u201eZehn Majoliken\u201c. Des Weiteren hatte er im Laufe seiner Karriere Einzelausstellungen in Pforzheim, und zwar im Jahr 1957 sowie 1982.<\/p>\n","protected":false},"excerpt":{"rendered":"<p>Wilhelm LINK (1877-1959)<\/p>\n","protected":false},"featured_media":327212,"template":"","meta":{"site-sidebar-layout":"default","site-content-layout":"","ast-site-content-layout":"default","site-content-style":"default","site-sidebar-style":"default","ast-global-header-display":"","ast-banner-title-visibility":"","ast-main-header-display":"","ast-hfb-above-header-display":"","ast-hfb-below-header-display":"","ast-hfb-mobile-header-display":"","site-post-title":"","ast-breadcrumbs-content":"","ast-featured-img":"","footer-sml-layout":"","ast-disable-related-posts":"","theme-transparent-header-meta":"default","adv-header-id-meta":"","stick-header-meta":"","header-above-stick-meta":"","header-main-stick-meta":"","header-below-stick-meta":"","astra-migrate-meta-layouts":"set","ast-page-background-enabled":"default","ast-page-background-meta":{"desktop":{"background-color":"var(--ast-global-color-4)","background-image":"","background-repeat":"repeat","background-position":"center center","background-size":"auto","background-attachment":"scroll","background-type":"","background-media":"","overlay-type":"","overlay-color":"","overlay-opacity":"","overlay-gradient":""},"tablet":{"background-color":"","background-image":"","background-repeat":"repeat","background-position":"center center","background-size":"auto","background-attachment":"scroll","background-type":"","background-media":"","overlay-type":"","overlay-color":"","overlay-opacity":"","overlay-gradient":""},"mobile":{"background-color":"","background-image":"","background-repeat":"repeat","background-position":"center center","background-size":"auto","background-attachment":"scroll","background-type":"","background-media":"","overlay-type":"","overlay-color":"","overlay-opacity":"","overlay-gradient":""}},"ast-content-background-meta":{"desktop":{"background-color":"var(--ast-global-color-5)","background-image":"","background-repeat":"repeat","background-position":"center center","background-size":"auto","background-attachment":"scroll","background-type":"","background-media":"","overlay-type":"","overlay-color":"","overlay-opacity":"","overlay-gradient":""},"tablet":{"background-color":"var(--ast-global-color-5)","background-image":"","background-repeat":"repeat","background-position":"center center","background-size":"auto","background-attachment":"scroll","background-type":"","background-media":"","overlay-type":"","overlay-color":"","overlay-opacity":"","overlay-gradient":""},"mobile":{"background-color":"var(--ast-global-color-5)","background-image":"","background-repeat":"repeat","background-position":"center center","background-size":"auto","background-attachment":"scroll","background-type":"","background-media":"","overlay-type":"","overlay-color":"","overlay-opacity":"","overlay-gradient":""}}},"product_brand":[],"product_cat":[14282],"product_tag":[],"class_list":{"0":"post-326281","1":"product","2":"type-product","3":"status-publish","4":"has-post-thumbnail","6":"product_cat-wilhelm-link","7":"desktop-align-center","8":"tablet-align-left","9":"mobile-align-left","11":"first","12":"instock","13":"taxable","14":"shipping-taxable","15":"product-type-simple"},"_links":{"self":[{"href":"https:\/\/collection.galerie-gerdes.com\/id\/wp-json\/wp\/v2\/product\/326281","targetHints":{"allow":["GET"]}}],"collection":[{"href":"https:\/\/collection.galerie-gerdes.com\/id\/wp-json\/wp\/v2\/product"}],"about":[{"href":"https:\/\/collection.galerie-gerdes.com\/id\/wp-json\/wp\/v2\/types\/product"}],"wp:featuredmedia":[{"embeddable":true,"href":"https:\/\/collection.galerie-gerdes.com\/id\/wp-json\/wp\/v2\/media\/327212"}],"wp:attachment":[{"href":"https:\/\/collection.galerie-gerdes.com\/id\/wp-json\/wp\/v2\/media?parent=326281"}],"wp:term":[{"taxonomy":"product_brand","embeddable":true,"href":"https:\/\/collection.galerie-gerdes.com\/id\/wp-json\/wp\/v2\/product_brand?post=326281"},{"taxonomy":"product_cat","embeddable":true,"href":"https:\/\/collection.galerie-gerdes.com\/id\/wp-json\/wp\/v2\/product_cat?post=326281"},{"taxonomy":"product_tag","embeddable":true,"href":"https:\/\/collection.galerie-gerdes.com\/id\/wp-json\/wp\/v2\/product_tag?post=326281"}],"curies":[{"name":"wp","href":"https:\/\/api.w.org\/{rel}","templated":true}]}}