{"id":337,"date":"2023-12-25T09:34:01","date_gmt":"2023-12-25T08:34:01","guid":{"rendered":"https:\/\/collection.galerie-gerdes.com\/?post_type=product&#038;p=337"},"modified":"2024-08-21T17:33:47","modified_gmt":"2024-08-21T15:33:47","slug":"pieter-mulier-d-j","status":"publish","type":"product","link":"https:\/\/collection.galerie-gerdes.com\/id\/p\/pieter-mulier-d-j\/","title":{"rendered":"Weite Landschaft mit Hirtinnen, Schafen, Ziegen und Hunden Altmeister Gem\u00e4lde, PIETER MULIER d.J."},"content":{"rendered":"<p>Der Maler war in Haarlem Sch\u00fcler seines Vaters Pieter Mulier d. \u00c4. (1615-1670). Er wirkte nach seiner Emigration nach Rom auch in Genua. Dort wegen der Ermordung seiner Ehefrau zu 16 Jahren Gef\u00e4ngnis verurteilt, konnte er nach dem franz\u00f6sischen Bombardement schon 1684 nach Parma fliehen, wo er bis ins hohe Alter arbeitete, Berichten zufolge mit zwei \u00fcbereinander getragenen Brillengl\u00e4sern.<\/p>\n<p>Literatur:<br \/>\nMarcel Roethlisberger-Bianco, Cavalier Pietro Tempesta and His Time, Newark 1970.<br \/>\nAnna Orlando, Dipinti genovesi das Cinquecento al Settecento. Ritrovamenti dal collezionismo privato, Turin 2010, S. 145-150A, 2012.<\/p>\n","protected":false},"excerpt":{"rendered":"<p>PIETER MULIER D.J. genannt Tempesta (Haarlem 1637 &#8211; 1701 Mailand)<\/p>\n","protected":false},"featured_media":338,"template":"","meta":{"site-sidebar-layout":"default","site-content-layout":"","ast-site-content-layout":"default","site-content-style":"default","site-sidebar-style":"default","ast-global-header-display":"","ast-banner-title-visibility":"","ast-main-header-display":"","ast-hfb-above-header-display":"","ast-hfb-below-header-display":"","ast-hfb-mobile-header-display":"","site-post-title":"","ast-breadcrumbs-content":"","ast-featured-img":"","footer-sml-layout":"","ast-disable-related-posts":"","theme-transparent-header-meta":"default","adv-header-id-meta":"","stick-header-meta":"","header-above-stick-meta":"","header-main-stick-meta":"","header-below-stick-meta":"","astra-migrate-meta-layouts":"set","ast-page-background-enabled":"default","ast-page-background-meta":{"desktop":{"background-color":"var(--ast-global-color-4)","background-image":"","background-repeat":"repeat","background-position":"center center","background-size":"auto","background-attachment":"scroll","background-type":"","background-media":"","overlay-type":"","overlay-color":"","overlay-opacity":"","overlay-gradient":""},"tablet":{"background-color":"","background-image":"","background-repeat":"repeat","background-position":"center center","background-size":"auto","background-attachment":"scroll","background-type":"","background-media":"","overlay-type":"","overlay-color":"","overlay-opacity":"","overlay-gradient":""},"mobile":{"background-color":"","background-image":"","background-repeat":"repeat","background-position":"center center","background-size":"auto","background-attachment":"scroll","background-type":"","background-media":"","overlay-type":"","overlay-color":"","overlay-opacity":"","overlay-gradient":""}},"ast-content-background-meta":{"desktop":{"background-color":"var(--ast-global-color-5)","background-image":"","background-repeat":"repeat","background-position":"center center","background-size":"auto","background-attachment":"scroll","background-type":"","background-media":"","overlay-type":"","overlay-color":"","overlay-opacity":"","overlay-gradient":""},"tablet":{"background-color":"var(--ast-global-color-5)","background-image":"","background-repeat":"repeat","background-position":"center center","background-size":"auto","background-attachment":"scroll","background-type":"","background-media":"","overlay-type":"","overlay-color":"","overlay-opacity":"","overlay-gradient":""},"mobile":{"background-color":"var(--ast-global-color-5)","background-image":"","background-repeat":"repeat","background-position":"center center","background-size":"auto","background-attachment":"scroll","background-type":"","background-media":"","overlay-type":"","overlay-color":"","overlay-opacity":"","overlay-gradient":""}}},"product_brand":[],"product_cat":[55,179,409,127,130],"product_tag":[364,362,363,74,361,365],"class_list":{"0":"post-337","1":"product","2":"type-product","3":"status-publish","4":"has-post-thumbnail","6":"product_cat-17th-century","7":"product_cat-gemaelde","8":"product_cat-landschaft","9":"product_cat-niederlaendisch","10":"product_cat-pieter-mulier-d-j","11":"product_tag-art","12":"product_tag-gemalde","13":"product_tag-kunst","14":"product_tag-painting","15":"product_tag-peintures","16":"product_tag-pittura","17":"desktop-align-center","18":"tablet-align-left","19":"mobile-align-left","21":"first","22":"instock","23":"taxable","24":"shipping-taxable","25":"product-type-simple"},"_links":{"self":[{"href":"https:\/\/collection.galerie-gerdes.com\/id\/wp-json\/wp\/v2\/product\/337","targetHints":{"allow":["GET"]}}],"collection":[{"href":"https:\/\/collection.galerie-gerdes.com\/id\/wp-json\/wp\/v2\/product"}],"about":[{"href":"https:\/\/collection.galerie-gerdes.com\/id\/wp-json\/wp\/v2\/types\/product"}],"wp:featuredmedia":[{"embeddable":true,"href":"https:\/\/collection.galerie-gerdes.com\/id\/wp-json\/wp\/v2\/media\/338"}],"wp:attachment":[{"href":"https:\/\/collection.galerie-gerdes.com\/id\/wp-json\/wp\/v2\/media?parent=337"}],"wp:term":[{"taxonomy":"product_brand","embeddable":true,"href":"https:\/\/collection.galerie-gerdes.com\/id\/wp-json\/wp\/v2\/product_brand?post=337"},{"taxonomy":"product_cat","embeddable":true,"href":"https:\/\/collection.galerie-gerdes.com\/id\/wp-json\/wp\/v2\/product_cat?post=337"},{"taxonomy":"product_tag","embeddable":true,"href":"https:\/\/collection.galerie-gerdes.com\/id\/wp-json\/wp\/v2\/product_tag?post=337"}],"curies":[{"name":"wp","href":"https:\/\/api.w.org\/{rel}","templated":true}]}}