{"id":3398,"date":"2024-02-29T13:10:22","date_gmt":"2024-02-29T12:10:22","guid":{"rendered":"https:\/\/collection.galerie-gerdes.com\/?post_type=product&#038;p=3398"},"modified":"2024-04-24T14:03:43","modified_gmt":"2024-04-24T12:03:43","slug":"pastellgemaelde-von-carl-weisgerber-1947-duesseldorfer-schule","status":"publish","type":"product","link":"https:\/\/collection.galerie-gerdes.com\/id\/p\/pastellgemaelde-von-carl-weisgerber-1947-duesseldorfer-schule\/","title":{"rendered":"Pastellgem\u00e4lde von Carl Weisgerber, 1947, D\u00fcsseldorfer Schule"},"content":{"rendered":"<p>Carl Weisgerber wurde am 25. Oktober 1891 in Ahrweiler geboren, einem malerischen St\u00e4dtchen im Ahrtal, das durch Weinbau und Tourismus gepr\u00e4gt ist. Er war das vierte Kind von Carl Hubert und Elisabeth Weisgerber und wuchs zusammen mit seinen Geschwistern Maria, Anna, Elisabeth und Wilhelm in der Niederhutstra\u00dfe 23 auf. Ein weiterer Bruder, Heinrich Weisgerber, war bereits 1887 bei der Geburt verstorben.<\/p>\n<p>Die Familie betrieb in Ahrweiler ein Gesch\u00e4ft f\u00fcr Polster- und Sattlerarbeiten, in dem alle Kinder, einschlie\u00dflich des jungen Carl, mithelfen mussten. Schon fr\u00fch zeigte sich Carls k\u00fcnstlerisches Talent, das durch die Leidenschaft seines Vaters f\u00fcr das Laientheater gef\u00f6rdert wurde. Er begann damit, Theaterkulissen zu gestalten, verbrachte seine Freizeit im Wald und auf der Jagd und begann Tiere zu pr\u00e4parieren und zu zeichnen. Trotz dieser Neigung blieb er im elterlichen Handwerksbetrieb t\u00e4tig. Werke aus dieser Zeit zeigen Motive des Ahrtals und Ahrweilers in Gouache und Pastell.<\/p>\n<p>Im Alter von 26 oder 27 Jahren wurde das Talent von Carl Weisgerber von Willy Spatz entdeckt und gef\u00f6rdert. Inspiriert von Spatz, bewarb sich Weisgerber 1918 an der Kunstakademie D\u00fcsseldorf und begann sein Studium in der Landschaftsklasse bei Max Clarenbach. Sp\u00e4ter wechselte er zur Tiermalerei in die Klasse von Julius Paul Junghanns und schloss sein Studium wahrscheinlich 1922\/1923 ab. Eine lebenslange Freundschaft verband ihn mit dem Tiermaler Georg Wolf, der ebenfalls bei Junghanns studiert hatte.<\/p>\n<p>1924 heiratete er Amalie Mathilde Hirsch aus Oberwesel-St. Goar in D\u00fcsseldorf, wo auch ihr einziger Sohn 1927 geboren wurde. Weisgerber verbrachte sein gesamtes K\u00fcnstlerleben in D\u00fcsseldorf, unternahm jedoch auch Aufenthalte im Ahrtal, in der Eifel, in der Umgebung von Adenau sowie Reisen nach Holland, Ostfriesland, Schweden, Tirol und dem damaligen Jugoslawien.<\/p>\n<p>Weisgerber war an Ausstellungen des Jungen Rheinlandes, der Rheingruppe und der Rheinischen Sezession beteiligt und Mitglied im Verein der D\u00fcsseldorfer K\u00fcnstler. Seine Gem\u00e4lde wurden von 1938 bis 1944 auf den Gro\u00dfen Deutschen Kunstausstellungen in M\u00fcnchen pr\u00e4sentiert und fanden auch bei Hitler und anderen f\u00fchrenden Nationalsozialisten Gefallen. Nach seinem Tod im Jahr 1968 wurde Carl Weisgerber auf dem Friedhof in D\u00fcsseldorf-Heerdt beigesetzt.<\/p>\n<p>Seine Werke wurden in verschiedenen Gruppenausstellungen gezeigt, darunter die Ausstellung &#8220;Die Westfront&#8221; von 1933 in Essen, sowie die Ausstellung &#8220;Junge Kunst im Deutschen Reich&#8221; im Wiener K\u00fcnstlerhaus im Jahr 1943. Im Jahr 1964 fand eine bedeutende Ausstellung seiner Werke gemeinsam mit Herbert Griebitz im Kunstverein f\u00fcr die Rheinlande und Westfalen in der Kunsthalle D\u00fcsseldorf statt.<\/p>\n","protected":false},"excerpt":{"rendered":"<p>Carl Weisgerber (1891 Ahrweiler &#8211; 1968 D\u00fcsseldorf); (Karl WEISSGERBER)<\/p>\n","protected":false},"featured_media":3444,"template":"","meta":{"site-sidebar-layout":"default","site-content-layout":"","ast-site-content-layout":"default","site-content-style":"default","site-sidebar-style":"default","ast-global-header-display":"","ast-banner-title-visibility":"","ast-main-header-display":"","ast-hfb-above-header-display":"","ast-hfb-below-header-display":"","ast-hfb-mobile-header-display":"","site-post-title":"","ast-breadcrumbs-content":"","ast-featured-img":"","footer-sml-layout":"","ast-disable-related-posts":"","theme-transparent-header-meta":"default","adv-header-id-meta":"","stick-header-meta":"","header-above-stick-meta":"","header-main-stick-meta":"","header-below-stick-meta":"","astra-migrate-meta-layouts":"set","ast-page-background-enabled":"default","ast-page-background-meta":{"desktop":{"background-color":"var(--ast-global-color-4)","background-image":"","background-repeat":"repeat","background-position":"center center","background-size":"auto","background-attachment":"scroll","background-type":"","background-media":"","overlay-type":"","overlay-color":"","overlay-opacity":"","overlay-gradient":""},"tablet":{"background-color":"","background-image":"","background-repeat":"repeat","background-position":"center center","background-size":"auto","background-attachment":"scroll","background-type":"","background-media":"","overlay-type":"","overlay-color":"","overlay-opacity":"","overlay-gradient":""},"mobile":{"background-color":"","background-image":"","background-repeat":"repeat","background-position":"center center","background-size":"auto","background-attachment":"scroll","background-type":"","background-media":"","overlay-type":"","overlay-color":"","overlay-opacity":"","overlay-gradient":""}},"ast-content-background-meta":{"desktop":{"background-color":"var(--ast-global-color-5)","background-image":"","background-repeat":"repeat","background-position":"center center","background-size":"auto","background-attachment":"scroll","background-type":"","background-media":"","overlay-type":"","overlay-color":"","overlay-opacity":"","overlay-gradient":""},"tablet":{"background-color":"var(--ast-global-color-5)","background-image":"","background-repeat":"repeat","background-position":"center center","background-size":"auto","background-attachment":"scroll","background-type":"","background-media":"","overlay-type":"","overlay-color":"","overlay-opacity":"","overlay-gradient":""},"mobile":{"background-color":"var(--ast-global-color-5)","background-image":"","background-repeat":"repeat","background-position":"center center","background-size":"auto","background-attachment":"scroll","background-type":"","background-media":"","overlay-type":"","overlay-color":"","overlay-opacity":"","overlay-gradient":""}}},"product_brand":[],"product_cat":[52,235,25,179,234],"product_tag":[364,362,363,74,361,365],"class_list":{"0":"post-3398","1":"product","2":"type-product","3":"status-publish","4":"has-post-thumbnail","6":"product_cat-20th-century","7":"product_cat-carl-weisgerber","8":"product_cat-deutsch","9":"product_cat-gemaelde","10":"product_cat-karl-weissgerber","11":"product_tag-art","12":"product_tag-gemalde","13":"product_tag-kunst","14":"product_tag-painting","15":"product_tag-peintures","16":"product_tag-pittura","17":"desktop-align-center","18":"tablet-align-left","19":"mobile-align-left","21":"first","22":"instock","23":"taxable","24":"shipping-taxable","25":"product-type-simple"},"_links":{"self":[{"href":"https:\/\/collection.galerie-gerdes.com\/id\/wp-json\/wp\/v2\/product\/3398","targetHints":{"allow":["GET"]}}],"collection":[{"href":"https:\/\/collection.galerie-gerdes.com\/id\/wp-json\/wp\/v2\/product"}],"about":[{"href":"https:\/\/collection.galerie-gerdes.com\/id\/wp-json\/wp\/v2\/types\/product"}],"wp:featuredmedia":[{"embeddable":true,"href":"https:\/\/collection.galerie-gerdes.com\/id\/wp-json\/wp\/v2\/media\/3444"}],"wp:attachment":[{"href":"https:\/\/collection.galerie-gerdes.com\/id\/wp-json\/wp\/v2\/media?parent=3398"}],"wp:term":[{"taxonomy":"product_brand","embeddable":true,"href":"https:\/\/collection.galerie-gerdes.com\/id\/wp-json\/wp\/v2\/product_brand?post=3398"},{"taxonomy":"product_cat","embeddable":true,"href":"https:\/\/collection.galerie-gerdes.com\/id\/wp-json\/wp\/v2\/product_cat?post=3398"},{"taxonomy":"product_tag","embeddable":true,"href":"https:\/\/collection.galerie-gerdes.com\/id\/wp-json\/wp\/v2\/product_tag?post=3398"}],"curies":[{"name":"wp","href":"https:\/\/api.w.org\/{rel}","templated":true}]}}