{"id":186362,"date":"2024-07-03T16:19:27","date_gmt":"2024-07-03T14:19:27","guid":{"rendered":"https:\/\/www.collection.galerie-gerdes.com\/?post_type=product&#038;p=186362"},"modified":"2024-07-09T09:29:38","modified_gmt":"2024-07-09T07:29:38","slug":"lesender-mann-mit-brille-und-hut-studie-zeichnung-von-wolfgang-grimm","status":"publish","type":"product","link":"https:\/\/collection.galerie-gerdes.com\/it\/p\/lesender-mann-mit-brille-und-hut-studie-zeichnung-von-wolfgang-grimm\/","title":{"rendered":"Lesender Mann mit Brille und Hut | Studie\/Zeichnung von Wolfgang Grimm"},"content":{"rendered":"<div class=\"flex-shrink-0 flex flex-col relative items-end\">\n<div>\n<div class=\"pt-0.5 juice:pt-0\">\n<div class=\"gizmo-bot-avatar flex h-6 w-6 items-center justify-center overflow-hidden rounded-full juice:h-8 juice:w-8\">\n<div class=\"relative p-1 rounded-sm flex items-center justify-center bg-token-main-surface-primary text-token-text-primary h-8 w-8\"><span style=\"font-size: 16px;\">Wolfgang Grimm (* 1959 in Bad T\u00f6lz; \u2020 28. September 2007 in Regensburg) war ein deutscher Maler, freischaffender K\u00fcnstler und Kunsterzieher.<\/span><\/div>\n<\/div>\n<\/div>\n<\/div>\n<\/div>\n<div class=\"group\/conversation-turn relative flex w-full min-w-0 flex-col agent-turn\">\n<div class=\"flex-col gap-1 md:gap-3\">\n<div class=\"flex flex-grow flex-col max-w-full\">\n<div class=\"min-h-[20px] text-message flex flex-col items-start whitespace-pre-wrap break-words [.text-message+&amp;]:mt-5 juice:w-full juice:items-end overflow-x-auto gap-2\" dir=\"auto\" data-message-author-role=\"assistant\" data-message-id=\"4795d403-f12f-461f-b260-2eb4bcbb1783\">\n<div class=\"flex w-full flex-col gap-1 juice:empty:hidden juice:first:pt-[3px]\">\n<div class=\"markdown prose w-full break-words dark:prose-invert dark\">\n<p>Seine berufliche Laufbahn begann 1977 bis 1980 mit einer Ausbildung zum Technischen Zeichner. Anschlie\u00dfend arbeitete er 1981\/82 an der Akademie f\u00fcr das Graphische Gewerbe in M\u00fcnchen. 1982 gr\u00fcndete er die AKU Akademie f\u00fcr Konstruktiven Unsinn in Berlin. Von 1984 bis 1989 studierte Grimm freie Malerei an der Akademie der Bildenden K\u00fcnste in M\u00fcnchen.<\/p>\n<p>1990 schloss er sein Studium als Meistersch\u00fcler bei Professor Robin Page ab. Bereits 1987 war er Mitbegr\u00fcnder des KUNST-WERK e. V. in Regensburg und erhielt das Julius-F.-Neum\u00fcller-Stipendium der Stadt Regensburg. Von 1990 bis 1993 arbeitete er in einem Atelier in Elmo, Italien. 1994 nahm er eine feste Anstellung als Kunst- und Werklehrer an der Montessorischule in Regensburg an, wo er bis zu seinem Tod t\u00e4tig war.<\/p>\n<p>2002 war Grimm Gr\u00fcndungsmitglied des Kunstvereins GRAZ e. V. in Regensburg und beteiligte sich 2003 am Aufbau einer Schule der Fantasie in Regensburg. Zudem war er als Referent bei der Arbeitsgemeinschaft Kunsttherapie in Regensburg aktiv. Wolfgang Grimm verstarb durch Suizid.<\/p>\n<\/div>\n<\/div>\n<\/div>\n<\/div>\n<\/div>\n<\/div>\n","protected":false},"excerpt":{"rendered":"<p>Wolfgang Grimm (1959\u20132007)<\/p>\n","protected":false},"featured_media":186537,"template":"","meta":{"site-sidebar-layout":"default","site-content-layout":"","ast-site-content-layout":"default","site-content-style":"default","site-sidebar-style":"default","ast-global-header-display":"","ast-banner-title-visibility":"","ast-main-header-display":"","ast-hfb-above-header-display":"","ast-hfb-below-header-display":"","ast-hfb-mobile-header-display":"","site-post-title":"","ast-breadcrumbs-content":"","ast-featured-img":"","footer-sml-layout":"","ast-disable-related-posts":"","theme-transparent-header-meta":"default","adv-header-id-meta":"","stick-header-meta":"","header-above-stick-meta":"","header-main-stick-meta":"","header-below-stick-meta":"","astra-migrate-meta-layouts":"set","ast-page-background-enabled":"default","ast-page-background-meta":{"desktop":{"background-color":"var(--ast-global-color-4)","background-image":"","background-repeat":"repeat","background-position":"center center","background-size":"auto","background-attachment":"scroll","background-type":"","background-media":"","overlay-type":"","overlay-color":"","overlay-opacity":"","overlay-gradient":""},"tablet":{"background-color":"","background-image":"","background-repeat":"repeat","background-position":"center center","background-size":"auto","background-attachment":"scroll","background-type":"","background-media":"","overlay-type":"","overlay-color":"","overlay-opacity":"","overlay-gradient":""},"mobile":{"background-color":"","background-image":"","background-repeat":"repeat","background-position":"center center","background-size":"auto","background-attachment":"scroll","background-type":"","background-media":"","overlay-type":"","overlay-color":"","overlay-opacity":"","overlay-gradient":""}},"ast-content-background-meta":{"desktop":{"background-color":"var(--ast-global-color-5)","background-image":"","background-repeat":"repeat","background-position":"center center","background-size":"auto","background-attachment":"scroll","background-type":"","background-media":"","overlay-type":"","overlay-color":"","overlay-opacity":"","overlay-gradient":""},"tablet":{"background-color":"var(--ast-global-color-5)","background-image":"","background-repeat":"repeat","background-position":"center center","background-size":"auto","background-attachment":"scroll","background-type":"","background-media":"","overlay-type":"","overlay-color":"","overlay-opacity":"","overlay-gradient":""},"mobile":{"background-color":"var(--ast-global-color-5)","background-image":"","background-repeat":"repeat","background-position":"center center","background-size":"auto","background-attachment":"scroll","background-type":"","background-media":"","overlay-type":"","overlay-color":"","overlay-opacity":"","overlay-gradient":""}}},"product_brand":[],"product_cat":[52,25,420,14249,266],"product_tag":[],"class_list":{"0":"post-186362","1":"product","2":"type-product","3":"status-publish","4":"has-post-thumbnail","6":"product_cat-20th-century","7":"product_cat-deutsch","8":"product_cat-figuren","9":"product_cat-wolfgang-grimm","10":"product_cat-zeichnung","11":"desktop-align-center","12":"tablet-align-left","13":"mobile-align-left","15":"first","16":"instock","17":"taxable","18":"shipping-taxable","19":"product-type-simple"},"_links":{"self":[{"href":"https:\/\/collection.galerie-gerdes.com\/it\/wp-json\/wp\/v2\/product\/186362","targetHints":{"allow":["GET"]}}],"collection":[{"href":"https:\/\/collection.galerie-gerdes.com\/it\/wp-json\/wp\/v2\/product"}],"about":[{"href":"https:\/\/collection.galerie-gerdes.com\/it\/wp-json\/wp\/v2\/types\/product"}],"wp:featuredmedia":[{"embeddable":true,"href":"https:\/\/collection.galerie-gerdes.com\/it\/wp-json\/wp\/v2\/media\/186537"}],"wp:attachment":[{"href":"https:\/\/collection.galerie-gerdes.com\/it\/wp-json\/wp\/v2\/media?parent=186362"}],"wp:term":[{"taxonomy":"product_brand","embeddable":true,"href":"https:\/\/collection.galerie-gerdes.com\/it\/wp-json\/wp\/v2\/product_brand?post=186362"},{"taxonomy":"product_cat","embeddable":true,"href":"https:\/\/collection.galerie-gerdes.com\/it\/wp-json\/wp\/v2\/product_cat?post=186362"},{"taxonomy":"product_tag","embeddable":true,"href":"https:\/\/collection.galerie-gerdes.com\/it\/wp-json\/wp\/v2\/product_tag?post=186362"}],"curies":[{"name":"wp","href":"https:\/\/api.w.org\/{rel}","templated":true}]}}