{"id":234365,"date":"2024-09-05T19:24:40","date_gmt":"2024-09-05T17:24:40","guid":{"rendered":"https:\/\/www.collection.galerie-gerdes.com\/?post_type=product&#038;p=234365"},"modified":"2024-09-13T23:09:44","modified_gmt":"2024-09-13T21:09:44","slug":"pergola-mit-weinlaube-impressionistisches-gemaelde-von-elise-goebeler","status":"publish","type":"product","link":"https:\/\/collection.galerie-gerdes.com\/it\/p\/pergola-mit-weinlaube-impressionistisches-gemaelde-von-elise-goebeler\/","title":{"rendered":"Pergola mit Weinlaube (um 1885) | Impressionistisches Gem\u00e4lde von Elise G\u00f6beler"},"content":{"rendered":"<p>Elise Goebeler (auch G\u00f6beler, * 6. Mai 1847 in Bad Freienwalde; \u2020 21. Februar 1913 in Berlin-Wilmersdorf) war eine deutsche Portr\u00e4t- und Genremalerin.<\/p>\n<p>Sie absolvierte ihr Studium zun\u00e4chst von 1870 bis 1872 bei Carl Steffeck in Berlin und sp\u00e4ter von 1896 bis 1898 bei Wilhelm D\u00fcrr dem J\u00fcngeren in M\u00fcnchen. Ihr Werk <em>Cinderella (Aschenputtel)<\/em> wurde 1880 in Berlin ausgestellt und von den kaiserlichen Kunstsammlungen erworben. Im gleichen Jahr pr\u00e4sentierte sie weitere Werke, darunter <em>Junges M\u00e4dchen mit Weidenbl\u00fcten<\/em> und <em>Neapolitanische Wasserverk\u00e4uferin<\/em>. 1881 erschien ihr Gem\u00e4lde <em>Dornr\u00f6schen bei der alten Spinnerin<\/em> auf der Titelseite der <em>Illustrirten Zeitung<\/em>.<\/p>\n<p>Im Laufe ihrer Karriere stellte Goebeler regelm\u00e4\u00dfig in Berlin aus, darunter 1887 <em>Vanitas, Vanitatum Vanitas<\/em> und <em>Netzflicker<\/em> sowie 1897 <em>Fr\u00f6hlichkeit<\/em>. Ihr Werk <em>Elegie<\/em>, das 1899 im M\u00fcnchener Glaspalast gezeigt wurde, erhielt viel Lob von den Kunstkritikern. Zwischen 1883 und 1887 verbrachte sie mehrere Jahre in Italien, was ihre Arbeit stark beeinflusste. 1906 er\u00f6ffnete Goebeler in Berlin ihr eigenes Atelier, in dem sie Sch\u00fcler unterrichtete. Zudem war sie Mitglied im Verein der Berliner K\u00fcnstlerinnen.<\/p>\n","protected":false},"excerpt":{"rendered":"<p>Elise Goebeler (1847 in Bad Freienwalde &#8211; 1913 in Berlin-Wilmersdorf)<br \/>\netwa drei kleine L\u00f6cher, sollte gereinigt und vereinzelnt retuschiert werden.<\/p>\n","protected":false},"featured_media":234909,"template":"","meta":{"site-sidebar-layout":"default","site-content-layout":"","ast-site-content-layout":"default","site-content-style":"default","site-sidebar-style":"default","ast-global-header-display":"","ast-banner-title-visibility":"","ast-main-header-display":"","ast-hfb-above-header-display":"","ast-hfb-below-header-display":"","ast-hfb-mobile-header-display":"","site-post-title":"","ast-breadcrumbs-content":"","ast-featured-img":"","footer-sml-layout":"","ast-disable-related-posts":"","theme-transparent-header-meta":"default","adv-header-id-meta":"","stick-header-meta":"","header-above-stick-meta":"","header-main-stick-meta":"","header-below-stick-meta":"","astra-migrate-meta-layouts":"set","ast-page-background-enabled":"default","ast-page-background-meta":{"desktop":{"background-color":"var(--ast-global-color-4)","background-image":"","background-repeat":"repeat","background-position":"center center","background-size":"auto","background-attachment":"scroll","background-type":"","background-media":"","overlay-type":"","overlay-color":"","overlay-opacity":"","overlay-gradient":""},"tablet":{"background-color":"","background-image":"","background-repeat":"repeat","background-position":"center center","background-size":"auto","background-attachment":"scroll","background-type":"","background-media":"","overlay-type":"","overlay-color":"","overlay-opacity":"","overlay-gradient":""},"mobile":{"background-color":"","background-image":"","background-repeat":"repeat","background-position":"center center","background-size":"auto","background-attachment":"scroll","background-type":"","background-media":"","overlay-type":"","overlay-color":"","overlay-opacity":"","overlay-gradient":""}},"ast-content-background-meta":{"desktop":{"background-color":"var(--ast-global-color-5)","background-image":"","background-repeat":"repeat","background-position":"center center","background-size":"auto","background-attachment":"scroll","background-type":"","background-media":"","overlay-type":"","overlay-color":"","overlay-opacity":"","overlay-gradient":""},"tablet":{"background-color":"var(--ast-global-color-5)","background-image":"","background-repeat":"repeat","background-position":"center center","background-size":"auto","background-attachment":"scroll","background-type":"","background-media":"","overlay-type":"","overlay-color":"","overlay-opacity":"","overlay-gradient":""},"mobile":{"background-color":"var(--ast-global-color-5)","background-image":"","background-repeat":"repeat","background-position":"center center","background-size":"auto","background-attachment":"scroll","background-type":"","background-media":"","overlay-type":"","overlay-color":"","overlay-opacity":"","overlay-gradient":""}}},"product_brand":[],"product_cat":[14371],"product_tag":[],"class_list":{"0":"post-234365","1":"product","2":"type-product","3":"status-publish","4":"has-post-thumbnail","6":"product_cat-elise-goebeler","7":"desktop-align-center","8":"tablet-align-left","9":"mobile-align-left","11":"first","12":"instock","13":"taxable","14":"shipping-taxable","15":"product-type-simple"},"_links":{"self":[{"href":"https:\/\/collection.galerie-gerdes.com\/it\/wp-json\/wp\/v2\/product\/234365","targetHints":{"allow":["GET"]}}],"collection":[{"href":"https:\/\/collection.galerie-gerdes.com\/it\/wp-json\/wp\/v2\/product"}],"about":[{"href":"https:\/\/collection.galerie-gerdes.com\/it\/wp-json\/wp\/v2\/types\/product"}],"wp:featuredmedia":[{"embeddable":true,"href":"https:\/\/collection.galerie-gerdes.com\/it\/wp-json\/wp\/v2\/media\/234909"}],"wp:attachment":[{"href":"https:\/\/collection.galerie-gerdes.com\/it\/wp-json\/wp\/v2\/media?parent=234365"}],"wp:term":[{"taxonomy":"product_brand","embeddable":true,"href":"https:\/\/collection.galerie-gerdes.com\/it\/wp-json\/wp\/v2\/product_brand?post=234365"},{"taxonomy":"product_cat","embeddable":true,"href":"https:\/\/collection.galerie-gerdes.com\/it\/wp-json\/wp\/v2\/product_cat?post=234365"},{"taxonomy":"product_tag","embeddable":true,"href":"https:\/\/collection.galerie-gerdes.com\/it\/wp-json\/wp\/v2\/product_tag?post=234365"}],"curies":[{"name":"wp","href":"https:\/\/api.w.org\/{rel}","templated":true}]}}