{"id":243300,"date":"2024-09-25T22:35:16","date_gmt":"2024-09-25T20:35:16","guid":{"rendered":"https:\/\/www.collection.galerie-gerdes.com\/?post_type=product&#038;p=243300"},"modified":"2024-10-12T15:56:55","modified_gmt":"2024-10-12T13:56:55","slug":"rosen-stillleben-gemaelde-von-rudolf-nitschke","status":"publish","type":"product","link":"https:\/\/collection.galerie-gerdes.com\/it\/p\/rosen-stillleben-gemaelde-von-rudolf-nitschke\/","title":{"rendered":"Rosen Stillleben | Gem\u00e4lde von Rudolf Nitschke"},"content":{"rendered":"<p>Rudolf Nitschke (* 5. Februar 1903 in Dresden; \u2020 2. Juni 1961 in H\u00f6\u00dflinswart) war ein deutscher Maler, bekannt f\u00fcr seine Landschafts- und Portr\u00e4tmalerei.<\/p>\n<p>Er wurde in Dresden als Sohn eines Beamten geboren. Nach einer Lehre als Feinmechaniker besuchte er von 1927 bis 1929 die private Malschule von Ewald Sch\u00f6nberg in Dresden und studierte anschlie\u00dfend bis 1937 an der Akademie der Bildenden K\u00fcnste in Dresden unter den Professoren Richard M\u00fcller, Hans Hanner und Otto Dix, dessen Meistersch\u00fcler er wurde. 1933 setzte sich Nitschke zusammen mit anderen Studierenden f\u00fcr den Verbleib von Otto Dix an der Akademie ein, nachdem dieser von den Nationalsozialisten entfernt werden sollte.<\/p>\n<p>1938 zog Nitschke nach W\u00fcrttemberg, wo er zun\u00e4chst in Balingen und sp\u00e4ter in Spaichingen lebte. W\u00e4hrend des Zweiten Weltkrieges wurde er zum Sanit\u00e4tssoldaten nach Russland versetzt und kehrte 1946 aus der Kriegsgefangenschaft zur\u00fcck. Nach dem Krieg gr\u00fcndete er eine Malschule in Spaichingen und organisierte mit seiner Frau und einer Malsch\u00fclerin eine Wanderausstellung.<\/p>\n<p>Nitschke malte insbesondere Landschaften &#8220;en plein air&#8221; sowie Portr\u00e4ts und Blumenstillleben. Seine Werke zeichnen sich durch impressionistische Leichtigkeit und Leuchtkraft aus, wobei der Einfluss seines Lehrers Otto Dix in seinen fr\u00fchen Arbeiten sichtbar ist. Er war auch als Restaurator von besch\u00e4digten Gem\u00e4lden t\u00e4tig.<\/p>\n<p>Rudolf Nitschke war zweimal verheiratet. Aus seiner ersten Ehe mit Elli-Maria Kretschmar gingen vier Kinder hervor. 1960 heiratete er Hannel Illg, die nach seinem Tod seinen k\u00fcnstlerischen Nachlass der Stadt Balingen vermachte, wo seine Werke in die kommunale Kunstsammlung aufgenommen wurden.<\/p>\n","protected":false},"excerpt":{"rendered":"<p>Rudolf Nitschke (1903 &#8211; 1961)<\/p>\n","protected":false},"featured_media":243511,"template":"","meta":{"site-sidebar-layout":"default","site-content-layout":"","ast-site-content-layout":"default","site-content-style":"default","site-sidebar-style":"default","ast-global-header-display":"","ast-banner-title-visibility":"","ast-main-header-display":"","ast-hfb-above-header-display":"","ast-hfb-below-header-display":"","ast-hfb-mobile-header-display":"","site-post-title":"","ast-breadcrumbs-content":"","ast-featured-img":"","footer-sml-layout":"","ast-disable-related-posts":"","theme-transparent-header-meta":"default","adv-header-id-meta":"","stick-header-meta":"","header-above-stick-meta":"","header-main-stick-meta":"","header-below-stick-meta":"","astra-migrate-meta-layouts":"set","ast-page-background-enabled":"default","ast-page-background-meta":{"desktop":{"background-color":"var(--ast-global-color-4)","background-image":"","background-repeat":"repeat","background-position":"center center","background-size":"auto","background-attachment":"scroll","background-type":"","background-media":"","overlay-type":"","overlay-color":"","overlay-opacity":"","overlay-gradient":""},"tablet":{"background-color":"","background-image":"","background-repeat":"repeat","background-position":"center center","background-size":"auto","background-attachment":"scroll","background-type":"","background-media":"","overlay-type":"","overlay-color":"","overlay-opacity":"","overlay-gradient":""},"mobile":{"background-color":"","background-image":"","background-repeat":"repeat","background-position":"center center","background-size":"auto","background-attachment":"scroll","background-type":"","background-media":"","overlay-type":"","overlay-color":"","overlay-opacity":"","overlay-gradient":""}},"ast-content-background-meta":{"desktop":{"background-color":"var(--ast-global-color-5)","background-image":"","background-repeat":"repeat","background-position":"center center","background-size":"auto","background-attachment":"scroll","background-type":"","background-media":"","overlay-type":"","overlay-color":"","overlay-opacity":"","overlay-gradient":""},"tablet":{"background-color":"var(--ast-global-color-5)","background-image":"","background-repeat":"repeat","background-position":"center center","background-size":"auto","background-attachment":"scroll","background-type":"","background-media":"","overlay-type":"","overlay-color":"","overlay-opacity":"","overlay-gradient":""},"mobile":{"background-color":"var(--ast-global-color-5)","background-image":"","background-repeat":"repeat","background-position":"center center","background-size":"auto","background-attachment":"scroll","background-type":"","background-media":"","overlay-type":"","overlay-color":"","overlay-opacity":"","overlay-gradient":""}}},"product_brand":[],"product_cat":[14387],"product_tag":[],"class_list":{"0":"post-243300","1":"product","2":"type-product","3":"status-publish","4":"has-post-thumbnail","6":"product_cat-rudolf-nitschke","7":"desktop-align-center","8":"tablet-align-left","9":"mobile-align-left","11":"first","12":"instock","13":"taxable","14":"shipping-taxable","15":"product-type-simple"},"_links":{"self":[{"href":"https:\/\/collection.galerie-gerdes.com\/it\/wp-json\/wp\/v2\/product\/243300","targetHints":{"allow":["GET"]}}],"collection":[{"href":"https:\/\/collection.galerie-gerdes.com\/it\/wp-json\/wp\/v2\/product"}],"about":[{"href":"https:\/\/collection.galerie-gerdes.com\/it\/wp-json\/wp\/v2\/types\/product"}],"wp:featuredmedia":[{"embeddable":true,"href":"https:\/\/collection.galerie-gerdes.com\/it\/wp-json\/wp\/v2\/media\/243511"}],"wp:attachment":[{"href":"https:\/\/collection.galerie-gerdes.com\/it\/wp-json\/wp\/v2\/media?parent=243300"}],"wp:term":[{"taxonomy":"product_brand","embeddable":true,"href":"https:\/\/collection.galerie-gerdes.com\/it\/wp-json\/wp\/v2\/product_brand?post=243300"},{"taxonomy":"product_cat","embeddable":true,"href":"https:\/\/collection.galerie-gerdes.com\/it\/wp-json\/wp\/v2\/product_cat?post=243300"},{"taxonomy":"product_tag","embeddable":true,"href":"https:\/\/collection.galerie-gerdes.com\/it\/wp-json\/wp\/v2\/product_tag?post=243300"}],"curies":[{"name":"wp","href":"https:\/\/api.w.org\/{rel}","templated":true}]}}