{"id":252000,"date":"2024-10-23T21:22:14","date_gmt":"2024-10-23T19:22:14","guid":{"rendered":"https:\/\/www.collection.galerie-gerdes.com\/?post_type=product&#038;p=252000"},"modified":"2024-10-29T17:42:29","modified_gmt":"2024-10-29T16:42:29","slug":"szene-junge-frau-fliegenden-blaetter","status":"publish","type":"product","link":"https:\/\/collection.galerie-gerdes.com\/it\/p\/szene-junge-frau-fliegenden-blaetter\/","title":{"rendered":"Szene Junge Frau &#038; Mann | Federzeichnung von Gustav Rheinen; Fliegenden Bl\u00e4tter"},"content":{"rendered":"<p>Deutscher Illustrator des 20.Jhd. Gustav Rheinen war t\u00e4tig f\u00fcr unterschiedliche Verlage f\u00fcr die er Illustrationen anfertigte, darunter Simplicissimus.<\/p>\n<p>Vergleiche auch: <a href=\"https:\/\/heidicon.ub.uni-heidelberg.de\/search?p=173&amp;ot=objekte&amp;input=%7B%22query%22:%5B%7B%22class%22:%22QueryElementField%22,%22data%22:%7B%22field%22:%7B%22class%22:%22NestedTable%22,%22mask%22:%7B%22name%22:%22objekte_standard_maske%22%7D,%22field%22:%7B%22name%22:%22objekte._nested:objekte__obj_autoren%22%7D%7D,%22_ot_name%22:%22objekte%22,%22data%22:%7B%22_nested:objekte__obj_autoren:unset%22:false,%22_nested:objekte__obj_autoren%22:%5B%7B%22_new%22:true,%22obj_autor_gnd:unset%22:false,%22obj_autor_gnd%22:%221036437590%22,%22obj_autor_gnd:mode%22:%22fulltext%22,%22obj_autor_gnd:type%22:%22fulltext%22,%22obj_autor_gnd_rolle:unset%22:false,%22obj_autor_gnd_rolle%22:null,%22obj_autor_zuschreibung:unset%22:false,%22obj_autor_zuschreibung%22:%22%22,%22obj_autor_zuschreibung:mode%22:%22fulltext%22,%22obj_autor_zuschreibung:type%22:%22fulltext%22%7D%5D%7D%7D%7D%5D%7D\">hier<\/a><\/p>\n","protected":false},"excerpt":{"rendered":"<p>Gustav Rheinen (XX)<\/p>\n","protected":false},"featured_media":252195,"template":"","meta":{"site-sidebar-layout":"default","site-content-layout":"","ast-site-content-layout":"default","site-content-style":"default","site-sidebar-style":"default","ast-global-header-display":"","ast-banner-title-visibility":"","ast-main-header-display":"","ast-hfb-above-header-display":"","ast-hfb-below-header-display":"","ast-hfb-mobile-header-display":"","site-post-title":"","ast-breadcrumbs-content":"","ast-featured-img":"","footer-sml-layout":"","ast-disable-related-posts":"","theme-transparent-header-meta":"default","adv-header-id-meta":"","stick-header-meta":"","header-above-stick-meta":"","header-main-stick-meta":"","header-below-stick-meta":"","astra-migrate-meta-layouts":"set","ast-page-background-enabled":"default","ast-page-background-meta":{"desktop":{"background-color":"var(--ast-global-color-4)","background-image":"","background-repeat":"repeat","background-position":"center center","background-size":"auto","background-attachment":"scroll","background-type":"","background-media":"","overlay-type":"","overlay-color":"","overlay-opacity":"","overlay-gradient":""},"tablet":{"background-color":"","background-image":"","background-repeat":"repeat","background-position":"center center","background-size":"auto","background-attachment":"scroll","background-type":"","background-media":"","overlay-type":"","overlay-color":"","overlay-opacity":"","overlay-gradient":""},"mobile":{"background-color":"","background-image":"","background-repeat":"repeat","background-position":"center center","background-size":"auto","background-attachment":"scroll","background-type":"","background-media":"","overlay-type":"","overlay-color":"","overlay-opacity":"","overlay-gradient":""}},"ast-content-background-meta":{"desktop":{"background-color":"var(--ast-global-color-5)","background-image":"","background-repeat":"repeat","background-position":"center center","background-size":"auto","background-attachment":"scroll","background-type":"","background-media":"","overlay-type":"","overlay-color":"","overlay-opacity":"","overlay-gradient":""},"tablet":{"background-color":"var(--ast-global-color-5)","background-image":"","background-repeat":"repeat","background-position":"center center","background-size":"auto","background-attachment":"scroll","background-type":"","background-media":"","overlay-type":"","overlay-color":"","overlay-opacity":"","overlay-gradient":""},"mobile":{"background-color":"var(--ast-global-color-5)","background-image":"","background-repeat":"repeat","background-position":"center center","background-size":"auto","background-attachment":"scroll","background-type":"","background-media":"","overlay-type":"","overlay-color":"","overlay-opacity":"","overlay-gradient":""}}},"product_brand":[],"product_cat":[52,25,381,179,14407,424,266],"product_tag":[],"class_list":{"0":"post-252000","1":"product","2":"type-product","3":"status-publish","4":"has-post-thumbnail","6":"product_cat-20th-century","7":"product_cat-deutsch","8":"product_cat-fliegende-blatter","9":"product_cat-gemaelde","10":"product_cat-gustav-rheinen","11":"product_cat-karikaturen","12":"product_cat-zeichnung","13":"desktop-align-center","14":"tablet-align-left","15":"mobile-align-left","17":"first","18":"instock","19":"taxable","20":"shipping-taxable","21":"product-type-simple"},"_links":{"self":[{"href":"https:\/\/collection.galerie-gerdes.com\/it\/wp-json\/wp\/v2\/product\/252000","targetHints":{"allow":["GET"]}}],"collection":[{"href":"https:\/\/collection.galerie-gerdes.com\/it\/wp-json\/wp\/v2\/product"}],"about":[{"href":"https:\/\/collection.galerie-gerdes.com\/it\/wp-json\/wp\/v2\/types\/product"}],"wp:featuredmedia":[{"embeddable":true,"href":"https:\/\/collection.galerie-gerdes.com\/it\/wp-json\/wp\/v2\/media\/252195"}],"wp:attachment":[{"href":"https:\/\/collection.galerie-gerdes.com\/it\/wp-json\/wp\/v2\/media?parent=252000"}],"wp:term":[{"taxonomy":"product_brand","embeddable":true,"href":"https:\/\/collection.galerie-gerdes.com\/it\/wp-json\/wp\/v2\/product_brand?post=252000"},{"taxonomy":"product_cat","embeddable":true,"href":"https:\/\/collection.galerie-gerdes.com\/it\/wp-json\/wp\/v2\/product_cat?post=252000"},{"taxonomy":"product_tag","embeddable":true,"href":"https:\/\/collection.galerie-gerdes.com\/it\/wp-json\/wp\/v2\/product_tag?post=252000"}],"curies":[{"name":"wp","href":"https:\/\/api.w.org\/{rel}","templated":true}]}}