{"id":282408,"date":"2024-11-28T17:06:02","date_gmt":"2024-11-28T16:06:02","guid":{"rendered":"https:\/\/www.collection.galerie-gerdes.com\/?post_type=product&#038;p=282408"},"modified":"2024-12-18T16:46:13","modified_gmt":"2024-12-18T15:46:13","slug":"strahlende-landschaft-nach-gewitter-aquarell-von-karl-seifer-klages-klump","status":"publish","type":"product","link":"https:\/\/collection.galerie-gerdes.com\/it\/p\/strahlende-landschaft-nach-gewitter-aquarell-von-karl-seifer-klages-klump\/","title":{"rendered":"Strahlende Landschaft nach Gewitter | Aquarell von Karl Seifer (Klages Klump)"},"content":{"rendered":"<p>Karl Seifer (Pseudonym: Klages Klump; * 5. Februar 1899 in Gro\u00df D\u00fcngen bei Salzdetfurth; \u2020 6. Juni 1972) war ein deutscher Bauer, Schriftsteller, Mundartautor und Maler. Seifer wurde w\u00e4hrend der Gr\u00fcnderzeit des Deutschen Kaiserreichs in Gro\u00df D\u00fcngen geboren, einem Ort, der sp\u00e4ter nach Bad Salzdetfurth eingemeindet wurde. Er \u00fcbernahm den kleinen Bauernhof seines Vaters und lebte dort ein Leben, das von seiner Heimat und Kultur gepr\u00e4gt war.<\/p>\n<p>Als Schriftsteller schrieb er unter dem Pseudonym <em>Klages Klump<\/em> zahlreiche Werke, die durch bodenst\u00e4ndigen Humor und eine authentische Verbindung zur l\u00e4ndlichen Lebenswelt ausgezeichnet sind. Zu seinen bekanntesten B\u00fcchern z\u00e4hlen <em>As Rekrute beu de Dragoners. Streike und Belewnisse<\/em> (1927), <em>Mein Ochse Hannes. Eine Geschichte mit urw\u00fcchsigem Humor<\/em> (1988), <em>Unter der Dorflinde. Ernste und heitere Erz\u00e4hlungen<\/em> (1988) sowie <em>D\u00fct un dat in Hoch un Platt<\/em> (1988). Diese Werke, oft in plattdeutscher Mundart verfasst, spiegeln die heitere und ernste Seite des d\u00f6rflichen Lebens wider.<\/p>\n<p>Neben dem Schreiben widmete sich Seifer auch der Malerei, die er sich autodidaktisch aneignete. Sein k\u00fcnstlerisches Werk ist ein weiteres Zeugnis seiner Kreativit\u00e4t und seiner tiefen Verwurzelung in der Region.<\/p>\n<p>In Bad Salzdetfurth erinnert der nach ihm benannte <em>Klages-Klump-Weg<\/em> an sein Wirken und seine Bedeutung als kulturelle Pers\u00f6nlichkeit der Region.<\/p>\n<p>&nbsp;<\/p>\n","protected":false},"excerpt":{"rendered":"<p>Klages Klump (1899-1972)<\/p>\n","protected":false},"featured_media":283864,"template":"","meta":{"site-sidebar-layout":"default","site-content-layout":"","ast-site-content-layout":"default","site-content-style":"default","site-sidebar-style":"default","ast-global-header-display":"","ast-banner-title-visibility":"","ast-main-header-display":"","ast-hfb-above-header-display":"","ast-hfb-below-header-display":"","ast-hfb-mobile-header-display":"","site-post-title":"","ast-breadcrumbs-content":"","ast-featured-img":"","footer-sml-layout":"","ast-disable-related-posts":"","theme-transparent-header-meta":"default","adv-header-id-meta":"","stick-header-meta":"","header-above-stick-meta":"","header-main-stick-meta":"","header-below-stick-meta":"","astra-migrate-meta-layouts":"set","ast-page-background-enabled":"default","ast-page-background-meta":{"desktop":{"background-color":"var(--ast-global-color-4)","background-image":"","background-repeat":"repeat","background-position":"center center","background-size":"auto","background-attachment":"scroll","background-type":"","background-media":"","overlay-type":"","overlay-color":"","overlay-opacity":"","overlay-gradient":""},"tablet":{"background-color":"","background-image":"","background-repeat":"repeat","background-position":"center center","background-size":"auto","background-attachment":"scroll","background-type":"","background-media":"","overlay-type":"","overlay-color":"","overlay-opacity":"","overlay-gradient":""},"mobile":{"background-color":"","background-image":"","background-repeat":"repeat","background-position":"center center","background-size":"auto","background-attachment":"scroll","background-type":"","background-media":"","overlay-type":"","overlay-color":"","overlay-opacity":"","overlay-gradient":""}},"ast-content-background-meta":{"desktop":{"background-color":"var(--ast-global-color-5)","background-image":"","background-repeat":"repeat","background-position":"center center","background-size":"auto","background-attachment":"scroll","background-type":"","background-media":"","overlay-type":"","overlay-color":"","overlay-opacity":"","overlay-gradient":""},"tablet":{"background-color":"var(--ast-global-color-5)","background-image":"","background-repeat":"repeat","background-position":"center center","background-size":"auto","background-attachment":"scroll","background-type":"","background-media":"","overlay-type":"","overlay-color":"","overlay-opacity":"","overlay-gradient":""},"mobile":{"background-color":"var(--ast-global-color-5)","background-image":"","background-repeat":"repeat","background-position":"center center","background-size":"auto","background-attachment":"scroll","background-type":"","background-media":"","overlay-type":"","overlay-color":"","overlay-opacity":"","overlay-gradient":""}}},"product_brand":[],"product_cat":[52,265,255,256,258,25,179,257,259,254,250,251,14692,409],"product_tag":[],"class_list":{"0":"post-282408","1":"product","2":"type-product","3":"status-publish","4":"has-post-thumbnail","6":"product_cat-20th-century","7":"product_cat-aquarell","8":"product_cat-berthold-hellingrath","9":"product_cat-bruno-buresch","10":"product_cat-curt-wittenbecher","11":"product_cat-deutsch","12":"product_cat-gemaelde","13":"product_cat-giuseppe-furlani","14":"product_cat-heinz-pinggera","15":"product_cat-jacques-le-roux","16":"product_cat-josef-p-kronenberg","17":"product_cat-karl-schickhardt","18":"product_cat-klages-klump","19":"product_cat-landschaft","20":"desktop-align-center","21":"tablet-align-left","22":"mobile-align-left","24":"first","25":"instock","26":"taxable","27":"shipping-taxable","28":"product-type-simple"},"_links":{"self":[{"href":"https:\/\/collection.galerie-gerdes.com\/it\/wp-json\/wp\/v2\/product\/282408","targetHints":{"allow":["GET"]}}],"collection":[{"href":"https:\/\/collection.galerie-gerdes.com\/it\/wp-json\/wp\/v2\/product"}],"about":[{"href":"https:\/\/collection.galerie-gerdes.com\/it\/wp-json\/wp\/v2\/types\/product"}],"wp:featuredmedia":[{"embeddable":true,"href":"https:\/\/collection.galerie-gerdes.com\/it\/wp-json\/wp\/v2\/media\/283864"}],"wp:attachment":[{"href":"https:\/\/collection.galerie-gerdes.com\/it\/wp-json\/wp\/v2\/media?parent=282408"}],"wp:term":[{"taxonomy":"product_brand","embeddable":true,"href":"https:\/\/collection.galerie-gerdes.com\/it\/wp-json\/wp\/v2\/product_brand?post=282408"},{"taxonomy":"product_cat","embeddable":true,"href":"https:\/\/collection.galerie-gerdes.com\/it\/wp-json\/wp\/v2\/product_cat?post=282408"},{"taxonomy":"product_tag","embeddable":true,"href":"https:\/\/collection.galerie-gerdes.com\/it\/wp-json\/wp\/v2\/product_tag?post=282408"}],"curies":[{"name":"wp","href":"https:\/\/api.w.org\/{rel}","templated":true}]}}