{"id":282413,"date":"2024-11-28T16:12:43","date_gmt":"2024-11-28T15:12:43","guid":{"rendered":"https:\/\/www.collection.galerie-gerdes.com\/?post_type=product&#038;p=282413"},"modified":"2024-12-18T16:46:13","modified_gmt":"2024-12-18T15:46:13","slug":"schwaebische-seelandschaft-gemaelde-von-richard-seemann","status":"publish","type":"product","link":"https:\/\/collection.galerie-gerdes.com\/it\/p\/schwaebische-seelandschaft-gemaelde-von-richard-seemann\/","title":{"rendered":"Schw\u00e4bische Seelandschaft | Gem\u00e4lde von Richard Seemann"},"content":{"rendered":"<p>Richard Seemann (1857\u20131930) war ein deutscher Maler aus Stuttgart, der vor allem f\u00fcr seine Landschaftsbilder, Stillleben und Portr\u00e4ts bekannt war. Geboren am 15. Februar 1857 in Stuttgart, absolvierte er seine Ausbildung an der Stuttgarter Kunstakademie, wo er bei renommierten Lehrern wie Ludwig Herterich, Gustav Igler und Robert von Haug studierte.<\/p>\n<p>Seemann heiratete Julie Heinrike Seiz (1863\u20131946), mit der er einen Sohn, Erich Seemann (1888\u20131966), hatte. Die Familie lebte sp\u00e4testens ab 1888 in der Stuttgarter Innenstadt. Im Laufe seines Lebens zog Seemann mehrfach innerhalb der Stadt um. 1898 lebte er in der Heusteigstra\u00dfe 97A, 1899 in der Mittelstra\u00dfe 13,1 und ab 1907 in der R\u00f6merstra\u00dfe 86, wo er bis zu seinem Tod blieb.<\/p>\n<p>Richard Seemann war ein aktiver Teilnehmer der Kunstszene seiner Zeit. 1916 stellte er einige seiner Werke bei einer Ausstellung des Stuttgarter K\u00fcnstlerbundes im Kunstverein Hamburg aus. Er starb am 18. Februar 1930 in Stuttgart.<\/p>\n","protected":false},"excerpt":{"rendered":"<p>Richard Seemann (1857-1930)<br \/>\nAn zwei Stellen Farbabplatzer (links und unten)<br \/>\nInstabile Mahlschicht aufgrund fehlender Grundierung<\/p>\n","protected":false},"featured_media":283018,"template":"","meta":{"site-sidebar-layout":"default","site-content-layout":"","ast-site-content-layout":"default","site-content-style":"default","site-sidebar-style":"default","ast-global-header-display":"","ast-banner-title-visibility":"","ast-main-header-display":"","ast-hfb-above-header-display":"","ast-hfb-below-header-display":"","ast-hfb-mobile-header-display":"","site-post-title":"","ast-breadcrumbs-content":"","ast-featured-img":"","footer-sml-layout":"","ast-disable-related-posts":"","theme-transparent-header-meta":"default","adv-header-id-meta":"","stick-header-meta":"","header-above-stick-meta":"","header-main-stick-meta":"","header-below-stick-meta":"","astra-migrate-meta-layouts":"set","ast-page-background-enabled":"default","ast-page-background-meta":{"desktop":{"background-color":"var(--ast-global-color-4)","background-image":"","background-repeat":"repeat","background-position":"center center","background-size":"auto","background-attachment":"scroll","background-type":"","background-media":"","overlay-type":"","overlay-color":"","overlay-opacity":"","overlay-gradient":""},"tablet":{"background-color":"","background-image":"","background-repeat":"repeat","background-position":"center center","background-size":"auto","background-attachment":"scroll","background-type":"","background-media":"","overlay-type":"","overlay-color":"","overlay-opacity":"","overlay-gradient":""},"mobile":{"background-color":"","background-image":"","background-repeat":"repeat","background-position":"center center","background-size":"auto","background-attachment":"scroll","background-type":"","background-media":"","overlay-type":"","overlay-color":"","overlay-opacity":"","overlay-gradient":""}},"ast-content-background-meta":{"desktop":{"background-color":"var(--ast-global-color-5)","background-image":"","background-repeat":"repeat","background-position":"center center","background-size":"auto","background-attachment":"scroll","background-type":"","background-media":"","overlay-type":"","overlay-color":"","overlay-opacity":"","overlay-gradient":""},"tablet":{"background-color":"var(--ast-global-color-5)","background-image":"","background-repeat":"repeat","background-position":"center center","background-size":"auto","background-attachment":"scroll","background-type":"","background-media":"","overlay-type":"","overlay-color":"","overlay-opacity":"","overlay-gradient":""},"mobile":{"background-color":"var(--ast-global-color-5)","background-image":"","background-repeat":"repeat","background-position":"center center","background-size":"auto","background-attachment":"scroll","background-type":"","background-media":"","overlay-type":"","overlay-color":"","overlay-opacity":"","overlay-gradient":""}}},"product_brand":[],"product_cat":[53,25,179,409,267,14714,413],"product_tag":[],"class_list":{"0":"post-282413","1":"product","2":"type-product","3":"status-publish","4":"has-post-thumbnail","6":"product_cat-19th-century","7":"product_cat-deutsch","8":"product_cat-gemaelde","9":"product_cat-landschaft","10":"product_cat-oelgemaelde","11":"product_cat-richard-seemann","12":"product_cat-sommerlandschaft","13":"desktop-align-center","14":"tablet-align-left","15":"mobile-align-left","17":"first","18":"instock","19":"taxable","20":"shipping-taxable","21":"product-type-simple"},"_links":{"self":[{"href":"https:\/\/collection.galerie-gerdes.com\/it\/wp-json\/wp\/v2\/product\/282413","targetHints":{"allow":["GET"]}}],"collection":[{"href":"https:\/\/collection.galerie-gerdes.com\/it\/wp-json\/wp\/v2\/product"}],"about":[{"href":"https:\/\/collection.galerie-gerdes.com\/it\/wp-json\/wp\/v2\/types\/product"}],"wp:featuredmedia":[{"embeddable":true,"href":"https:\/\/collection.galerie-gerdes.com\/it\/wp-json\/wp\/v2\/media\/283018"}],"wp:attachment":[{"href":"https:\/\/collection.galerie-gerdes.com\/it\/wp-json\/wp\/v2\/media?parent=282413"}],"wp:term":[{"taxonomy":"product_brand","embeddable":true,"href":"https:\/\/collection.galerie-gerdes.com\/it\/wp-json\/wp\/v2\/product_brand?post=282413"},{"taxonomy":"product_cat","embeddable":true,"href":"https:\/\/collection.galerie-gerdes.com\/it\/wp-json\/wp\/v2\/product_cat?post=282413"},{"taxonomy":"product_tag","embeddable":true,"href":"https:\/\/collection.galerie-gerdes.com\/it\/wp-json\/wp\/v2\/product_tag?post=282413"}],"curies":[{"name":"wp","href":"https:\/\/api.w.org\/{rel}","templated":true}]}}