{"id":309052,"date":"2023-12-16T22:46:00","date_gmt":"2023-12-16T21:46:00","guid":{"rendered":"https:\/\/collection.galerie-gerdes.com\/produkt\/la-musica-del-villaggio-disegno-adolf-muenzer-uomo-con-la-tuba\/"},"modified":"2023-12-16T22:46:00","modified_gmt":"2023-12-16T21:46:00","slug":"la-musica-del-villaggio-disegno-adolf-muenzer-uomo-con-la-tuba","status":"publish","type":"product","link":"https:\/\/collection.galerie-gerdes.com\/it\/p\/la-musica-del-villaggio-disegno-adolf-muenzer-uomo-con-la-tuba\/","title":{"rendered":"&#8220;La musica del villaggio&#8221;, disegno, Adolf M\u00fcnzer, uomo con la tuba"},"content":{"rendered":"<p>Nato a Ple\u00df, nell&#8217;Alta Slesia, trascorse l&#8217;infanzia a Breslau dopo la morte prematura del padre nel 1876, dove frequent\u00f2 il Matthias-Gymnasium e inizi\u00f2 la formazione con il pittore decorativo Georg Heintze nel 1886. In seguito continu\u00f2 la sua formazione presso la Scuola di Arti e Mestieri di Breslau e fu istruito da insegnanti come Heinrich Irmann, Paul Schobelt e Albrecht Br\u00e4uer.  <\/p>\n<p>Nel 1894, M\u00fcnzer inizi\u00f2 i suoi studi presso l&#8217;Accademia di Belle Arti di Monaco, dove ebbe come insegnanti artisti rinomati come Karl Raupp e Otto Seitz. Durante il servizio militare, entr\u00f2 a far parte della classe di pittura di Paul Hoecker, che si concentrava intensamente sulla pittura all&#8217;aria aperta. Nel 1896 M\u00fcnzer ottenne un proprio studio di pittura.  <\/p>\n<p>Nel 1898 fu uno dei due vincitori del primo concorso di Ludwig Stollwerck per i disegni dei quadri da collezione di Stollwerck, con un premio in denaro di 1000 marchi. Dal 1899, M\u00fcnzer espose le sue opere nel Glaspalast di Monaco come membro del gruppo di artisti Scholle. Questo lo port\u00f2 anche a collaborare con il settimanale di Monaco &#8220;Jugend&#8221; e con la rivista satirica &#8220;Simplicissimus&#8221;.  <\/p>\n<p>Consolid\u00f2 il suo sviluppo artistico durante un soggiorno a Parigi dal 1900 al 1902. Nel 1903 conobbe Marie Therese Dree\u00dfen, nata von Vestenhof, che spos\u00f2 un anno dopo uno spettacolare scandalo. Questo scandalo port\u00f2 al divorzio della signora Dree\u00dfen e del marito.   <\/p>\n<p>Nel 1909, M\u00fcnzer divenne responsabile di una classe di pittura presso l&#8217;Accademia d&#8217;Arte di D\u00fcsseldorf, dove insegn\u00f2 fino al 1932. Durante questo periodo, realizz\u00f2 anche murales e pitture a soffitto per il governo del distretto di D\u00fcsseldorf. Durante la Prima Guerra Mondiale, prest\u00f2 servizio come pittore di guerra al fronte nel 1915 e si arruol\u00f2 volontario nel 1917, ma non entr\u00f2 in azione.  <\/p>\n<p>Nel 1938, la famiglia M\u00fcnzer si trasfer\u00ec a Holzhausen am Ammersee. Le opere di M\u00fcnzer sono state esposte in diversi musei e collezioni rinomate, tra cui la Neue Pinakothek di Monaco, il Wallraf-Richartz-Museum di Colonia, lo St\u00e4dtisches Kunstmuseum di D\u00fcsseldorf e la collezione del Kunstverein di Basilea. <\/p>\n<p>Tra il 1938 e il 1944, M\u00fcnzer partecip\u00f2 attivamente alle Grandi Mostre d&#8217;Arte Tedesca promosse dai nazionalsocialisti presso la Haus der Deutschen Kunst di Monaco e vendette persino un&#8217;opera ad Adolf Hitler. Nel 1950 espose trenta dipinti alla Cooperativa degli Artisti di Monaco. M\u00fcnzer fu incluso nell&#8217;elenco dei premiati dal Ministero del Reich per l&#8217;Illuminazione e la Propaganda Popolare nel 1944.  <\/p>\n<p>Lo stile narrativo di M\u00fcnzer era evidente nella sua grafica, in particolare nelle sue illustrazioni di fiabe per la casa editrice Scholz di Mainz. Fu anche membro del Deutscher K\u00fcnstlerbund. <\/p>\n","protected":false},"excerpt":{"rendered":"<p>Adolf M\u00fcnzer (1870-1953)<br \/>\nSegni dell&#8217;et\u00e0, vedi foto<\/p>\n","protected":false},"featured_media":7682,"template":"","meta":{"site-sidebar-layout":"default","site-content-layout":"","ast-site-content-layout":"default","site-content-style":"default","site-sidebar-style":"default","ast-global-header-display":"","ast-banner-title-visibility":"","ast-main-header-display":"","ast-hfb-above-header-display":"","ast-hfb-below-header-display":"","ast-hfb-mobile-header-display":"","site-post-title":"","ast-breadcrumbs-content":"","ast-featured-img":"","footer-sml-layout":"","ast-disable-related-posts":"","theme-transparent-header-meta":"default","adv-header-id-meta":"","stick-header-meta":"","header-above-stick-meta":"","header-main-stick-meta":"","header-below-stick-meta":"","astra-migrate-meta-layouts":"default","ast-page-background-enabled":"default","ast-page-background-meta":{"desktop":{"background-color":"var(--ast-global-color-4)","background-image":"","background-repeat":"repeat","background-position":"center center","background-size":"auto","background-attachment":"scroll","background-type":"","background-media":"","overlay-type":"","overlay-color":"","overlay-opacity":"","overlay-gradient":""},"tablet":{"background-color":"","background-image":"","background-repeat":"repeat","background-position":"center center","background-size":"auto","background-attachment":"scroll","background-type":"","background-media":"","overlay-type":"","overlay-color":"","overlay-opacity":"","overlay-gradient":""},"mobile":{"background-color":"","background-image":"","background-repeat":"repeat","background-position":"center center","background-size":"auto","background-attachment":"scroll","background-type":"","background-media":"","overlay-type":"","overlay-color":"","overlay-opacity":"","overlay-gradient":""}},"ast-content-background-meta":{"desktop":{"background-color":"var(--ast-global-color-5)","background-image":"","background-repeat":"repeat","background-position":"center center","background-size":"auto","background-attachment":"scroll","background-type":"","background-media":"","overlay-type":"","overlay-color":"","overlay-opacity":"","overlay-gradient":""},"tablet":{"background-color":"var(--ast-global-color-5)","background-image":"","background-repeat":"repeat","background-position":"center center","background-size":"auto","background-attachment":"scroll","background-type":"","background-media":"","overlay-type":"","overlay-color":"","overlay-opacity":"","overlay-gradient":""},"mobile":{"background-color":"var(--ast-global-color-5)","background-image":"","background-repeat":"repeat","background-position":"center center","background-size":"auto","background-attachment":"scroll","background-type":"","background-media":"","overlay-type":"","overlay-color":"","overlay-opacity":"","overlay-gradient":""}}},"product_brand":[],"product_cat":[727,617],"product_tag":[14894,1517,14896,1518,1519,1520,1521,1522,14895],"class_list":{"0":"post-309052","1":"product","2":"type-product","3":"status-publish","4":"has-post-thumbnail","6":"product_cat-german-it","7":"product_cat-painting-it","8":"product_tag-adolf-muenzer-it","9":"product_tag-art-it","10":"product_tag-disegno","11":"product_tag-gemalde-it","12":"product_tag-kunst-it","13":"product_tag-painting-it","14":"product_tag-peintures-it","15":"product_tag-pittura-it","16":"product_tag-tedesco","17":"desktop-align-center","18":"tablet-align-left","19":"mobile-align-left","21":"first","22":"instock","23":"taxable","24":"shipping-taxable","25":"product-type-simple"},"_links":{"self":[{"href":"https:\/\/collection.galerie-gerdes.com\/it\/wp-json\/wp\/v2\/product\/309052","targetHints":{"allow":["GET"]}}],"collection":[{"href":"https:\/\/collection.galerie-gerdes.com\/it\/wp-json\/wp\/v2\/product"}],"about":[{"href":"https:\/\/collection.galerie-gerdes.com\/it\/wp-json\/wp\/v2\/types\/product"}],"wp:featuredmedia":[{"embeddable":true,"href":"https:\/\/collection.galerie-gerdes.com\/it\/wp-json\/wp\/v2\/media\/7682"}],"wp:attachment":[{"href":"https:\/\/collection.galerie-gerdes.com\/it\/wp-json\/wp\/v2\/media?parent=309052"}],"wp:term":[{"taxonomy":"product_brand","embeddable":true,"href":"https:\/\/collection.galerie-gerdes.com\/it\/wp-json\/wp\/v2\/product_brand?post=309052"},{"taxonomy":"product_cat","embeddable":true,"href":"https:\/\/collection.galerie-gerdes.com\/it\/wp-json\/wp\/v2\/product_cat?post=309052"},{"taxonomy":"product_tag","embeddable":true,"href":"https:\/\/collection.galerie-gerdes.com\/it\/wp-json\/wp\/v2\/product_tag?post=309052"}],"curies":[{"name":"wp","href":"https:\/\/api.w.org\/{rel}","templated":true}]}}