{"id":332,"date":"2023-12-25T09:20:34","date_gmt":"2023-12-25T08:20:34","guid":{"rendered":"https:\/\/collection.galerie-gerdes.com\/?post_type=product&#038;p=332"},"modified":"2024-09-26T17:16:30","modified_gmt":"2024-09-26T15:16:30","slug":"alpengluehen","status":"publish","type":"product","link":"https:\/\/collection.galerie-gerdes.com\/it\/p\/alpengluehen\/","title":{"rendered":"&#8220;Alpengl\u00fchen&#8221;, Prof. Friedrich Neumann, Landschaftsgem\u00e4lde mit Haus, signiert um 1900"},"content":{"rendered":"<p>Friedrich Emil Neumann wurde am 7. August 1842 in Pojerstieten, Kreis Fischhausen, Ostpreu\u00dfen, geboren und verstarb am 4. Januar 1903 in Kassel. Er war ein angesehener deutscher Maler, dessen k\u00fcnstlerische Laufbahn von bemerkenswerter Vielseitigkeit und Talent gepr\u00e4gt war.<\/p>\n<p>Neumann begann seine k\u00fcnstlerische Ausbildung als Sch\u00fcler an der Kunstakademie in K\u00f6nigsberg unter der Anleitung des renommierten Malers August Behrendsen. Sp\u00e4ter setzte er seine Studien an der Kunstakademie in Kassel bei August Bromeis fort. Nach seinem Studium arbeitete er zun\u00e4chst als Zeichenlehrer und entwickelte dann eine erfolgreiche Karriere als freischaffender K\u00fcnstler.<\/p>\n<p>W\u00e4hrend seiner Reisen nach Norwegen und Holland konnte Neumann seine k\u00fcnstlerischen F\u00e4higkeiten weiter vertiefen und sein Verst\u00e4ndnis f\u00fcr Landschaften und Meeresdarstellungen verfeinern. Nach dem Tod seines Lehrers, August Bromeis, \u00fcbernahm er im Jahr 1881 dessen Position an der Kasseler Akademie. In Anerkennung seiner herausragenden F\u00e4higkeiten wurde er 1891 zum Professor ernannt.<\/p>\n<p>Friedrich Emil Neumann zeichnete sich vor allem als Landschafts- und Marinemaler aus. Seine Werke, die die Sch\u00f6nheit und Pracht der Natur in all ihren Facetten einfingen, wurden erstmals ab 1879 auf bedeutenden Ausstellungen in Berlin, Dresden und Hannover der \u00d6ffentlichkeit pr\u00e4sentiert.<\/p>\n<p>Die k\u00fcnstlerische Begabung von Neumann schien sich auch auf seine S\u00f6hne, die K\u00fcnstler Ernst und Hans Neumann, zu erstrecken. Beide S\u00f6hne hatten ebenfalls die Malerei studiert und trugen somit zur Fortsetzung des k\u00fcnstlerischen Erbes der Familie Neumann bei.<\/p>\n","protected":false},"excerpt":{"rendered":"<p>Prof. Friedrich Emil Neumann (1842-1903)<br \/>\nAuf Pappe, gerahmt. Zwei Kratzer in der Malschicht oder Firnis<\/p>\n","protected":false},"featured_media":333,"template":"","meta":{"site-sidebar-layout":"default","site-content-layout":"","ast-site-content-layout":"default","site-content-style":"default","site-sidebar-style":"default","ast-global-header-display":"","ast-banner-title-visibility":"","ast-main-header-display":"","ast-hfb-above-header-display":"","ast-hfb-below-header-display":"","ast-hfb-mobile-header-display":"","site-post-title":"","ast-breadcrumbs-content":"","ast-featured-img":"","footer-sml-layout":"","ast-disable-related-posts":"","theme-transparent-header-meta":"default","adv-header-id-meta":"","stick-header-meta":"","header-above-stick-meta":"","header-main-stick-meta":"","header-below-stick-meta":"","astra-migrate-meta-layouts":"set","ast-page-background-enabled":"default","ast-page-background-meta":{"desktop":{"background-color":"var(--ast-global-color-4)","background-image":"","background-repeat":"repeat","background-position":"center center","background-size":"auto","background-attachment":"scroll","background-type":"","background-media":"","overlay-type":"","overlay-color":"","overlay-opacity":"","overlay-gradient":""},"tablet":{"background-color":"","background-image":"","background-repeat":"repeat","background-position":"center center","background-size":"auto","background-attachment":"scroll","background-type":"","background-media":"","overlay-type":"","overlay-color":"","overlay-opacity":"","overlay-gradient":""},"mobile":{"background-color":"","background-image":"","background-repeat":"repeat","background-position":"center center","background-size":"auto","background-attachment":"scroll","background-type":"","background-media":"","overlay-type":"","overlay-color":"","overlay-opacity":"","overlay-gradient":""}},"ast-content-background-meta":{"desktop":{"background-color":"var(--ast-global-color-5)","background-image":"","background-repeat":"repeat","background-position":"center center","background-size":"auto","background-attachment":"scroll","background-type":"","background-media":"","overlay-type":"","overlay-color":"","overlay-opacity":"","overlay-gradient":""},"tablet":{"background-color":"var(--ast-global-color-5)","background-image":"","background-repeat":"repeat","background-position":"center center","background-size":"auto","background-attachment":"scroll","background-type":"","background-media":"","overlay-type":"","overlay-color":"","overlay-opacity":"","overlay-gradient":""},"mobile":{"background-color":"var(--ast-global-color-5)","background-image":"","background-repeat":"repeat","background-position":"center center","background-size":"auto","background-attachment":"scroll","background-type":"","background-media":"","overlay-type":"","overlay-color":"","overlay-opacity":"","overlay-gradient":""}}},"product_brand":[],"product_cat":[53,25,129,179,409],"product_tag":[364,362,363,74,361,365],"class_list":{"0":"post-332","1":"product","2":"type-product","3":"status-publish","4":"has-post-thumbnail","6":"product_cat-19th-century","7":"product_cat-deutsch","8":"product_cat-friedrich-emil-neumann","9":"product_cat-gemaelde","10":"product_cat-landschaft","11":"product_tag-art","12":"product_tag-gemalde","13":"product_tag-kunst","14":"product_tag-painting","15":"product_tag-peintures","16":"product_tag-pittura","17":"desktop-align-center","18":"tablet-align-left","19":"mobile-align-left","21":"first","22":"instock","23":"taxable","24":"shipping-taxable","25":"product-type-simple"},"_links":{"self":[{"href":"https:\/\/collection.galerie-gerdes.com\/it\/wp-json\/wp\/v2\/product\/332","targetHints":{"allow":["GET"]}}],"collection":[{"href":"https:\/\/collection.galerie-gerdes.com\/it\/wp-json\/wp\/v2\/product"}],"about":[{"href":"https:\/\/collection.galerie-gerdes.com\/it\/wp-json\/wp\/v2\/types\/product"}],"wp:featuredmedia":[{"embeddable":true,"href":"https:\/\/collection.galerie-gerdes.com\/it\/wp-json\/wp\/v2\/media\/333"}],"wp:attachment":[{"href":"https:\/\/collection.galerie-gerdes.com\/it\/wp-json\/wp\/v2\/media?parent=332"}],"wp:term":[{"taxonomy":"product_brand","embeddable":true,"href":"https:\/\/collection.galerie-gerdes.com\/it\/wp-json\/wp\/v2\/product_brand?post=332"},{"taxonomy":"product_cat","embeddable":true,"href":"https:\/\/collection.galerie-gerdes.com\/it\/wp-json\/wp\/v2\/product_cat?post=332"},{"taxonomy":"product_tag","embeddable":true,"href":"https:\/\/collection.galerie-gerdes.com\/it\/wp-json\/wp\/v2\/product_tag?post=332"}],"curies":[{"name":"wp","href":"https:\/\/api.w.org\/{rel}","templated":true}]}}