{"id":3508,"date":"2024-02-29T14:57:06","date_gmt":"2024-02-29T13:57:06","guid":{"rendered":"https:\/\/collection.galerie-gerdes.com\/?post_type=product&#038;p=3508"},"modified":"2026-02-28T19:12:55","modified_gmt":"2026-02-28T18:12:55","slug":"weite-landschaft-gemaelde-von-jakob-edwin-bachmann","status":"publish","type":"product","link":"https:\/\/collection.galerie-gerdes.com\/it\/p\/weite-landschaft-gemaelde-von-jakob-edwin-bachmann\/","title":{"rendered":"Weite Landschaft, Gem\u00e4lde von Jakob Edwin Bachmann"},"content":{"rendered":"<p>Jakob Edwin Bachmann wurde am 18. August 1873 in Z\u00fcrich als Sohn eines angesehenen Rechtsanwalts und bekannten Strafverteidigers geboren. Seine Schulzeit verbrachte er in Z\u00fcrich, doch schon fr\u00fch zeigte sich seine Neigung zur Kreativit\u00e4t, die ihn schlie\u00dflich dazu f\u00fchrte, die Kunst der Lithographie zu erlernen. Nach Abschluss seiner Ausbildung begab er sich auf Reisen und fand Anstellungen, die seiner k\u00fcnstlerischen Begabung entsprachen. Als begeisterter Bewunderer der Naturwunder verbrachte er jede freie Minute an renommierten Kunstakademien in Leipzig und M\u00fcnchen. Sp\u00e4ter bereicherte er sein Wissen durch Aufenthalte in Paris, wo er an der \u00c9cole des Beaux-Arts Malerei und Zeichnen studierte.<\/p>\n<p>Nach seiner R\u00fcckkehr in die Schweiz heiratete er Pauline Leonhard und gr\u00fcndete eine Familie. Aus dieser Ehe gingen seine Kinder Gertrud, Edwin Paul und Edwin Karl hervor. Parallel dazu \u00fcbernahm er die Leitung der angesehenen Firma Pfister+Meier f\u00fcr Dekorations- und Theatermalerei in Richterswil, w\u00e4hrend er sich privat immer mehr der Malerei widmete. Er kopierte Gem\u00e4lde ber\u00fchmter Meister, fertigte Portr\u00e4ts von Verstorbenen nach Fotografien f\u00fcr Kunden an und entwickelte schlie\u00dflich seinen eigenen Stil, der Landschaften, Stillleben und religi\u00f6se Szenen umfasste.<\/p>\n<p>1913 erhielt er den Auftrag, sakrale Bilder f\u00fcr den Neubau der Kirche in Richterswil zu malen, was seine k\u00fcnstlerische Anerkennung weiter steigerte. W\u00e4hrend des Ersten Weltkrieges wurde er durch den Milit\u00e4rdienst in seiner k\u00fcnstlerischen T\u00e4tigkeit unterbrochen, und die Schlie\u00dfung der Firma Pfister+Meier aufgrund von Lieferproblemen aus dem Ausland versch\u00e4rfte die finanzielle Lage. Der Tod seiner ersten Frau Pauline im Jahr 1915 und die darauffolgende Schaffenskrise lie\u00dfen ihn als &#8220;grauen Bachmann&#8221; bekannt werden, da seine Bilder nun wenig Licht zeigten und er mit inneren Zweifeln zu k\u00e4mpfen hatte.<\/p>\n<p>Ein Jahr nach dem Verlust von Pauline heiratete Jakob Edwin die Krankenschwester Fanny Fl\u00fctsch, mit der er f\u00fcnf S\u00f6hne hatte: Hans, Walter, Werner, Hermann und Rudolf. Inspiriert von seiner zweiten Frau, widmete sich Bachmann nach dem Krieg endg\u00fcltig der Malerei und zog mit seiner Familie nach Weesen, wo er die Natur und die Berglandschaften rund um den Walensee erkundete und auf Leinwand festhielt. Sein Interesse an Menschen und Tieren f\u00fchrte ihn zur intensiven Besch\u00e4ftigung mit der Bildnis- und Figurenmalerei.<\/p>\n<p>1923 fand er Anstellung bei der Firma Alois Eberhard, Theatermalerei, Weesen, wo er seine k\u00fcnstlerische Gestaltungskraft weiter entfalten konnte. Seine Familie und die Malerei waren sein Lebensinhalt, und er wurde zunehmend f\u00fcr sein K\u00f6nnen als Portr\u00e4tmaler gesch\u00e4tzt. 1929 zog die Familie nach Pf\u00e4ffikon am Z\u00fcrichsee, wo Bachmann seine k\u00fcnstlerische T\u00e4tigkeit fortsetzte und viele seiner Werke als Postkarten in die ganze Welt verschickt wurden.<\/p>\n<p>Ein weiterer Schicksalsschlag traf ihn im Jahr 1940 mit dem Tod seiner zweiten Frau Fanny. Bis 1947 lebte und arbeitete er alleine, dann zog er zu seinem Sohn Werner und dessen Familie nach Freienbach SZ. Bis 1952 malte er intensiv an seiner Staffelei und verstarb schlie\u00dflich im Januar 1957 im Alter von 84 Jahren. Seine letzte Ruhest\u00e4tte fand er neben seiner Frau Fanny auf dem evangelischen Friedhof in Wollerau.<\/p>\n<p>Jakob Edwin Bachmann hinterlie\u00df ein beeindruckendes k\u00fcnstlerisches Erbe und wurde posthum in Gedenkausstellungen, darunter eine in Pf\u00e4ffikon\/SZ im Jahr 1985, geehrt. Er war der Vater von Edwin Paul Bachmann, Edwin Carl Bachmann und Hermann Bachmann sowie der Gro\u00dfvater von Ursula, Werner und Anna Maria.<\/p>\n<p>&nbsp;<\/p>\n","protected":false},"excerpt":{"rendered":"<p>Jakob Edwin Bachmann (1873-1957)<\/p>\n","protected":false},"featured_media":3526,"template":"","meta":{"site-sidebar-layout":"default","site-content-layout":"","ast-site-content-layout":"default","site-content-style":"default","site-sidebar-style":"default","ast-global-header-display":"","ast-banner-title-visibility":"","ast-main-header-display":"","ast-hfb-above-header-display":"","ast-hfb-below-header-display":"","ast-hfb-mobile-header-display":"","site-post-title":"","ast-breadcrumbs-content":"","ast-featured-img":"","footer-sml-layout":"","ast-disable-related-posts":"","theme-transparent-header-meta":"default","adv-header-id-meta":"","stick-header-meta":"","header-above-stick-meta":"","header-main-stick-meta":"","header-below-stick-meta":"","astra-migrate-meta-layouts":"set","ast-page-background-enabled":"default","ast-page-background-meta":{"desktop":{"background-color":"var(--ast-global-color-4)","background-image":"","background-repeat":"repeat","background-position":"center center","background-size":"auto","background-attachment":"scroll","background-type":"","background-media":"","overlay-type":"","overlay-color":"","overlay-opacity":"","overlay-gradient":""},"tablet":{"background-color":"","background-image":"","background-repeat":"repeat","background-position":"center center","background-size":"auto","background-attachment":"scroll","background-type":"","background-media":"","overlay-type":"","overlay-color":"","overlay-opacity":"","overlay-gradient":""},"mobile":{"background-color":"","background-image":"","background-repeat":"repeat","background-position":"center center","background-size":"auto","background-attachment":"scroll","background-type":"","background-media":"","overlay-type":"","overlay-color":"","overlay-opacity":"","overlay-gradient":""}},"ast-content-background-meta":{"desktop":{"background-color":"var(--ast-global-color-5)","background-image":"","background-repeat":"repeat","background-position":"center center","background-size":"auto","background-attachment":"scroll","background-type":"","background-media":"","overlay-type":"","overlay-color":"","overlay-opacity":"","overlay-gradient":""},"tablet":{"background-color":"var(--ast-global-color-5)","background-image":"","background-repeat":"repeat","background-position":"center center","background-size":"auto","background-attachment":"scroll","background-type":"","background-media":"","overlay-type":"","overlay-color":"","overlay-opacity":"","overlay-gradient":""},"mobile":{"background-color":"var(--ast-global-color-5)","background-image":"","background-repeat":"repeat","background-position":"center center","background-size":"auto","background-attachment":"scroll","background-type":"","background-media":"","overlay-type":"","overlay-color":"","overlay-opacity":"","overlay-gradient":""}}},"product_brand":[],"product_cat":[52,179,245,409,85],"product_tag":[364,362,363,74,361,365],"class_list":{"0":"post-3508","1":"product","2":"type-product","3":"status-publish","4":"has-post-thumbnail","6":"product_cat-20th-century","7":"product_cat-gemaelde","8":"product_cat-jakob-edwin-bachmann","9":"product_cat-landschaft","10":"product_cat-schweizerisch","11":"product_tag-art","12":"product_tag-gemalde","13":"product_tag-kunst","14":"product_tag-painting","15":"product_tag-peintures","16":"product_tag-pittura","17":"desktop-align-center","18":"tablet-align-left","19":"mobile-align-left","21":"first","22":"instock","23":"taxable","24":"shipping-taxable","25":"product-type-simple"},"_links":{"self":[{"href":"https:\/\/collection.galerie-gerdes.com\/it\/wp-json\/wp\/v2\/product\/3508","targetHints":{"allow":["GET"]}}],"collection":[{"href":"https:\/\/collection.galerie-gerdes.com\/it\/wp-json\/wp\/v2\/product"}],"about":[{"href":"https:\/\/collection.galerie-gerdes.com\/it\/wp-json\/wp\/v2\/types\/product"}],"wp:featuredmedia":[{"embeddable":true,"href":"https:\/\/collection.galerie-gerdes.com\/it\/wp-json\/wp\/v2\/media\/3526"}],"wp:attachment":[{"href":"https:\/\/collection.galerie-gerdes.com\/it\/wp-json\/wp\/v2\/media?parent=3508"}],"wp:term":[{"taxonomy":"product_brand","embeddable":true,"href":"https:\/\/collection.galerie-gerdes.com\/it\/wp-json\/wp\/v2\/product_brand?post=3508"},{"taxonomy":"product_cat","embeddable":true,"href":"https:\/\/collection.galerie-gerdes.com\/it\/wp-json\/wp\/v2\/product_cat?post=3508"},{"taxonomy":"product_tag","embeddable":true,"href":"https:\/\/collection.galerie-gerdes.com\/it\/wp-json\/wp\/v2\/product_tag?post=3508"}],"curies":[{"name":"wp","href":"https:\/\/api.w.org\/{rel}","templated":true}]}}