{"id":466533,"date":"2026-04-01T11:25:09","date_gmt":"2026-04-01T09:25:09","guid":{"rendered":"https:\/\/collection.galerie-gerdes.com\/?post_type=product&#038;p=466533"},"modified":"2026-04-02T10:13:06","modified_gmt":"2026-04-02T08:13:06","slug":"sitzender-mann-gemaelde-von-heinz-maria-hunger","status":"publish","type":"product","link":"https:\/\/collection.galerie-gerdes.com\/it\/p\/sitzender-mann-gemaelde-von-heinz-maria-hunger\/","title":{"rendered":"Sitzender Mann | Gem\u00e4lde von Heinz Maria Hunger"},"content":{"rendered":"<p>Heinrich Maria Hunger (*10. J\u00e4nner 1907 in St. Valentin; \u2020 1994 in Wien) war ein \u00f6sterreichischer Maler.<\/p>\n<p>Er wuchs in Krems an der Donau auf und lebte ab 1953 in Wien, im Stadtteil Dornbach-Neuwaldegg. Nach einer handwerklichen Ausbildung studierte er an der Akademie der bildenden K\u00fcnste Wien in der Meisterklasse von Josef Dobrowsky. K\u00fcnstlerisch widmete er sich vor allem der Landschaftsmalerei im Stil eines romantisch gepr\u00e4gten Naturalismus. W\u00e4hrend des Zweiten Weltkriegs hielt er sich 1943 in Toulon auf, wo er die Pastellmalerei f\u00fcr sich entdeckte, die in seinem weiteren Schaffen eine bedeutende Rolle spielte.<\/p>\n<p>Hunger schuf eine gro\u00dfe Zahl von Landschaftsdarstellungen, insbesondere aus der Wachau, dem Waldviertel und dem Burgenland, aber auch aus anderen Regionen \u00d6sterreichs. Dar\u00fcber hinaus setzte er sich mit zeitgen\u00f6ssischen k\u00fcnstlerischen Str\u00f6mungen auseinander. Studien- und Arbeitsreisen f\u00fchrten ihn in mehrere europ\u00e4ische L\u00e4nder sowie nach Marokko. Seine Werke wurden in zahlreichen Ausstellungen in \u00d6sterreich pr\u00e4sentiert.<\/p>\n<p>Arbeiten von Heinrich Maria Hunger befinden sich unter anderem in \u00f6ffentlichen Sammlungen wie dem Nieder\u00f6sterreichischen Landesmuseum, beim Kulturamt der Stadt Wien sowie in Best\u00e4nden staatlicher Institutionen und Unternehmen. Er war Mitglied der Berufsvereinigung der Bildenden K\u00fcnstler \u00d6sterreichs. Seine letzte Ruhest\u00e4tte fand er auf dem Dornbacher Friedhof in Wien.<\/p>\n","protected":false},"excerpt":{"rendered":"<p>Heinz Maria Hunger (1907-1994)<\/p>\n","protected":false},"featured_media":467408,"template":"","meta":{"site-sidebar-layout":"default","site-content-layout":"","ast-site-content-layout":"default","site-content-style":"default","site-sidebar-style":"default","ast-global-header-display":"","ast-banner-title-visibility":"","ast-main-header-display":"","ast-hfb-above-header-display":"","ast-hfb-below-header-display":"","ast-hfb-mobile-header-display":"","site-post-title":"","ast-breadcrumbs-content":"","ast-featured-img":"","footer-sml-layout":"","ast-disable-related-posts":"","theme-transparent-header-meta":"default","adv-header-id-meta":"","stick-header-meta":"","header-above-stick-meta":"","header-main-stick-meta":"","header-below-stick-meta":"","astra-migrate-meta-layouts":"set","ast-page-background-enabled":"default","ast-page-background-meta":{"desktop":{"background-color":"var(--ast-global-color-4)","background-image":"","background-repeat":"repeat","background-position":"center center","background-size":"auto","background-attachment":"scroll","background-type":"","background-media":"","overlay-type":"","overlay-color":"","overlay-opacity":"","overlay-gradient":""},"tablet":{"background-color":"","background-image":"","background-repeat":"repeat","background-position":"center center","background-size":"auto","background-attachment":"scroll","background-type":"","background-media":"","overlay-type":"","overlay-color":"","overlay-opacity":"","overlay-gradient":""},"mobile":{"background-color":"","background-image":"","background-repeat":"repeat","background-position":"center center","background-size":"auto","background-attachment":"scroll","background-type":"","background-media":"","overlay-type":"","overlay-color":"","overlay-opacity":"","overlay-gradient":""}},"ast-content-background-meta":{"desktop":{"background-color":"var(--ast-global-color-5)","background-image":"","background-repeat":"repeat","background-position":"center center","background-size":"auto","background-attachment":"scroll","background-type":"","background-media":"","overlay-type":"","overlay-color":"","overlay-opacity":"","overlay-gradient":""},"tablet":{"background-color":"var(--ast-global-color-5)","background-image":"","background-repeat":"repeat","background-position":"center center","background-size":"auto","background-attachment":"scroll","background-type":"","background-media":"","overlay-type":"","overlay-color":"","overlay-opacity":"","overlay-gradient":""},"mobile":{"background-color":"var(--ast-global-color-5)","background-image":"","background-repeat":"repeat","background-position":"center center","background-size":"auto","background-attachment":"scroll","background-type":"","background-media":"","overlay-type":"","overlay-color":"","overlay-opacity":"","overlay-gradient":""}}},"product_brand":[],"product_cat":[15393],"product_tag":[],"class_list":{"0":"post-466533","1":"product","2":"type-product","3":"status-publish","4":"has-post-thumbnail","6":"product_cat-heinz-maria-hunger","7":"desktop-align-center","8":"tablet-align-left","9":"mobile-align-left","11":"first","12":"instock","13":"taxable","14":"shipping-taxable","15":"product-type-simple"},"_links":{"self":[{"href":"https:\/\/collection.galerie-gerdes.com\/it\/wp-json\/wp\/v2\/product\/466533","targetHints":{"allow":["GET"]}}],"collection":[{"href":"https:\/\/collection.galerie-gerdes.com\/it\/wp-json\/wp\/v2\/product"}],"about":[{"href":"https:\/\/collection.galerie-gerdes.com\/it\/wp-json\/wp\/v2\/types\/product"}],"wp:featuredmedia":[{"embeddable":true,"href":"https:\/\/collection.galerie-gerdes.com\/it\/wp-json\/wp\/v2\/media\/467408"}],"wp:attachment":[{"href":"https:\/\/collection.galerie-gerdes.com\/it\/wp-json\/wp\/v2\/media?parent=466533"}],"wp:term":[{"taxonomy":"product_brand","embeddable":true,"href":"https:\/\/collection.galerie-gerdes.com\/it\/wp-json\/wp\/v2\/product_brand?post=466533"},{"taxonomy":"product_cat","embeddable":true,"href":"https:\/\/collection.galerie-gerdes.com\/it\/wp-json\/wp\/v2\/product_cat?post=466533"},{"taxonomy":"product_tag","embeddable":true,"href":"https:\/\/collection.galerie-gerdes.com\/it\/wp-json\/wp\/v2\/product_tag?post=466533"}],"curies":[{"name":"wp","href":"https:\/\/api.w.org\/{rel}","templated":true}]}}