{"id":160242,"date":"2024-06-14T20:10:40","date_gmt":"2024-06-14T18:10:40","guid":{"rendered":"https:\/\/collection.galerie-gerdes.com\/?post_type=product&#038;p=160242"},"modified":"2024-10-27T14:55:40","modified_gmt":"2024-10-27T13:55:40","slug":"ansicht-florenz-gemaelde-von-elio-barbieri","status":"publish","type":"product","link":"https:\/\/collection.galerie-gerdes.com\/ja\/p\/ansicht-florenz-gemaelde-von-elio-barbieri\/","title":{"rendered":"Ansicht Florenz | Gem\u00e4lde von Elio Barbieri"},"content":{"rendered":"<p>Barbieri, Elio (Pipo), 1922 in Florenz, Italien, geboren. Er ist Maler, Bildhauer und Designer und kam am 7. September 1954 nach Argentinien. In den Jahren 1965 und 1992 hatte er Einzelausstellungen in den Galerien Hache und Witcomb. Er nahm an der Ersten Ausstellung f\u00fcr nicht-figurative Kunst im Museum f\u00fcr Moderne Kunst in Buenos Aires 1960, am Salon von Mar del Plata 1958, am Salon f\u00fcr Neue Kunst in der Galerie Van Riel 1958 und an weiteren Kollektivausstellungen teil. Sein malerisches Schaffen ist in der figurativen Abstraktion angesiedelt. Er nahm an den Salones de Arte Nuevo teil und dr\u00fcckte sich weiterhin deutlich im Informalismus aus, indem er seine Werke mit unregelm\u00e4\u00dfigem Material in Relief schuf. Als Mitglied der konstruktiven Architekturbewegung schuf er auch einige Werke des Informalismus (Mar\u00eda Laura San Mart\u00edn, Pintura Argentina Contempor\u00e1nea, Editorial La Mandr\u00e1gora, Buenos Aires 1961; Arte Argentino Actual von Salvador Presta, Editorial Lacio, 1960; Enciclopedia del Arte en Am\u00e9rica von Vicente Gesualdo, Editorial Omeba, Buenos Aires 1968).<\/p>\n","protected":false},"excerpt":{"rendered":"<p>Elio Barbieri (1922-?)<\/p>\n","protected":false},"featured_media":160606,"template":"","meta":{"site-sidebar-layout":"default","site-content-layout":"","ast-site-content-layout":"default","site-content-style":"default","site-sidebar-style":"default","ast-global-header-display":"","ast-banner-title-visibility":"","ast-main-header-display":"","ast-hfb-above-header-display":"","ast-hfb-below-header-display":"","ast-hfb-mobile-header-display":"","site-post-title":"","ast-breadcrumbs-content":"","ast-featured-img":"","footer-sml-layout":"","ast-disable-related-posts":"","theme-transparent-header-meta":"default","adv-header-id-meta":"","stick-header-meta":"","header-above-stick-meta":"","header-main-stick-meta":"","header-below-stick-meta":"","astra-migrate-meta-layouts":"set","ast-page-background-enabled":"default","ast-page-background-meta":{"desktop":{"background-color":"var(--ast-global-color-4)","background-image":"","background-repeat":"repeat","background-position":"center center","background-size":"auto","background-attachment":"scroll","background-type":"","background-media":"","overlay-type":"","overlay-color":"","overlay-opacity":"","overlay-gradient":""},"tablet":{"background-color":"","background-image":"","background-repeat":"repeat","background-position":"center center","background-size":"auto","background-attachment":"scroll","background-type":"","background-media":"","overlay-type":"","overlay-color":"","overlay-opacity":"","overlay-gradient":""},"mobile":{"background-color":"","background-image":"","background-repeat":"repeat","background-position":"center center","background-size":"auto","background-attachment":"scroll","background-type":"","background-media":"","overlay-type":"","overlay-color":"","overlay-opacity":"","overlay-gradient":""}},"ast-content-background-meta":{"desktop":{"background-color":"var(--ast-global-color-5)","background-image":"","background-repeat":"repeat","background-position":"center center","background-size":"auto","background-attachment":"scroll","background-type":"","background-media":"","overlay-type":"","overlay-color":"","overlay-opacity":"","overlay-gradient":""},"tablet":{"background-color":"var(--ast-global-color-5)","background-image":"","background-repeat":"repeat","background-position":"center center","background-size":"auto","background-attachment":"scroll","background-type":"","background-media":"","overlay-type":"","overlay-color":"","overlay-opacity":"","overlay-gradient":""},"mobile":{"background-color":"var(--ast-global-color-5)","background-image":"","background-repeat":"repeat","background-position":"center center","background-size":"auto","background-attachment":"scroll","background-type":"","background-media":"","overlay-type":"","overlay-color":"","overlay-opacity":"","overlay-gradient":""}}},"product_brand":[],"product_cat":[14258],"product_tag":[],"class_list":{"0":"post-160242","1":"product","2":"type-product","3":"status-publish","4":"has-post-thumbnail","6":"product_cat-elio-barbieri","7":"desktop-align-center","8":"tablet-align-left","9":"mobile-align-left","11":"first","12":"instock","13":"taxable","14":"shipping-taxable","15":"product-type-simple"},"_links":{"self":[{"href":"https:\/\/collection.galerie-gerdes.com\/ja\/wp-json\/wp\/v2\/product\/160242","targetHints":{"allow":["GET"]}}],"collection":[{"href":"https:\/\/collection.galerie-gerdes.com\/ja\/wp-json\/wp\/v2\/product"}],"about":[{"href":"https:\/\/collection.galerie-gerdes.com\/ja\/wp-json\/wp\/v2\/types\/product"}],"wp:featuredmedia":[{"embeddable":true,"href":"https:\/\/collection.galerie-gerdes.com\/ja\/wp-json\/wp\/v2\/media\/160606"}],"wp:attachment":[{"href":"https:\/\/collection.galerie-gerdes.com\/ja\/wp-json\/wp\/v2\/media?parent=160242"}],"wp:term":[{"taxonomy":"product_brand","embeddable":true,"href":"https:\/\/collection.galerie-gerdes.com\/ja\/wp-json\/wp\/v2\/product_brand?post=160242"},{"taxonomy":"product_cat","embeddable":true,"href":"https:\/\/collection.galerie-gerdes.com\/ja\/wp-json\/wp\/v2\/product_cat?post=160242"},{"taxonomy":"product_tag","embeddable":true,"href":"https:\/\/collection.galerie-gerdes.com\/ja\/wp-json\/wp\/v2\/product_tag?post=160242"}],"curies":[{"name":"wp","href":"https:\/\/api.w.org\/{rel}","templated":true}]}}