{"id":247499,"date":"2024-10-22T22:08:11","date_gmt":"2024-10-22T20:08:11","guid":{"rendered":"https:\/\/www.collection.galerie-gerdes.com\/?post_type=product&#038;p=247499"},"modified":"2026-02-28T19:04:16","modified_gmt":"2026-02-28T18:04:16","slug":"stillleben-apfelwein-und-bembel-gemaelde-von-hans-hemmeter","status":"publish","type":"product","link":"https:\/\/collection.galerie-gerdes.com\/ja\/p\/stillleben-apfelwein-und-bembel-gemaelde-von-hans-hemmeter\/","title":{"rendered":"Stillleben Apfelwein und Bembel | Gem\u00e4lde von Hans Hemmeter"},"content":{"rendered":"<p>&#8220;Die Stadt [F\u00fcrth] beauftragte in der Folge den akademischen Maler und Kunstschreiner Hans Hemmeter aus M\u00fcnchen. Es wurde ein Urkundenschr\u00e4nkchen mit Intarsien (Wappen der Stadt und fr\u00e4nkisches Wappen) gefertigt. Darin enthalten &#8211; nunmehr auf einer Silberplatte &#8211; der Text der Urkunde von 1934. Aufgrund der Arbeits\u00fcberlastung des K\u00fcnstlers dauerte die Anfertigung jedoch bis Januar 1944, so dass die neue Urkunde am 26. Januar 1944 in Danzig \u00fcbergeben werden konnte. Die Kosten f\u00fcr die neue Urkunde beliefen sich auf 4.750 Reichsmark (~ ca. 18.000 Euro).&#8221; &#8211; fuerthwiki<\/p>\n","protected":false},"excerpt":{"rendered":"<p>Hans Hemmeter (1879-1953)<\/p>\n","protected":false},"featured_media":248192,"template":"","meta":{"site-sidebar-layout":"default","site-content-layout":"","ast-site-content-layout":"default","site-content-style":"default","site-sidebar-style":"default","ast-global-header-display":"","ast-banner-title-visibility":"","ast-main-header-display":"","ast-hfb-above-header-display":"","ast-hfb-below-header-display":"","ast-hfb-mobile-header-display":"","site-post-title":"","ast-breadcrumbs-content":"","ast-featured-img":"","footer-sml-layout":"","ast-disable-related-posts":"","theme-transparent-header-meta":"default","adv-header-id-meta":"","stick-header-meta":"","header-above-stick-meta":"","header-main-stick-meta":"","header-below-stick-meta":"","astra-migrate-meta-layouts":"set","ast-page-background-enabled":"default","ast-page-background-meta":{"desktop":{"background-color":"var(--ast-global-color-4)","background-image":"","background-repeat":"repeat","background-position":"center center","background-size":"auto","background-attachment":"scroll","background-type":"","background-media":"","overlay-type":"","overlay-color":"","overlay-opacity":"","overlay-gradient":""},"tablet":{"background-color":"","background-image":"","background-repeat":"repeat","background-position":"center center","background-size":"auto","background-attachment":"scroll","background-type":"","background-media":"","overlay-type":"","overlay-color":"","overlay-opacity":"","overlay-gradient":""},"mobile":{"background-color":"","background-image":"","background-repeat":"repeat","background-position":"center center","background-size":"auto","background-attachment":"scroll","background-type":"","background-media":"","overlay-type":"","overlay-color":"","overlay-opacity":"","overlay-gradient":""}},"ast-content-background-meta":{"desktop":{"background-color":"var(--ast-global-color-5)","background-image":"","background-repeat":"repeat","background-position":"center center","background-size":"auto","background-attachment":"scroll","background-type":"","background-media":"","overlay-type":"","overlay-color":"","overlay-opacity":"","overlay-gradient":""},"tablet":{"background-color":"var(--ast-global-color-5)","background-image":"","background-repeat":"repeat","background-position":"center center","background-size":"auto","background-attachment":"scroll","background-type":"","background-media":"","overlay-type":"","overlay-color":"","overlay-opacity":"","overlay-gradient":""},"mobile":{"background-color":"var(--ast-global-color-5)","background-image":"","background-repeat":"repeat","background-position":"center center","background-size":"auto","background-attachment":"scroll","background-type":"","background-media":"","overlay-type":"","overlay-color":"","overlay-opacity":"","overlay-gradient":""}}},"product_brand":[],"product_cat":[52,25,179,14398,408],"product_tag":[],"class_list":{"0":"post-247499","1":"product","2":"type-product","3":"status-publish","4":"has-post-thumbnail","6":"product_cat-20th-century","7":"product_cat-deutsch","8":"product_cat-gemaelde","9":"product_cat-hans-hemmeter","10":"product_cat-stillleben","11":"desktop-align-center","12":"tablet-align-left","13":"mobile-align-left","15":"first","16":"instock","17":"taxable","18":"shipping-taxable","19":"product-type-simple"},"_links":{"self":[{"href":"https:\/\/collection.galerie-gerdes.com\/ja\/wp-json\/wp\/v2\/product\/247499","targetHints":{"allow":["GET"]}}],"collection":[{"href":"https:\/\/collection.galerie-gerdes.com\/ja\/wp-json\/wp\/v2\/product"}],"about":[{"href":"https:\/\/collection.galerie-gerdes.com\/ja\/wp-json\/wp\/v2\/types\/product"}],"wp:featuredmedia":[{"embeddable":true,"href":"https:\/\/collection.galerie-gerdes.com\/ja\/wp-json\/wp\/v2\/media\/248192"}],"wp:attachment":[{"href":"https:\/\/collection.galerie-gerdes.com\/ja\/wp-json\/wp\/v2\/media?parent=247499"}],"wp:term":[{"taxonomy":"product_brand","embeddable":true,"href":"https:\/\/collection.galerie-gerdes.com\/ja\/wp-json\/wp\/v2\/product_brand?post=247499"},{"taxonomy":"product_cat","embeddable":true,"href":"https:\/\/collection.galerie-gerdes.com\/ja\/wp-json\/wp\/v2\/product_cat?post=247499"},{"taxonomy":"product_tag","embeddable":true,"href":"https:\/\/collection.galerie-gerdes.com\/ja\/wp-json\/wp\/v2\/product_tag?post=247499"}],"curies":[{"name":"wp","href":"https:\/\/api.w.org\/{rel}","templated":true}]}}