{"id":266,"date":"2023-12-22T20:37:58","date_gmt":"2023-12-22T19:37:58","guid":{"rendered":"https:\/\/collection.galerie-gerdes.com\/?post_type=product&#038;p=266"},"modified":"2024-05-21T13:08:04","modified_gmt":"2024-05-21T11:08:04","slug":"piraino-italien-1927","status":"publish","type":"product","link":"https:\/\/collection.galerie-gerdes.com\/ja\/p\/piraino-italien-1927\/","title":{"rendered":"Piraino, Sizilien (Italien), 1927, Gimes Lajos, Gem\u00e4lde, gerahmt"},"content":{"rendered":"<p>Gimes Lajos, geb. Goldberger (Miskolc, 29. November 1886 &#8211; KZ Buchenwald, 23. Februar 1945) ungarischer Maler.<\/p>\n<p>Er studierte an der Kunstgewerbeschule in Budapest und setzte dann seine Studien in Berlin, Br\u00fcssel und Paris fort. Er stellte erstmals auf dem Nationalen Salon aus. Im Jahr 1906 nahm er mit vier Gem\u00e4lden an der Internationalen Ausstellung in Mailand teil. 1909 lie\u00df er sich in Miskolc nieder, wo er bis 1927 sieben Kollektivausstellungen hatte. 1911 fand seine erste Ausstellung mit Landschaften in der Kunsthalle statt. Er malte naturalistische, zum Impressionismus tendierende Bilder. Er fertigt auch Aquarelle mit ethnografischen Motiven an. 1933 verbrachte er f\u00fcnf Monate in den Niederlanden, wo er drei Ausstellungen in Den Haag, Groningen und &#8216;s-Hertogenboschh hatte. Er war Mitglied des Nationalen Ungarischen Israelitischen Kulturvereins und nahm zwischen 1939 und 1944 an den Ausstellungen der OMIKE-Kunstaktion teil.<\/p>\n<p>Sein Neffe Mikl\u00f3s Gimes war ein Journalist, Politiker und M\u00e4rtyrer der Revolution von 1956. Sein Bruder Mikl\u00f3s Gimes ist Arzt. Schw\u00e4gerin Lili Hajd\u00fa Gimes, Psychiaterin, Psychoanalytikerin.<\/p>\n<p>Seine Ehefrau war Irma Freud, eine Musikschuldirektorin, Tochter von Ign\u00e1c Freud und Berta F\u00fcrnberg, die er am 28. Dezember 1918 in Budapest, Ter\u00e9zv\u00e1ros, heiratete.<\/p>\n","protected":false},"excerpt":{"rendered":"<p>Lajo\u0161 G\u00edme\u0161, (ungarisch, 1886-1944)<br \/>\n\u00d6l auf Pappe; Pappe gew\u00f6lbt nach au\u00dfen.<\/p>\n","protected":false},"featured_media":267,"template":"","meta":{"site-sidebar-layout":"default","site-content-layout":"","ast-site-content-layout":"default","site-content-style":"default","site-sidebar-style":"default","ast-global-header-display":"","ast-banner-title-visibility":"","ast-main-header-display":"","ast-hfb-above-header-display":"","ast-hfb-below-header-display":"","ast-hfb-mobile-header-display":"","site-post-title":"","ast-breadcrumbs-content":"","ast-featured-img":"","footer-sml-layout":"","ast-disable-related-posts":"","theme-transparent-header-meta":"","adv-header-id-meta":"","stick-header-meta":"","header-above-stick-meta":"","header-main-stick-meta":"","header-below-stick-meta":"","astra-migrate-meta-layouts":"default","ast-page-background-enabled":"default","ast-page-background-meta":{"desktop":{"background-color":"var(--ast-global-color-4)","background-image":"","background-repeat":"repeat","background-position":"center center","background-size":"auto","background-attachment":"scroll","background-type":"","background-media":"","overlay-type":"","overlay-color":"","overlay-opacity":"","overlay-gradient":""},"tablet":{"background-color":"","background-image":"","background-repeat":"repeat","background-position":"center center","background-size":"auto","background-attachment":"scroll","background-type":"","background-media":"","overlay-type":"","overlay-color":"","overlay-opacity":"","overlay-gradient":""},"mobile":{"background-color":"","background-image":"","background-repeat":"repeat","background-position":"center center","background-size":"auto","background-attachment":"scroll","background-type":"","background-media":"","overlay-type":"","overlay-color":"","overlay-opacity":"","overlay-gradient":""}},"ast-content-background-meta":{"desktop":{"background-color":"var(--ast-global-color-5)","background-image":"","background-repeat":"repeat","background-position":"center center","background-size":"auto","background-attachment":"scroll","background-type":"","background-media":"","overlay-type":"","overlay-color":"","overlay-opacity":"","overlay-gradient":""},"tablet":{"background-color":"var(--ast-global-color-5)","background-image":"","background-repeat":"repeat","background-position":"center center","background-size":"auto","background-attachment":"scroll","background-type":"","background-media":"","overlay-type":"","overlay-color":"","overlay-opacity":"","overlay-gradient":""},"mobile":{"background-color":"var(--ast-global-color-5)","background-image":"","background-repeat":"repeat","background-position":"center center","background-size":"auto","background-attachment":"scroll","background-type":"","background-media":"","overlay-type":"","overlay-color":"","overlay-opacity":"","overlay-gradient":""}}},"product_brand":[],"product_cat":[52,179,108,409,60],"product_tag":[364,362,363,74,361,365],"class_list":{"0":"post-266","1":"product","2":"type-product","3":"status-publish","4":"has-post-thumbnail","6":"product_cat-20th-century","7":"product_cat-gemaelde","8":"product_cat-lajos-gimes","9":"product_cat-landschaft","10":"product_cat-ungarisch","11":"product_tag-art","12":"product_tag-gemalde","13":"product_tag-kunst","14":"product_tag-painting","15":"product_tag-peintures","16":"product_tag-pittura","17":"desktop-align-center","18":"tablet-align-left","19":"mobile-align-left","21":"first","22":"instock","23":"taxable","24":"shipping-taxable","25":"product-type-simple"},"_links":{"self":[{"href":"https:\/\/collection.galerie-gerdes.com\/ja\/wp-json\/wp\/v2\/product\/266","targetHints":{"allow":["GET"]}}],"collection":[{"href":"https:\/\/collection.galerie-gerdes.com\/ja\/wp-json\/wp\/v2\/product"}],"about":[{"href":"https:\/\/collection.galerie-gerdes.com\/ja\/wp-json\/wp\/v2\/types\/product"}],"wp:featuredmedia":[{"embeddable":true,"href":"https:\/\/collection.galerie-gerdes.com\/ja\/wp-json\/wp\/v2\/media\/267"}],"wp:attachment":[{"href":"https:\/\/collection.galerie-gerdes.com\/ja\/wp-json\/wp\/v2\/media?parent=266"}],"wp:term":[{"taxonomy":"product_brand","embeddable":true,"href":"https:\/\/collection.galerie-gerdes.com\/ja\/wp-json\/wp\/v2\/product_brand?post=266"},{"taxonomy":"product_cat","embeddable":true,"href":"https:\/\/collection.galerie-gerdes.com\/ja\/wp-json\/wp\/v2\/product_cat?post=266"},{"taxonomy":"product_tag","embeddable":true,"href":"https:\/\/collection.galerie-gerdes.com\/ja\/wp-json\/wp\/v2\/product_tag?post=266"}],"curies":[{"name":"wp","href":"https:\/\/api.w.org\/{rel}","templated":true}]}}