{"id":275785,"date":"2024-11-12T18:20:49","date_gmt":"2024-11-12T17:20:49","guid":{"rendered":"https:\/\/www.collection.galerie-gerdes.com\/?post_type=product&#038;p=275785"},"modified":"2024-12-18T16:46:15","modified_gmt":"2024-12-18T15:46:15","slug":"mode-fuer-mann-und-frau-1891-federzeichnung-von-josef-goller","status":"publish","type":"product","link":"https:\/\/collection.galerie-gerdes.com\/ja\/p\/mode-fuer-mann-und-frau-1891-federzeichnung-von-josef-goller\/","title":{"rendered":"Mode f\u00fcr Mann und Frau, 1891 | Federzeichnung von Josef Goller"},"content":{"rendered":"<p>Josef Goller (* 25. Januar 1868 in Dachau; \u2020 29. Mai 1947 in Obermenzing) war ein bedeutender deutscher Glasmaler und Grafiker des Jugendstils.<\/p>\n<p>Nach einer Lehre als Glasmaler besuchte Goller Abendkurse an der Kunstgewerbeschule M\u00fcnchen und arbeitete von 1887 bis 1890 in einer Kunstglaserei in Zittau. Anschlie\u00dfend \u00fcbernahm er die k\u00fcnstlerische Leitung der Glasmalerei-Anstalt von Bruno Urban in Dresden, wo er Entw\u00fcrfe namhafter Maler realisierte. Unter seinen Werken befinden sich die Kirchenfenster der Michaeliskirche in Leipzig und in der Stadtkirche von Trebsen.<\/p>\n<p>Goller engagierte sich auch in der Buchkunst und Plakatgestaltung, wobei er als Professor an der Kunstgewerbeschule Dresden von 1906 bis 1928 zahlreiche Sch\u00fcler, darunter Otto Griebel und Kurt Fiedler, ausbildete. Er war Mitglied im Deutschen Werkbund und gestaltete das Wahrzeichen der K\u00fcnstlergruppe \u201eDie Elbier\u201c.<\/p>\n<p>Sein Werk umfasst eine Vielzahl von Glasmalereien in \u00f6ffentlichen Geb\u00e4uden in Sachsen, darunter Fenster im Empfangsraum des Leipziger Hauptbahnhofs und im Standesamtsaal des N\u00fcrnberger Rathauses. Zudem schuf er Arbeiten f\u00fcr Kirchen und Synagogen in Dresden und Umgebung, darunter f\u00fcr die Garnisonkirche St. Martin und die Lutherkirche in Radebeul. Auch war er an der farblichen Neugestaltung des Foyers der Semperoper beteiligt.<\/p>\n<p>Goller spezialisierte sich auf die Bemalung von amerikanischen Opaleszenz-Gl\u00e4sern und war auch als Grafiker aktiv, wobei die Lithografie eines seiner Hauptgebiete war. Seine Arbeiten, die oft einen karikaturistischen Stil aufweisen, sind heute in Museen wie dem Kunstgewerbemuseum in Prag zu finden. In seinen sp\u00e4teren Jahren stellte er wiederholt in der Dresdner Kunsthalle im Lipsius-Bau aus.<\/p>\n","protected":false},"excerpt":{"rendered":"<p>Josef Goller (1868 &#8211; 1947)<\/p>\n","protected":false},"featured_media":277531,"template":"","meta":{"site-sidebar-layout":"default","site-content-layout":"","ast-site-content-layout":"default","site-content-style":"default","site-sidebar-style":"default","ast-global-header-display":"","ast-banner-title-visibility":"","ast-main-header-display":"","ast-hfb-above-header-display":"","ast-hfb-below-header-display":"","ast-hfb-mobile-header-display":"","site-post-title":"","ast-breadcrumbs-content":"","ast-featured-img":"","footer-sml-layout":"","ast-disable-related-posts":"","theme-transparent-header-meta":"default","adv-header-id-meta":"","stick-header-meta":"","header-above-stick-meta":"","header-main-stick-meta":"","header-below-stick-meta":"","astra-migrate-meta-layouts":"set","ast-page-background-enabled":"default","ast-page-background-meta":{"desktop":{"background-color":"var(--ast-global-color-4)","background-image":"","background-repeat":"repeat","background-position":"center center","background-size":"auto","background-attachment":"scroll","background-type":"","background-media":"","overlay-type":"","overlay-color":"","overlay-opacity":"","overlay-gradient":""},"tablet":{"background-color":"","background-image":"","background-repeat":"repeat","background-position":"center center","background-size":"auto","background-attachment":"scroll","background-type":"","background-media":"","overlay-type":"","overlay-color":"","overlay-opacity":"","overlay-gradient":""},"mobile":{"background-color":"","background-image":"","background-repeat":"repeat","background-position":"center center","background-size":"auto","background-attachment":"scroll","background-type":"","background-media":"","overlay-type":"","overlay-color":"","overlay-opacity":"","overlay-gradient":""}},"ast-content-background-meta":{"desktop":{"background-color":"var(--ast-global-color-5)","background-image":"","background-repeat":"repeat","background-position":"center center","background-size":"auto","background-attachment":"scroll","background-type":"","background-media":"","overlay-type":"","overlay-color":"","overlay-opacity":"","overlay-gradient":""},"tablet":{"background-color":"var(--ast-global-color-5)","background-image":"","background-repeat":"repeat","background-position":"center center","background-size":"auto","background-attachment":"scroll","background-type":"","background-media":"","overlay-type":"","overlay-color":"","overlay-opacity":"","overlay-gradient":""},"mobile":{"background-color":"var(--ast-global-color-5)","background-image":"","background-repeat":"repeat","background-position":"center center","background-size":"auto","background-attachment":"scroll","background-type":"","background-media":"","overlay-type":"","overlay-color":"","overlay-opacity":"","overlay-gradient":""}}},"product_brand":[],"product_cat":[52,25,179,418,14342,424,266],"product_tag":[],"class_list":{"0":"post-275785","1":"product","2":"type-product","3":"status-publish","4":"has-post-thumbnail","6":"product_cat-20th-century","7":"product_cat-deutsch","8":"product_cat-gemaelde","9":"product_cat-genre","10":"product_cat-josef-goller","11":"product_cat-karikaturen","12":"product_cat-zeichnung","13":"desktop-align-center","14":"tablet-align-left","15":"mobile-align-left","17":"first","18":"instock","19":"taxable","20":"shipping-taxable","21":"product-type-simple"},"_links":{"self":[{"href":"https:\/\/collection.galerie-gerdes.com\/ja\/wp-json\/wp\/v2\/product\/275785","targetHints":{"allow":["GET"]}}],"collection":[{"href":"https:\/\/collection.galerie-gerdes.com\/ja\/wp-json\/wp\/v2\/product"}],"about":[{"href":"https:\/\/collection.galerie-gerdes.com\/ja\/wp-json\/wp\/v2\/types\/product"}],"wp:featuredmedia":[{"embeddable":true,"href":"https:\/\/collection.galerie-gerdes.com\/ja\/wp-json\/wp\/v2\/media\/277531"}],"wp:attachment":[{"href":"https:\/\/collection.galerie-gerdes.com\/ja\/wp-json\/wp\/v2\/media?parent=275785"}],"wp:term":[{"taxonomy":"product_brand","embeddable":true,"href":"https:\/\/collection.galerie-gerdes.com\/ja\/wp-json\/wp\/v2\/product_brand?post=275785"},{"taxonomy":"product_cat","embeddable":true,"href":"https:\/\/collection.galerie-gerdes.com\/ja\/wp-json\/wp\/v2\/product_cat?post=275785"},{"taxonomy":"product_tag","embeddable":true,"href":"https:\/\/collection.galerie-gerdes.com\/ja\/wp-json\/wp\/v2\/product_tag?post=275785"}],"curies":[{"name":"wp","href":"https:\/\/api.w.org\/{rel}","templated":true}]}}