{"id":289003,"date":"2024-12-05T20:33:25","date_gmt":"2024-12-05T19:33:25","guid":{"rendered":"https:\/\/www.collection.galerie-gerdes.com\/?post_type=product&#038;p=289003"},"modified":"2024-12-18T16:46:09","modified_gmt":"2024-12-18T15:46:09","slug":"hochnaesiger-mann-1938-entwurf-von-franz-reinhardt-fliegende-blaetter","status":"publish","type":"product","link":"https:\/\/collection.galerie-gerdes.com\/ja\/p\/hochnaesiger-mann-1938-entwurf-von-franz-reinhardt-fliegende-blaetter\/","title":{"rendered":"hochn\u00e4siger Mann, 1938 | Entwurf von Franz Reinhardt | Fliegende Bl\u00e4tter"},"content":{"rendered":"<p>Franz Reinhardt d. \u00c4. (* 26. September 1881 in Helmstedt; \u2020 6. Juni 1946 in Lenzfried) war ein deutscher Maler, Zeichner und Kirchenmaler. Der Sohn eines F\u00e4rbers zog als junger Mann nach M\u00fcnchen, wo er ab 1900 an der Kunstakademie M\u00fcnchen bei renommierten Lehrern wie Gabriel von Hackl, Wilhelm von Diez und Franz von Stuck studierte. W\u00e4hrend seiner Zeit in M\u00fcnchen pflegte er Bekanntschaften mit K\u00fcnstlern wie Franz Marc und Albert Weisgerber. 1913 ver\u00f6ffentlichte er das Mappenwerk \u201eSimson\u201c mit 43 Federzeichnungen beim Verlag R. Piper in M\u00fcnchen.<\/p>\n<p>Reinhardt war bekannt f\u00fcr seine farbstarken und expressiv-realistischen Kompositionen, die oft mythologische oder religi\u00f6se Themen behandelten. Neben seinen Gem\u00e4lden schuf er auch bedeutende Kirchen- und Altarbemalungen, darunter Arbeiten in Landsberg am Lech. Auch Portr\u00e4ts geh\u00f6rten zu seinem Werk.<\/p>\n<p>Er war Mitglied der M\u00fcnchener Secession und nahm an verschiedenen Ausstellungen teil, darunter die \u201eAusstellung M\u00fcnchen 1908\u201c sowie regelm\u00e4\u00dfig die \u201eM\u00fcnchener Kunstausstellungen\u201c im Glaspalast.<\/p>\n","protected":false},"excerpt":{"rendered":"<p>Franz Reinhardt d. \u00c4 [&hellip;]<\/p>\n","protected":false},"featured_media":289258,"template":"","meta":{"site-sidebar-layout":"default","site-content-layout":"","ast-site-content-layout":"default","site-content-style":"default","site-sidebar-style":"default","ast-global-header-display":"","ast-banner-title-visibility":"","ast-main-header-display":"","ast-hfb-above-header-display":"","ast-hfb-below-header-display":"","ast-hfb-mobile-header-display":"","site-post-title":"","ast-breadcrumbs-content":"","ast-featured-img":"","footer-sml-layout":"","ast-disable-related-posts":"","theme-transparent-header-meta":"default","adv-header-id-meta":"","stick-header-meta":"","header-above-stick-meta":"","header-main-stick-meta":"","header-below-stick-meta":"","astra-migrate-meta-layouts":"set","ast-page-background-enabled":"default","ast-page-background-meta":{"desktop":{"background-color":"var(--ast-global-color-4)","background-image":"","background-repeat":"repeat","background-position":"center center","background-size":"auto","background-attachment":"scroll","background-type":"","background-media":"","overlay-type":"","overlay-color":"","overlay-opacity":"","overlay-gradient":""},"tablet":{"background-color":"","background-image":"","background-repeat":"repeat","background-position":"center center","background-size":"auto","background-attachment":"scroll","background-type":"","background-media":"","overlay-type":"","overlay-color":"","overlay-opacity":"","overlay-gradient":""},"mobile":{"background-color":"","background-image":"","background-repeat":"repeat","background-position":"center center","background-size":"auto","background-attachment":"scroll","background-type":"","background-media":"","overlay-type":"","overlay-color":"","overlay-opacity":"","overlay-gradient":""}},"ast-content-background-meta":{"desktop":{"background-color":"var(--ast-global-color-5)","background-image":"","background-repeat":"repeat","background-position":"center center","background-size":"auto","background-attachment":"scroll","background-type":"","background-media":"","overlay-type":"","overlay-color":"","overlay-opacity":"","overlay-gradient":""},"tablet":{"background-color":"var(--ast-global-color-5)","background-image":"","background-repeat":"repeat","background-position":"center center","background-size":"auto","background-attachment":"scroll","background-type":"","background-media":"","overlay-type":"","overlay-color":"","overlay-opacity":"","overlay-gradient":""},"mobile":{"background-color":"var(--ast-global-color-5)","background-image":"","background-repeat":"repeat","background-position":"center center","background-size":"auto","background-attachment":"scroll","background-type":"","background-media":"","overlay-type":"","overlay-color":"","overlay-opacity":"","overlay-gradient":""}}},"product_brand":[],"product_cat":[25,328,424,266],"product_tag":[],"class_list":{"0":"post-289003","1":"product","2":"type-product","3":"status-publish","4":"has-post-thumbnail","6":"product_cat-deutsch","7":"product_cat-franz-reinhardt","8":"product_cat-karikaturen","9":"product_cat-zeichnung","10":"desktop-align-center","11":"tablet-align-left","12":"mobile-align-left","14":"first","15":"instock","16":"taxable","17":"shipping-taxable","18":"product-type-simple"},"_links":{"self":[{"href":"https:\/\/collection.galerie-gerdes.com\/ja\/wp-json\/wp\/v2\/product\/289003","targetHints":{"allow":["GET"]}}],"collection":[{"href":"https:\/\/collection.galerie-gerdes.com\/ja\/wp-json\/wp\/v2\/product"}],"about":[{"href":"https:\/\/collection.galerie-gerdes.com\/ja\/wp-json\/wp\/v2\/types\/product"}],"wp:featuredmedia":[{"embeddable":true,"href":"https:\/\/collection.galerie-gerdes.com\/ja\/wp-json\/wp\/v2\/media\/289258"}],"wp:attachment":[{"href":"https:\/\/collection.galerie-gerdes.com\/ja\/wp-json\/wp\/v2\/media?parent=289003"}],"wp:term":[{"taxonomy":"product_brand","embeddable":true,"href":"https:\/\/collection.galerie-gerdes.com\/ja\/wp-json\/wp\/v2\/product_brand?post=289003"},{"taxonomy":"product_cat","embeddable":true,"href":"https:\/\/collection.galerie-gerdes.com\/ja\/wp-json\/wp\/v2\/product_cat?post=289003"},{"taxonomy":"product_tag","embeddable":true,"href":"https:\/\/collection.galerie-gerdes.com\/ja\/wp-json\/wp\/v2\/product_tag?post=289003"}],"curies":[{"name":"wp","href":"https:\/\/api.w.org\/{rel}","templated":true}]}}