{"id":327310,"date":"2025-09-23T14:44:21","date_gmt":"2025-09-23T12:44:21","guid":{"rendered":"https:\/\/collection.galerie-gerdes.com\/?post_type=product&#038;p=327310"},"modified":"2025-09-23T14:44:21","modified_gmt":"2025-09-23T12:44:21","slug":"dame-und-diener-tuschezeichnung-von-hanna-nagel","status":"publish","type":"product","link":"https:\/\/collection.galerie-gerdes.com\/ja\/p\/dame-und-diener-tuschezeichnung-von-hanna-nagel\/","title":{"rendered":"Dame und Diener | Tuschezeichnung von Hanna Nagel"},"content":{"rendered":"<p>Hanna Nagel (eigentlich Johanna Nagel; *10. Juni 1907 in Heidelberg; \u202015. M\u00e4rz 1975 ebenda) war eine deutsche K\u00fcnstlerin, deren Werk vor allem Grafik, Buchillustrationen sowie einige \u00d6lgem\u00e4lde umfasst. In ihrem Fr\u00fchwerk von 1927 bis 1933 setzte sie sich k\u00fcnstlerisch mit gesellschaftlichen und sozialen Themen auseinander, darunter Diskriminierung, Antisemitismus, Rassismus, Misogynie sowie Fragen von Armut, Krankheit, Kinderrechten und Geschlechterrollen. Sp\u00e4tere Arbeiten entfernten sich von diesen fr\u00fchen Motiven. Stilistisch gilt sie als Vertreterin des Verismus mit surrealistischen Einfl\u00fcssen.<\/p>\n<p>Nagel wuchs als \u00e4lteste Tochter des Kaufmanns Johannes Nagel und seiner Frau Bertha, geborene Nu\u00df, in Heidelberg auf. Sie hatte eine Schwester und einen adoptierten Bruder. Nach dem Besuch einer M\u00e4dchenschule begann sie 1924 eine Buchbinderlehre. Von 1925 bis 1929 studierte sie an der Badischen Landeskunstschule Karlsruhe bei Karl Hubbuch, Wilhelm Schnarrenberger, Hermann Gehri und als Meistersch\u00fclerin in der Radierklasse bei Walter Conz. In dieser Zeit entstanden zahlreiche Portr\u00e4ts und Zeichnungen, die sich mit gesellschaftlichen Machtverh\u00e4ltnissen und deren Folgen befassten.<\/p>\n<p>1929 zog Nagel nach Berlin und setzte ihr Studium an den Vereinigten Staatsschulen f\u00fcr Freie und Angewandte Kunst fort, wo sie Sch\u00fcler von Emil Orlik und Hans Meid war. Orlik bezeichnete sie als \u201eneue Kollwitz\u201c. 1931 heiratete sie den Maler Hans Fischer. 1932 schloss sie ihr Studium ab. Von 1933 bis 1936 hielt sich das Ehepaar mit Stipendienaufenthalten in der Villa Massimo in Rom auf.<\/p>\n<p>W\u00e4hrend der Zeit des Nationalsozialismus war Nagel Mitglied der Reichskammer der bildenden K\u00fcnste und nahm an zahlreichen Ausstellungen teil. Ab 1936 erschienen mehr als 100 von ihr illustrierte B\u00fccher, darunter Werke von Anton Tschechow, Maxim Gorki und Daphne du Maurier. Bekannte Grafikzyklen sind Phantasien zu 24 Chopin-Pr\u00e9ludes, Die Tr\u00e4umende und Angst.<\/p>\n<p>1938 wurde die gemeinsame Tochter, die Malerin und Lyrikerin Irene Fischer-Nagel, geboren. Hans Fischer wurde 1940 zum Kriegsdienst eingezogen und verlie\u00df die Familie 1947. Nagel lebte die letzten drei Jahrzehnte ihres Lebens dauerhaft in Heidelberg, wo sie unter gesundheitlichen Einschr\u00e4nkungen arbeitete. Nach einer Operation 1963 musste sie auf die rechte Hand umstellen.<\/p>\n<p>Ihr k\u00fcnstlerischer Nachlass befindet sich \u00fcberwiegend in Privatbesitz, ein schriftlicher Teilnachlass im Germanischen Nationalmuseum in N\u00fcrnberg. Zu ihrem Andenken wird seit 1998 der Hanna-Nagel-Preis in Karlsruhe verliehen.<\/p>\n","protected":false},"excerpt":{"rendered":"<p class=\"p1\">Hanna Nagel (1907-1975)<\/p>\n","protected":false},"featured_media":329487,"template":"","meta":{"site-sidebar-layout":"default","site-content-layout":"","ast-site-content-layout":"default","site-content-style":"default","site-sidebar-style":"default","ast-global-header-display":"","ast-banner-title-visibility":"","ast-main-header-display":"","ast-hfb-above-header-display":"","ast-hfb-below-header-display":"","ast-hfb-mobile-header-display":"","site-post-title":"","ast-breadcrumbs-content":"","ast-featured-img":"","footer-sml-layout":"","ast-disable-related-posts":"","theme-transparent-header-meta":"default","adv-header-id-meta":"","stick-header-meta":"","header-above-stick-meta":"","header-main-stick-meta":"","header-below-stick-meta":"","astra-migrate-meta-layouts":"set","ast-page-background-enabled":"default","ast-page-background-meta":{"desktop":{"background-color":"var(--ast-global-color-4)","background-image":"","background-repeat":"repeat","background-position":"center center","background-size":"auto","background-attachment":"scroll","background-type":"","background-media":"","overlay-type":"","overlay-color":"","overlay-opacity":"","overlay-gradient":""},"tablet":{"background-color":"","background-image":"","background-repeat":"repeat","background-position":"center center","background-size":"auto","background-attachment":"scroll","background-type":"","background-media":"","overlay-type":"","overlay-color":"","overlay-opacity":"","overlay-gradient":""},"mobile":{"background-color":"","background-image":"","background-repeat":"repeat","background-position":"center center","background-size":"auto","background-attachment":"scroll","background-type":"","background-media":"","overlay-type":"","overlay-color":"","overlay-opacity":"","overlay-gradient":""}},"ast-content-background-meta":{"desktop":{"background-color":"var(--ast-global-color-5)","background-image":"","background-repeat":"repeat","background-position":"center center","background-size":"auto","background-attachment":"scroll","background-type":"","background-media":"","overlay-type":"","overlay-color":"","overlay-opacity":"","overlay-gradient":""},"tablet":{"background-color":"var(--ast-global-color-5)","background-image":"","background-repeat":"repeat","background-position":"center center","background-size":"auto","background-attachment":"scroll","background-type":"","background-media":"","overlay-type":"","overlay-color":"","overlay-opacity":"","overlay-gradient":""},"mobile":{"background-color":"var(--ast-global-color-5)","background-image":"","background-repeat":"repeat","background-position":"center center","background-size":"auto","background-attachment":"scroll","background-type":"","background-media":"","overlay-type":"","overlay-color":"","overlay-opacity":"","overlay-gradient":""}}},"product_brand":[],"product_cat":[15263],"product_tag":[],"class_list":{"0":"post-327310","1":"product","2":"type-product","3":"status-publish","4":"has-post-thumbnail","6":"product_cat-hanna-nagel","7":"desktop-align-center","8":"tablet-align-left","9":"mobile-align-left","11":"first","12":"instock","13":"taxable","14":"shipping-taxable","15":"product-type-simple"},"_links":{"self":[{"href":"https:\/\/collection.galerie-gerdes.com\/ja\/wp-json\/wp\/v2\/product\/327310","targetHints":{"allow":["GET"]}}],"collection":[{"href":"https:\/\/collection.galerie-gerdes.com\/ja\/wp-json\/wp\/v2\/product"}],"about":[{"href":"https:\/\/collection.galerie-gerdes.com\/ja\/wp-json\/wp\/v2\/types\/product"}],"wp:featuredmedia":[{"embeddable":true,"href":"https:\/\/collection.galerie-gerdes.com\/ja\/wp-json\/wp\/v2\/media\/329487"}],"wp:attachment":[{"href":"https:\/\/collection.galerie-gerdes.com\/ja\/wp-json\/wp\/v2\/media?parent=327310"}],"wp:term":[{"taxonomy":"product_brand","embeddable":true,"href":"https:\/\/collection.galerie-gerdes.com\/ja\/wp-json\/wp\/v2\/product_brand?post=327310"},{"taxonomy":"product_cat","embeddable":true,"href":"https:\/\/collection.galerie-gerdes.com\/ja\/wp-json\/wp\/v2\/product_cat?post=327310"},{"taxonomy":"product_tag","embeddable":true,"href":"https:\/\/collection.galerie-gerdes.com\/ja\/wp-json\/wp\/v2\/product_tag?post=327310"}],"curies":[{"name":"wp","href":"https:\/\/api.w.org\/{rel}","templated":true}]}}