{"id":417326,"date":"2026-02-07T17:12:33","date_gmt":"2026-02-07T16:12:33","guid":{"rendered":"https:\/\/collection.galerie-gerdes.com\/?post_type=product&#038;p=417326"},"modified":"2026-02-07T17:12:34","modified_gmt":"2026-02-07T16:12:34","slug":"blumenstillleben-gemaelde-von-bernd-funke","status":"publish","type":"product","link":"https:\/\/collection.galerie-gerdes.com\/ja\/p\/blumenstillleben-gemaelde-von-bernd-funke\/","title":{"rendered":"Blumenstillleben | Gem\u00e4lde von Bernd Funke"},"content":{"rendered":"<p data-start=\"93\" data-end=\"354\"><strong data-start=\"93\" data-end=\"108\">Bernd Funke<\/strong> (* 13. Juli 1902 in Essen; \u2020 16. Oktober 1988 in Heide, Schleswig-Holstein) war ein deutscher Maler. Seine k\u00fcnstlerische Ausbildung begann er 1920 an der Folkwang-Schule in Essen, bevor er von 1921 bis 1923 an der dortigen Kunstschule studierte.<\/p>\n<p data-start=\"356\" data-end=\"688\">Zwischen 1931 und 1936 war Funke als Kunstlehrer an einer Schule in Meppen t\u00e4tig. W\u00e4hrend der Zeit des Nationalsozialismus wurde er jedoch aus dem Schuldienst entlassen. 1935 ver\u00f6ffentlichte er eine Folge grafischer Arbeiten unter dem Titel <em data-start=\"597\" data-end=\"619\">Wundervolles Emsland<\/em>. In den Jahren von 1937 bis 1940 leitete er ein Werbestudio in K\u00f6ln.<\/p>\n<p data-start=\"690\" data-end=\"985\">W\u00e4hrend des Zweiten Weltkriegs war Bernd Funke als Kriegsmaler eingesetzt und arbeitete unter anderem in Frankreich, Russland, Rum\u00e4nien und Ungarn. Nach Kriegsende war er von 1950 bis 1959 in einem K\u00f6lner Kunsthandel t\u00e4tig. Anschlie\u00dfend wirkte er bis 1973 als freischaffender K\u00fcnstler in Meppen.<\/p>\n<p data-start=\"987\" data-end=\"1290\" data-is-last-node=\"\" data-is-only-node=\"\">Im April 1975 wurden Werke Funkes im Domcaf\u00e9 in Meldorf ausgestellt, wor\u00fcber die <em data-start=\"1068\" data-end=\"1096\">Dithmarscher Landeszeitung<\/em> am 26. April 1975 berichtete. In seinen sp\u00e4ten Lebensjahren lebte er in Tellingstedt und widmete sich vor allem der Darstellung der Landschaft Dithmarschens. Bernd Funke verstarb 1988 in Heide.<\/p>\n","protected":false},"excerpt":{"rendered":"<p class=\"p1\">Bernd Funke (1902-1988)<\/p>\n","protected":false},"featured_media":417516,"template":"","meta":{"site-sidebar-layout":"default","site-content-layout":"","ast-site-content-layout":"default","site-content-style":"default","site-sidebar-style":"default","ast-global-header-display":"","ast-banner-title-visibility":"","ast-main-header-display":"","ast-hfb-above-header-display":"","ast-hfb-below-header-display":"","ast-hfb-mobile-header-display":"","site-post-title":"","ast-breadcrumbs-content":"","ast-featured-img":"","footer-sml-layout":"","ast-disable-related-posts":"","theme-transparent-header-meta":"default","adv-header-id-meta":"","stick-header-meta":"","header-above-stick-meta":"","header-main-stick-meta":"","header-below-stick-meta":"","astra-migrate-meta-layouts":"set","ast-page-background-enabled":"default","ast-page-background-meta":{"desktop":{"background-color":"var(--ast-global-color-4)","background-image":"","background-repeat":"repeat","background-position":"center center","background-size":"auto","background-attachment":"scroll","background-type":"","background-media":"","overlay-type":"","overlay-color":"","overlay-opacity":"","overlay-gradient":""},"tablet":{"background-color":"","background-image":"","background-repeat":"repeat","background-position":"center center","background-size":"auto","background-attachment":"scroll","background-type":"","background-media":"","overlay-type":"","overlay-color":"","overlay-opacity":"","overlay-gradient":""},"mobile":{"background-color":"","background-image":"","background-repeat":"repeat","background-position":"center center","background-size":"auto","background-attachment":"scroll","background-type":"","background-media":"","overlay-type":"","overlay-color":"","overlay-opacity":"","overlay-gradient":""}},"ast-content-background-meta":{"desktop":{"background-color":"var(--ast-global-color-5)","background-image":"","background-repeat":"repeat","background-position":"center center","background-size":"auto","background-attachment":"scroll","background-type":"","background-media":"","overlay-type":"","overlay-color":"","overlay-opacity":"","overlay-gradient":""},"tablet":{"background-color":"var(--ast-global-color-5)","background-image":"","background-repeat":"repeat","background-position":"center center","background-size":"auto","background-attachment":"scroll","background-type":"","background-media":"","overlay-type":"","overlay-color":"","overlay-opacity":"","overlay-gradient":""},"mobile":{"background-color":"var(--ast-global-color-5)","background-image":"","background-repeat":"repeat","background-position":"center center","background-size":"auto","background-attachment":"scroll","background-type":"","background-media":"","overlay-type":"","overlay-color":"","overlay-opacity":"","overlay-gradient":""}}},"product_brand":[],"product_cat":[15362],"product_tag":[],"class_list":{"0":"post-417326","1":"product","2":"type-product","3":"status-publish","4":"has-post-thumbnail","6":"product_cat-bernd-funke","7":"desktop-align-center","8":"tablet-align-left","9":"mobile-align-left","11":"first","12":"instock","13":"taxable","14":"shipping-taxable","15":"product-type-simple"},"_links":{"self":[{"href":"https:\/\/collection.galerie-gerdes.com\/ja\/wp-json\/wp\/v2\/product\/417326","targetHints":{"allow":["GET"]}}],"collection":[{"href":"https:\/\/collection.galerie-gerdes.com\/ja\/wp-json\/wp\/v2\/product"}],"about":[{"href":"https:\/\/collection.galerie-gerdes.com\/ja\/wp-json\/wp\/v2\/types\/product"}],"wp:featuredmedia":[{"embeddable":true,"href":"https:\/\/collection.galerie-gerdes.com\/ja\/wp-json\/wp\/v2\/media\/417516"}],"wp:attachment":[{"href":"https:\/\/collection.galerie-gerdes.com\/ja\/wp-json\/wp\/v2\/media?parent=417326"}],"wp:term":[{"taxonomy":"product_brand","embeddable":true,"href":"https:\/\/collection.galerie-gerdes.com\/ja\/wp-json\/wp\/v2\/product_brand?post=417326"},{"taxonomy":"product_cat","embeddable":true,"href":"https:\/\/collection.galerie-gerdes.com\/ja\/wp-json\/wp\/v2\/product_cat?post=417326"},{"taxonomy":"product_tag","embeddable":true,"href":"https:\/\/collection.galerie-gerdes.com\/ja\/wp-json\/wp\/v2\/product_tag?post=417326"}],"curies":[{"name":"wp","href":"https:\/\/api.w.org\/{rel}","templated":true}]}}