{"id":5033,"date":"2024-04-08T12:13:44","date_gmt":"2024-04-08T10:13:44","guid":{"rendered":"https:\/\/collection.galerie-gerdes.com\/?post_type=product&#038;p=5033"},"modified":"2024-05-21T13:03:09","modified_gmt":"2024-05-21T11:03:09","slug":"michael-kirche-bei-dortmund-1963-gemalde-von-jo-pieper","status":"publish","type":"product","link":"https:\/\/collection.galerie-gerdes.com\/ja\/p\/michael-kirche-bei-dortmund-1963-gemalde-von-jo-pieper\/","title":{"rendered":"Michael Kirche bei Dortmund 1963, Gem\u00e4lde von Jo Pieper"},"content":{"rendered":"<div class=\"flex-1 overflow-hidden\">\n<div class=\"react-scroll-to-bottom--css-poywr-79elbk h-full\">\n<div class=\"react-scroll-to-bottom--css-poywr-1n7m0yu\">\n<div>\n<div class=\"flex flex-col text-sm pb-9\">\n<div class=\"w-full text-token-text-primary\" dir=\"auto\" data-testid=\"conversation-turn-9\">\n<div class=\"px-4 py-2 justify-center text-base md:gap-6 m-auto\">\n<div class=\"flex flex-1 text-base mx-auto gap-3 juice:gap-4 juice:md:gap-6 md:px-5 lg:px-1 xl:px-5 md:max-w-3xl lg:max-w-[40rem] xl:max-w-[48rem] group final-completion\">\n<div class=\"relative flex w-full flex-col agent-turn\">\n<div class=\"flex-col gap-1 md:gap-3\">\n<div class=\"flex flex-grow flex-col max-w-full\">\n<div class=\"min-h-[20px] text-message flex flex-col items-start gap-3 whitespace-pre-wrap break-words [.text-message+&amp;]:mt-5 overflow-x-auto\" dir=\"auto\" data-message-author-role=\"assistant\" data-message-id=\"e7c372b5-a108-428e-a5da-499bdcda77f7\">\n<div class=\"markdown prose w-full break-words dark:prose-invert light\">\n<p>Jo Pieper, eigentlich Josef Pieper, wurde am 1. August 1893 in Recklinghausen geboren und verstarb am 30. September 1971 in Essen. Er war ein deutscher Maler und Grafiker.<\/p>\n<p>Nach seiner Geburt im Ruhrgebiet absolvierte Jo Pieper zwischen 1910 und 1914 sein Studium an der Kunstgewerbeschule in Dortmund. W\u00e4hrend des Ersten Weltkrieges diente er als Soldat. Nach dem Krieg kn\u00fcpfte er Kontakte zum K\u00fcnstlerkreis um Mutter Ey in D\u00fcsseldorf und lie\u00df sich 1922 als freischaffender Maler und Grafiker in Essen nieder, wo er unter anderem Plakate entwarf. Zu seinen bekannten Werken z\u00e4hlt die stilisierte Tulpe von 1929, die zur Er\u00f6ffnung der Gro\u00dfen Ruhrl\u00e4ndischen Gartenbauausstellung (GRUGA) entstand und heute als Symbol des Grugaparks dient, unter anderem auf dem Grugaturm zu finden ist.<\/p>\n<p>In den 1930er Jahren \u00fcbernahm Pieper eine Lehrt\u00e4tigkeit als nebenamtlicher Lehrer an der Folkwangschule in Essen, wo er Freihand-, Pflanzen- und fig\u00fcrliches Zeichnen unterrichtete. Er war auch auf den Gro\u00dfen Deutschen Kunstausstellungen in M\u00fcnchen von 1939 bis 1944 sowie 1953 auf der Dritten Deutschen Kunstausstellung in der DDR vertreten.<\/p>\n<p>1958 kehrte er an die Folkwangschule f\u00fcr Gestaltung zur\u00fcck, wo er bis kurz vor seinem Tod Akt- und fig\u00fcrliches Zeichnen lehrte, bevor er aus gesundheitlichen Gr\u00fcnden die Lehrt\u00e4tigkeit aufgeben musste.<\/p>\n<p>Piepers k\u00fcnstlerisches Interesse galt Themen wie Zigeuner, Mutter und Kind, Portr\u00e4ts, Akte und Landschaften der Nordsee. Er malte auch Erinnerungen an seine Reisen nach Belgien, Frankreich, die Niederlande und \u00d6sterreich, wobei insbesondere Paris und Tirol in seinen Werken deutlich erkennbar sind.<\/p>\n<p>Er war Vorstandsmitglied im Ruhrl\u00e4ndischen K\u00fcnstlerbund Essen (RKB) und stellte gemeinsam mit anderen K\u00fcnstlern wie Josef van Heekern unter anderem bei verschiedenen Ausstellungen aus. Heute befinden sich Teile seiner Werke sowohl in Privatbesitz als auch in \u00f6ffentlichen Sammlungen, darunter im Landtag und Kultusministerium Nordrhein-Westfalen sowie in den St\u00e4dten Bochum, D\u00fcsseldorf, Essen, Gelsenkirchen und L\u00fcnen.<\/p>\n<\/div>\n<\/div>\n<\/div>\n<\/div>\n<\/div>\n<\/div>\n<\/div>\n<\/div>\n<\/div>\n<\/div>\n<\/div>\n<\/div>\n<\/div>\n<div class=\"w-full pt-2 md:pt-0 dark:border-white\/20 md:border-transparent md:dark:border-transparent md:w-[calc(100%-.5rem)]\">\n<form class=\"stretch mx-2 flex flex-row gap-3 last:mb-2 md:mx-4 md:last:mb-6 lg:mx-auto lg:max-w-2xl xl:max-w-3xl\">\n<div class=\"relative flex h-full flex-1 flex-col\">\n<div class=\"flex w-full items-center\">\n<div class=\"overflow-hidden [&amp;:has(textarea:focus)]:border-token-border-xheavy [&amp;:has(textarea:focus)]:shadow-[0_2px_6px_rgba(0,0,0,.05)] flex flex-col w-full flex-grow relative border dark:text-white rounded-2xl bg-token-main-surface-primary border-token-border-medium\">\n<div data-grammarly-part=\"button\">\n<div>\n<div>\n<div class=\"amkYk\">\n<div>\n<div class=\"ptGJG\"><\/div>\n<\/div>\n<\/div>\n<\/div>\n<\/div>\n<\/div>\n<\/div>\n<\/div>\n<\/div>\n<\/form>\n<\/div>\n","protected":false},"excerpt":{"rendered":"<p>Jo (Josef) Pieper (1983-1971)<\/p>\n","protected":false},"featured_media":5084,"template":"","meta":{"site-sidebar-layout":"default","site-content-layout":"","ast-site-content-layout":"default","site-content-style":"default","site-sidebar-style":"default","ast-global-header-display":"","ast-banner-title-visibility":"","ast-main-header-display":"","ast-hfb-above-header-display":"","ast-hfb-below-header-display":"","ast-hfb-mobile-header-display":"","site-post-title":"","ast-breadcrumbs-content":"","ast-featured-img":"","footer-sml-layout":"","ast-disable-related-posts":"","theme-transparent-header-meta":"default","adv-header-id-meta":"","stick-header-meta":"","header-above-stick-meta":"","header-main-stick-meta":"","header-below-stick-meta":"","astra-migrate-meta-layouts":"set","ast-page-background-enabled":"default","ast-page-background-meta":{"desktop":{"background-color":"var(--ast-global-color-4)","background-image":"","background-repeat":"repeat","background-position":"center center","background-size":"auto","background-attachment":"scroll","background-type":"","background-media":"","overlay-type":"","overlay-color":"","overlay-opacity":"","overlay-gradient":""},"tablet":{"background-color":"","background-image":"","background-repeat":"repeat","background-position":"center center","background-size":"auto","background-attachment":"scroll","background-type":"","background-media":"","overlay-type":"","overlay-color":"","overlay-opacity":"","overlay-gradient":""},"mobile":{"background-color":"","background-image":"","background-repeat":"repeat","background-position":"center center","background-size":"auto","background-attachment":"scroll","background-type":"","background-media":"","overlay-type":"","overlay-color":"","overlay-opacity":"","overlay-gradient":""}},"ast-content-background-meta":{"desktop":{"background-color":"var(--ast-global-color-5)","background-image":"","background-repeat":"repeat","background-position":"center center","background-size":"auto","background-attachment":"scroll","background-type":"","background-media":"","overlay-type":"","overlay-color":"","overlay-opacity":"","overlay-gradient":""},"tablet":{"background-color":"var(--ast-global-color-5)","background-image":"","background-repeat":"repeat","background-position":"center center","background-size":"auto","background-attachment":"scroll","background-type":"","background-media":"","overlay-type":"","overlay-color":"","overlay-opacity":"","overlay-gradient":""},"mobile":{"background-color":"var(--ast-global-color-5)","background-image":"","background-repeat":"repeat","background-position":"center center","background-size":"auto","background-attachment":"scroll","background-type":"","background-media":"","overlay-type":"","overlay-color":"","overlay-opacity":"","overlay-gradient":""}}},"product_brand":[],"product_cat":[52,25,179,323,409,267],"product_tag":[364,362,363,74,361,365],"class_list":{"0":"post-5033","1":"product","2":"type-product","3":"status-publish","4":"has-post-thumbnail","6":"product_cat-20th-century","7":"product_cat-deutsch","8":"product_cat-gemaelde","9":"product_cat-jo-pieper","10":"product_cat-landschaft","11":"product_cat-oelgemaelde","12":"product_tag-art","13":"product_tag-gemalde","14":"product_tag-kunst","15":"product_tag-painting","16":"product_tag-peintures","17":"product_tag-pittura","18":"desktop-align-center","19":"tablet-align-left","20":"mobile-align-left","22":"first","23":"instock","24":"taxable","25":"shipping-taxable","26":"product-type-simple"},"_links":{"self":[{"href":"https:\/\/collection.galerie-gerdes.com\/ja\/wp-json\/wp\/v2\/product\/5033","targetHints":{"allow":["GET"]}}],"collection":[{"href":"https:\/\/collection.galerie-gerdes.com\/ja\/wp-json\/wp\/v2\/product"}],"about":[{"href":"https:\/\/collection.galerie-gerdes.com\/ja\/wp-json\/wp\/v2\/types\/product"}],"wp:featuredmedia":[{"embeddable":true,"href":"https:\/\/collection.galerie-gerdes.com\/ja\/wp-json\/wp\/v2\/media\/5084"}],"wp:attachment":[{"href":"https:\/\/collection.galerie-gerdes.com\/ja\/wp-json\/wp\/v2\/media?parent=5033"}],"wp:term":[{"taxonomy":"product_brand","embeddable":true,"href":"https:\/\/collection.galerie-gerdes.com\/ja\/wp-json\/wp\/v2\/product_brand?post=5033"},{"taxonomy":"product_cat","embeddable":true,"href":"https:\/\/collection.galerie-gerdes.com\/ja\/wp-json\/wp\/v2\/product_cat?post=5033"},{"taxonomy":"product_tag","embeddable":true,"href":"https:\/\/collection.galerie-gerdes.com\/ja\/wp-json\/wp\/v2\/product_tag?post=5033"}],"curies":[{"name":"wp","href":"https:\/\/api.w.org\/{rel}","templated":true}]}}