{"id":5881,"date":"2024-04-29T09:58:59","date_gmt":"2024-04-29T07:58:59","guid":{"rendered":"https:\/\/collection.galerie-gerdes.com\/?post_type=product&#038;p=5881"},"modified":"2024-08-16T22:09:39","modified_gmt":"2024-08-16T20:09:39","slug":"tuschpinselzeichnung-apotheke-franz-reinhardt-meggendorfer-blatter","status":"publish","type":"product","link":"https:\/\/collection.galerie-gerdes.com\/ja\/p\/tuschpinselzeichnung-apotheke-franz-reinhardt-meggendorfer-blatter\/","title":{"rendered":"Tuschpinselzeichnung Apotheke, Franz Reinhardt, Meggendorfer-Bl\u00e4tter"},"content":{"rendered":"<p>Franz Reinhardt d. \u00c4. (geboren am 26. September 1881 in Helmstedt, gestorben am 6. Juni 1946 in Lenzfried) war ein vielseitiger K\u00fcnstler, der als Maler, Zeichner, Wandmaler und Kirchenmaler t\u00e4tig war. Als Sohn eines F\u00e4rbers zog er als junger Mann nach M\u00fcnchen, wo er ab 1900 an der Kunstakademie M\u00fcnchen studierte. Seine Lehrer dort waren namhafte K\u00fcnstler wie Gabriel von Hackl, Wilhelm von Diez und Franz von Stuck. In M\u00fcnchen kn\u00fcpfte er auch Bekanntschaften mit anderen bedeutenden K\u00fcnstlern wie Franz Marc und Albert Weisgerber.<\/p>\n<p>Ein bemerkenswertes Werk von Reinhardt ist das Mappenwerk \u201cSimson\u201d aus dem Jahr 1913, das 43 Federzeichnungen umfasst und von R. Piper in M\u00fcnchen ver\u00f6ffentlicht wurde.<\/p>\n<p>Reinhardt war bekannt f\u00fcr seine expressiv realistischen Kompositionen mit mythologischem oder religi\u00f6sem Inhalt, die durch ihre lebendigen Farben beeindruckten. Zus\u00e4tzlich zu seinen Gem\u00e4lden schuf er auch Wandmalereien f\u00fcr Kirchen und Altarbilder, darunter in Landsberg am Lech, sowie Portr\u00e4ts.<\/p>\n<p>Er war Mitglied der M\u00fcnchener Secession und nahm an verschiedenen Ausstellungen teil, darunter die \u201cAusstellung M\u00fcnchen 1908\u201d und die \u201cM\u00fcnchener Kunstausstellungen\u201d im Glaspalast.<\/p>\n<p>Werke von Franz Reinhardt d. \u00c4. sind in renommierten Sammlungen wie den Bayerischen Staatsgem\u00e4ldesammlungen (sechs Gem\u00e4lde), der Stadt M\u00fcnchen, dem Lenbachhaus in M\u00fcnchen und der Sammlung Professor Dr. Heinz B\u00f6hme in Salzburg vertreten.<\/p>\n","protected":false},"excerpt":{"rendered":"<p>Franz Reinhardt (1881-1946)<\/p>\n","protected":false},"featured_media":5889,"template":"","meta":{"site-sidebar-layout":"default","site-content-layout":"","ast-site-content-layout":"default","site-content-style":"default","site-sidebar-style":"default","ast-global-header-display":"","ast-banner-title-visibility":"","ast-main-header-display":"","ast-hfb-above-header-display":"","ast-hfb-below-header-display":"","ast-hfb-mobile-header-display":"","site-post-title":"","ast-breadcrumbs-content":"","ast-featured-img":"","footer-sml-layout":"","ast-disable-related-posts":"","theme-transparent-header-meta":"default","adv-header-id-meta":"","stick-header-meta":"","header-above-stick-meta":"","header-main-stick-meta":"","header-below-stick-meta":"","astra-migrate-meta-layouts":"set","ast-page-background-enabled":"default","ast-page-background-meta":{"desktop":{"background-color":"var(--ast-global-color-4)","background-image":"","background-repeat":"repeat","background-position":"center center","background-size":"auto","background-attachment":"scroll","background-type":"","background-media":"","overlay-type":"","overlay-color":"","overlay-opacity":"","overlay-gradient":""},"tablet":{"background-color":"","background-image":"","background-repeat":"repeat","background-position":"center center","background-size":"auto","background-attachment":"scroll","background-type":"","background-media":"","overlay-type":"","overlay-color":"","overlay-opacity":"","overlay-gradient":""},"mobile":{"background-color":"","background-image":"","background-repeat":"repeat","background-position":"center center","background-size":"auto","background-attachment":"scroll","background-type":"","background-media":"","overlay-type":"","overlay-color":"","overlay-opacity":"","overlay-gradient":""}},"ast-content-background-meta":{"desktop":{"background-color":"var(--ast-global-color-5)","background-image":"","background-repeat":"repeat","background-position":"center center","background-size":"auto","background-attachment":"scroll","background-type":"","background-media":"","overlay-type":"","overlay-color":"","overlay-opacity":"","overlay-gradient":""},"tablet":{"background-color":"var(--ast-global-color-5)","background-image":"","background-repeat":"repeat","background-position":"center center","background-size":"auto","background-attachment":"scroll","background-type":"","background-media":"","overlay-type":"","overlay-color":"","overlay-opacity":"","overlay-gradient":""},"mobile":{"background-color":"var(--ast-global-color-5)","background-image":"","background-repeat":"repeat","background-position":"center center","background-size":"auto","background-attachment":"scroll","background-type":"","background-media":"","overlay-type":"","overlay-color":"","overlay-opacity":"","overlay-gradient":""}}},"product_brand":[],"product_cat":[52,25,328,179,424,266],"product_tag":[],"class_list":{"0":"post-5881","1":"product","2":"type-product","3":"status-publish","4":"has-post-thumbnail","6":"product_cat-20th-century","7":"product_cat-deutsch","8":"product_cat-franz-reinhardt","9":"product_cat-gemaelde","10":"product_cat-karikaturen","11":"product_cat-zeichnung","12":"desktop-align-center","13":"tablet-align-left","14":"mobile-align-left","16":"first","17":"instock","18":"taxable","19":"shipping-taxable","20":"product-type-simple"},"_links":{"self":[{"href":"https:\/\/collection.galerie-gerdes.com\/ja\/wp-json\/wp\/v2\/product\/5881","targetHints":{"allow":["GET"]}}],"collection":[{"href":"https:\/\/collection.galerie-gerdes.com\/ja\/wp-json\/wp\/v2\/product"}],"about":[{"href":"https:\/\/collection.galerie-gerdes.com\/ja\/wp-json\/wp\/v2\/types\/product"}],"wp:featuredmedia":[{"embeddable":true,"href":"https:\/\/collection.galerie-gerdes.com\/ja\/wp-json\/wp\/v2\/media\/5889"}],"wp:attachment":[{"href":"https:\/\/collection.galerie-gerdes.com\/ja\/wp-json\/wp\/v2\/media?parent=5881"}],"wp:term":[{"taxonomy":"product_brand","embeddable":true,"href":"https:\/\/collection.galerie-gerdes.com\/ja\/wp-json\/wp\/v2\/product_brand?post=5881"},{"taxonomy":"product_cat","embeddable":true,"href":"https:\/\/collection.galerie-gerdes.com\/ja\/wp-json\/wp\/v2\/product_cat?post=5881"},{"taxonomy":"product_tag","embeddable":true,"href":"https:\/\/collection.galerie-gerdes.com\/ja\/wp-json\/wp\/v2\/product_tag?post=5881"}],"curies":[{"name":"wp","href":"https:\/\/api.w.org\/{rel}","templated":true}]}}