{"id":187,"date":"2023-12-20T22:28:48","date_gmt":"2023-12-20T21:28:48","guid":{"rendered":"https:\/\/collection.galerie-gerdes.com\/?post_type=product&#038;p=187"},"modified":"2024-05-21T13:08:36","modified_gmt":"2024-05-21T11:08:36","slug":"herbst-landschaft-gottfried-tritten-1923-2015","status":"publish","type":"product","link":"https:\/\/collection.galerie-gerdes.com\/ko\/p\/herbst-landschaft-gottfried-tritten-1923-2015\/","title":{"rendered":"Herbst Landschaft, Gem\u00e4lde von Gottfried Tritten, Schweiz"},"content":{"rendered":"<p>Gottfried Tritten, aufgewachsen im Berner Oberland, besuchte von 1939 bis 1943 das Gymnasium Burgdorf. Anschlie\u00dfend studierte er von 1943 bis 1948 an der Kunstgewerbeschule Basel bei Georg Schmidt und Walter Bodmer, wo er sein Zeichenlehrerdiplom erwarb. Sein Studium setzte er von 1948 bis 1951 an den Universit\u00e4ten Basel und Bern fort, mit Schwerpunkten in Kunstgeschichte, Philosophie und Psychologie.<\/p>\n<p>W\u00e4hrend seines Lehrstipendiums am Lehrerseminar Thun von 1950 bis 1970, begann er seine k\u00fcnstlerische Entwicklung, die stark von der Entdeckung der Landschaft und Auslandsreisen gepr\u00e4gt war. Besonders wichtig waren drei Reisen nach Marokko zwischen 1951 und 1957 sowie eine Griechenlandreise im Jahr 1959.<\/p>\n<p>1955 zog er nach Oberhofen am Thunersee und im Jahr 1958 ver\u00f6ffentlichte er seine erste kunstp\u00e4dagogische Publikation. Ab 1967 fanden seine ersten Ausstellungen im Ausland statt, darunter Paris, Brest und Lyon, gefolgt von Lissabon und verschiedenen St\u00e4dten in den USA 1970. In diesem Jahr hatte er auch eine Begegnung mit Mark Tobey.<\/p>\n<p>1968 verbrachte er einen kunstp\u00e4dagogischen Studienaufenthalt in den USA und Kanada, wo er wichtige K\u00fcnstler des Action-Painting und der Pop Art wie Richard Diebenkorn und Andy Warhol traf. In den Jahren von 1968 bis 1984 hatte er einen Lehrauftrag am Centre de Formation du Corps enseignant secondaire der Universit\u00e4t Bern.<\/p>\n<p>1974 gab es eine Retrospektive seiner Werke im Kunstmuseum Thun, und 1977 zog er nach Grimisuat im Wallis.<\/p>\n<p>In den Jahren 1992 und 1993 fand eine weitere Retrospektive seiner Werke im Kunstmuseum Helsinki statt. Weitere Einzelausstellungen wurden unter anderem 1987 im Mus\u00e9e cantonal des Beaux-Arts in Sitten, 2003 in der Fondation Louis Moret in Martigny und 2009 in der Fondation Gianadda in Martigny pr\u00e4sentiert.<\/p>\n<p>Tritten setzte sich zeitlebens f\u00fcr die F\u00f6rderung zeitgen\u00f6ssischer Kunst ein und gr\u00fcndete 1957 den Club 57 sowie 1985 Biz&#8217;Art. Seine Verdienste wurden mit verschiedenen Stipendien und Kulturpreisen gew\u00fcrdigt, darunter das Eidgen\u00f6ssische Stipendium f\u00fcr angewandte Kunst im Jahr 1953 und der Thuner Kulturpreis im Jahr 1986. 1985 wurde ihm zudem der Ehrendoktor der Universit\u00e4t Bern verliehen.<\/p>\n<p>Gottfried Tritten gilt als einer der angesehensten Schweizer Wegbereiter der Kunstvermittlung und -erziehung, der in seinem Leben zwei wichtige Lebensabschnitte durchschritt: P\u00e4dagogik und Malerei. In seinem Fr\u00fchwerk dominierte das Thema der Beziehung des Menschen zur Landschaft. Er begann mit figurativen Bildern, die starke Bewegungselemente aufwiesen, wie Landschaften, Tiere und Figuren. In den Jahren 1954 bis 1957 wandte er sich kurzzeitig der geometrischen Abstraktion zu. Von 1958 bis 1967, beeinflusst durch den Abstrakten Expressionismus, erfolgte ein schrittweiser \u00dcbergang zur gestischen, lyrischen Abstraktion mit hoher gestalterischer Freiheit, wie zum Beispiel in seinem Werk &#8220;\u00c4gina&#8221; aus dem Jahr 1965.<\/p>\n<p>Tritten erforschte die r\u00e4umliche Wirkung von Linien und Farben, zuerst in Schwarz-Wei\u00df und sp\u00e4ter in monochromen Bildern. Ab 1969 begann er, auswechselbare Elemente in seine Bilder und Reliefs zu integrieren, wodurch neue Betrachtungsweisen m\u00f6glich wurden. Er schuf Bildzyklen wie &#8220;Geburt der Venus&#8221; von 1973 bis 1978 und &#8220;Berg \u2013 Mensch \u2013 Malerei&#8221; von 1977 bis 1986. Seit den 1970er Jahren konfrontierte er die freie rhythmische Gestaltung mit geometrischen Elementen und erreichte so eine Synthese der bildnerischen Mittel, darunter Malerei, Collage, Decollage, Zeichnung und insbesondere Schrift, wie in seinem Zyklus &#8220;Der blaue Berg. Hommage an H\u00f6lderlin&#8221; von 1978 bis 1982.<\/p>\n<p>In sp\u00e4teren Jahren wandte sich Tritten auch anderen Techniken zu, wie Spiegel-Reliefs, Installationen und Glasmalerei. In den 1990er Jahren besch\u00e4ftigte er sich in Werkserien intensiv mit dem Wesen der Zeichen und einzelner Farben. Seine tiefgreifende und von der taoistischen Philosophie beeinflusste Weltsicht dr\u00fcckte er in Werken wie &#8220;Ruhe und Bewegung. Hommage an Tao&#8221; von 1991 bis 1992 und &#8220;Hommage au Bleu&#8221; von 1994 aus.<\/p>\n","protected":false},"excerpt":{"rendered":"<p>Gottfried Tritten (1923-2015)<br \/>\n\u00d6l auf Pappe.<\/p>\n","protected":false},"featured_media":188,"template":"","meta":{"site-sidebar-layout":"default","site-content-layout":"","ast-site-content-layout":"default","site-content-style":"default","site-sidebar-style":"default","ast-global-header-display":"","ast-banner-title-visibility":"","ast-main-header-display":"","ast-hfb-above-header-display":"","ast-hfb-below-header-display":"","ast-hfb-mobile-header-display":"","site-post-title":"","ast-breadcrumbs-content":"","ast-featured-img":"","footer-sml-layout":"","ast-disable-related-posts":"","theme-transparent-header-meta":"default","adv-header-id-meta":"","stick-header-meta":"","header-above-stick-meta":"","header-main-stick-meta":"","header-below-stick-meta":"","astra-migrate-meta-layouts":"set","ast-page-background-enabled":"default","ast-page-background-meta":{"desktop":{"background-color":"var(--ast-global-color-4)","background-image":"","background-repeat":"repeat","background-position":"center center","background-size":"auto","background-attachment":"scroll","background-type":"","background-media":"","overlay-type":"","overlay-color":"","overlay-opacity":"","overlay-gradient":""},"tablet":{"background-color":"","background-image":"","background-repeat":"repeat","background-position":"center center","background-size":"auto","background-attachment":"scroll","background-type":"","background-media":"","overlay-type":"","overlay-color":"","overlay-opacity":"","overlay-gradient":""},"mobile":{"background-color":"","background-image":"","background-repeat":"repeat","background-position":"center center","background-size":"auto","background-attachment":"scroll","background-type":"","background-media":"","overlay-type":"","overlay-color":"","overlay-opacity":"","overlay-gradient":""}},"ast-content-background-meta":{"desktop":{"background-color":"var(--ast-global-color-5)","background-image":"","background-repeat":"repeat","background-position":"center center","background-size":"auto","background-attachment":"scroll","background-type":"","background-media":"","overlay-type":"","overlay-color":"","overlay-opacity":"","overlay-gradient":""},"tablet":{"background-color":"var(--ast-global-color-5)","background-image":"","background-repeat":"repeat","background-position":"center center","background-size":"auto","background-attachment":"scroll","background-type":"","background-media":"","overlay-type":"","overlay-color":"","overlay-opacity":"","overlay-gradient":""},"mobile":{"background-color":"var(--ast-global-color-5)","background-image":"","background-repeat":"repeat","background-position":"center center","background-size":"auto","background-attachment":"scroll","background-type":"","background-media":"","overlay-type":"","overlay-color":"","overlay-opacity":"","overlay-gradient":""}}},"product_brand":[],"product_cat":[52,179,84,409,85],"product_tag":[364,362,363,74,361,365],"class_list":{"0":"post-187","1":"product","2":"type-product","3":"status-publish","4":"has-post-thumbnail","6":"product_cat-20th-century","7":"product_cat-gemaelde","8":"product_cat-gottfried-tritten","9":"product_cat-landschaft","10":"product_cat-schweizerisch","11":"product_tag-art","12":"product_tag-gemalde","13":"product_tag-kunst","14":"product_tag-painting","15":"product_tag-peintures","16":"product_tag-pittura","17":"desktop-align-center","18":"tablet-align-left","19":"mobile-align-left","21":"first","22":"instock","23":"taxable","24":"shipping-taxable","25":"product-type-simple"},"_links":{"self":[{"href":"https:\/\/collection.galerie-gerdes.com\/ko\/wp-json\/wp\/v2\/product\/187","targetHints":{"allow":["GET"]}}],"collection":[{"href":"https:\/\/collection.galerie-gerdes.com\/ko\/wp-json\/wp\/v2\/product"}],"about":[{"href":"https:\/\/collection.galerie-gerdes.com\/ko\/wp-json\/wp\/v2\/types\/product"}],"wp:featuredmedia":[{"embeddable":true,"href":"https:\/\/collection.galerie-gerdes.com\/ko\/wp-json\/wp\/v2\/media\/188"}],"wp:attachment":[{"href":"https:\/\/collection.galerie-gerdes.com\/ko\/wp-json\/wp\/v2\/media?parent=187"}],"wp:term":[{"taxonomy":"product_brand","embeddable":true,"href":"https:\/\/collection.galerie-gerdes.com\/ko\/wp-json\/wp\/v2\/product_brand?post=187"},{"taxonomy":"product_cat","embeddable":true,"href":"https:\/\/collection.galerie-gerdes.com\/ko\/wp-json\/wp\/v2\/product_cat?post=187"},{"taxonomy":"product_tag","embeddable":true,"href":"https:\/\/collection.galerie-gerdes.com\/ko\/wp-json\/wp\/v2\/product_tag?post=187"}],"curies":[{"name":"wp","href":"https:\/\/api.w.org\/{rel}","templated":true}]}}