{"id":230062,"date":"2024-08-28T22:52:39","date_gmt":"2024-08-28T20:52:39","guid":{"rendered":"https:\/\/www.collection.galerie-gerdes.com\/?post_type=product&#038;p=230062"},"modified":"2024-09-14T16:31:32","modified_gmt":"2024-09-14T14:31:32","slug":"1864er-raki-fest-1895-federzeichnung-von-karl-elleder","status":"publish","type":"product","link":"https:\/\/collection.galerie-gerdes.com\/ko\/p\/1864er-raki-fest-1895-federzeichnung-von-karl-elleder\/","title":{"rendered":"1864er Raki-Fest, 1895 | Federzeichnung von Karl Elleder"},"content":{"rendered":"<p>Karl Elleder (* 15. Juni 1860 in Korneuburg; \u2020 8. Januar 1941 in Gars am Kamp) war ein \u00f6sterreichischer Karikaturist, Illustrator und Schriftsteller. Neben seiner T\u00e4tigkeit als Zollbeamter bildete er sich autodidaktisch in Krems und Wien weiter. Elleder zeichnete f\u00fcr deutsche und \u00f6sterreichische Zeitungen und Zeitschriften, darunter die \u201eFliegenden Bl\u00e4tter\u201c, \u201eMeggendorfer Bl\u00e4tter\u201c, \u201eDie Muskete\u201c, \u201eMocca\u201c und \u201eFaun\u201c, und illustrierte Kalender sowie Kinder- und M\u00e4rchenb\u00fccher. Seit 1910 ver\u00f6ffentlichte er auch eigene belletristische Texte.<\/p>\n<p>Er war besonders bekannt f\u00fcr seine humoristischen Illustrationen und entfaltete seine k\u00fcnstlerische T\u00e4tigkeit vor allem in der politischen Satire und Familienwitzbl\u00e4ttern. Seine Arbeiten wurden in der \u201e\u00d6sterreichischen Illustrierten Zeitung\u201c 1911 gew\u00fcrdigt, wo er als einer der bedeutenden \u201eWiener Karikaturisten\u201c beschrieben wurde. Elleder war befreundet mit dem Wiener Maler Carl Zewy und dem sp\u00e4teren Film-Regisseur Fritz Lang. Er war seit 1905 mit Theresia Grasser verheiratet und damit Schwiegersohn des verstorbenen Waffenfabrikanten Carl Grasser.<\/p>\n<p>Ein Gro\u00dfteil seines zeichnerischen und schriftstellerischen Nachlasses wurde von dem Grafiker und Illustrator Bernhard Oberdieck erworben, dessen Website eine umfassende Auswahl von Elleders Werk pr\u00e4sentiert. Diese Sammlung hat zur Wiederentdeckung Elleders durch den Literaturwissenschaftler Andreas Weigel und das Garser \u201eZeitbr\u00fccke-Museum\u201c beigetragen.<\/p>\n","protected":false},"excerpt":{"rendered":"<p>Karl Elleder (1860-1941)<\/p>\n","protected":false},"featured_media":231541,"template":"","meta":{"site-sidebar-layout":"default","site-content-layout":"","ast-site-content-layout":"default","site-content-style":"default","site-sidebar-style":"default","ast-global-header-display":"","ast-banner-title-visibility":"","ast-main-header-display":"","ast-hfb-above-header-display":"","ast-hfb-below-header-display":"","ast-hfb-mobile-header-display":"","site-post-title":"","ast-breadcrumbs-content":"","ast-featured-img":"","footer-sml-layout":"","ast-disable-related-posts":"","theme-transparent-header-meta":"default","adv-header-id-meta":"","stick-header-meta":"","header-above-stick-meta":"","header-main-stick-meta":"","header-below-stick-meta":"","astra-migrate-meta-layouts":"set","ast-page-background-enabled":"default","ast-page-background-meta":{"desktop":{"background-color":"var(--ast-global-color-4)","background-image":"","background-repeat":"repeat","background-position":"center center","background-size":"auto","background-attachment":"scroll","background-type":"","background-media":"","overlay-type":"","overlay-color":"","overlay-opacity":"","overlay-gradient":""},"tablet":{"background-color":"","background-image":"","background-repeat":"repeat","background-position":"center center","background-size":"auto","background-attachment":"scroll","background-type":"","background-media":"","overlay-type":"","overlay-color":"","overlay-opacity":"","overlay-gradient":""},"mobile":{"background-color":"","background-image":"","background-repeat":"repeat","background-position":"center center","background-size":"auto","background-attachment":"scroll","background-type":"","background-media":"","overlay-type":"","overlay-color":"","overlay-opacity":"","overlay-gradient":""}},"ast-content-background-meta":{"desktop":{"background-color":"var(--ast-global-color-5)","background-image":"","background-repeat":"repeat","background-position":"center center","background-size":"auto","background-attachment":"scroll","background-type":"","background-media":"","overlay-type":"","overlay-color":"","overlay-opacity":"","overlay-gradient":""},"tablet":{"background-color":"var(--ast-global-color-5)","background-image":"","background-repeat":"repeat","background-position":"center center","background-size":"auto","background-attachment":"scroll","background-type":"","background-media":"","overlay-type":"","overlay-color":"","overlay-opacity":"","overlay-gradient":""},"mobile":{"background-color":"var(--ast-global-color-5)","background-image":"","background-repeat":"repeat","background-position":"center center","background-size":"auto","background-attachment":"scroll","background-type":"","background-media":"","overlay-type":"","overlay-color":"","overlay-opacity":"","overlay-gradient":""}}},"product_brand":[],"product_cat":[25,424,14366,266],"product_tag":[],"class_list":{"0":"post-230062","1":"product","2":"type-product","3":"status-publish","4":"has-post-thumbnail","6":"product_cat-deutsch","7":"product_cat-karikaturen","8":"product_cat-karl-elleder","9":"product_cat-zeichnung","10":"desktop-align-center","11":"tablet-align-left","12":"mobile-align-left","14":"first","15":"instock","16":"taxable","17":"shipping-taxable","18":"product-type-simple"},"_links":{"self":[{"href":"https:\/\/collection.galerie-gerdes.com\/ko\/wp-json\/wp\/v2\/product\/230062","targetHints":{"allow":["GET"]}}],"collection":[{"href":"https:\/\/collection.galerie-gerdes.com\/ko\/wp-json\/wp\/v2\/product"}],"about":[{"href":"https:\/\/collection.galerie-gerdes.com\/ko\/wp-json\/wp\/v2\/types\/product"}],"wp:featuredmedia":[{"embeddable":true,"href":"https:\/\/collection.galerie-gerdes.com\/ko\/wp-json\/wp\/v2\/media\/231541"}],"wp:attachment":[{"href":"https:\/\/collection.galerie-gerdes.com\/ko\/wp-json\/wp\/v2\/media?parent=230062"}],"wp:term":[{"taxonomy":"product_brand","embeddable":true,"href":"https:\/\/collection.galerie-gerdes.com\/ko\/wp-json\/wp\/v2\/product_brand?post=230062"},{"taxonomy":"product_cat","embeddable":true,"href":"https:\/\/collection.galerie-gerdes.com\/ko\/wp-json\/wp\/v2\/product_cat?post=230062"},{"taxonomy":"product_tag","embeddable":true,"href":"https:\/\/collection.galerie-gerdes.com\/ko\/wp-json\/wp\/v2\/product_tag?post=230062"}],"curies":[{"name":"wp","href":"https:\/\/api.w.org\/{rel}","templated":true}]}}