{"id":256863,"date":"2024-10-31T18:08:34","date_gmt":"2024-10-31T17:08:34","guid":{"rendered":"https:\/\/www.collection.galerie-gerdes.com\/?post_type=product&#038;p=256863"},"modified":"2024-11-20T22:06:18","modified_gmt":"2024-11-20T21:06:18","slug":"tanzende-frauen-akte-mischtechnik-von-franz-schicker-grafik-nachgezeichnet","status":"publish","type":"product","link":"https:\/\/collection.galerie-gerdes.com\/ko\/p\/tanzende-frauen-akte-mischtechnik-von-franz-schicker-grafik-nachgezeichnet\/","title":{"rendered":"Tanzende Frauen &#8211; Akte | Mischtechnik von Franz Schicker, Grafik nachgezeichnet"},"content":{"rendered":"<p>Geboren wurde Prof. Franz Schicker im Jahr 1915 entweder in V\u00f6cklabruck oder Regau, und er verstarb am 18. Februar 2010. Er f\u00fchrte ein vielseitiges K\u00fcnstlerleben in \u00d6sterreich als Maler, Zeichner, Kunsterzieher und Kunstvermittler. Nach dem Zweiten Weltkrieg setzte er sich im Jahr 1946 aktiv f\u00fcr die Wiedergr\u00fcndung der K\u00fcnstlergilde Salzkammergut ein. F\u00fcr eine lange Zeitspanne von 1955 bis 1978 hatte er das Amt des Pr\u00e4sidenten inne, und ab 1980 wurde ihm die Ehrenpr\u00e4sidentschaft verliehen.<\/p>\n","protected":false},"excerpt":{"rendered":"<p>Prof. Franz Schicker (1915 &#8211; 2010)<br \/>\nStockfleckig<\/p>\n","protected":false},"featured_media":258254,"template":"","meta":{"site-sidebar-layout":"default","site-content-layout":"","ast-site-content-layout":"default","site-content-style":"default","site-sidebar-style":"default","ast-global-header-display":"","ast-banner-title-visibility":"","ast-main-header-display":"","ast-hfb-above-header-display":"","ast-hfb-below-header-display":"","ast-hfb-mobile-header-display":"","site-post-title":"","ast-breadcrumbs-content":"","ast-featured-img":"","footer-sml-layout":"","ast-disable-related-posts":"","theme-transparent-header-meta":"default","adv-header-id-meta":"","stick-header-meta":"","header-above-stick-meta":"","header-main-stick-meta":"","header-below-stick-meta":"","astra-migrate-meta-layouts":"set","ast-page-background-enabled":"default","ast-page-background-meta":{"desktop":{"background-color":"var(--ast-global-color-4)","background-image":"","background-repeat":"repeat","background-position":"center center","background-size":"auto","background-attachment":"scroll","background-type":"","background-media":"","overlay-type":"","overlay-color":"","overlay-opacity":"","overlay-gradient":""},"tablet":{"background-color":"","background-image":"","background-repeat":"repeat","background-position":"center center","background-size":"auto","background-attachment":"scroll","background-type":"","background-media":"","overlay-type":"","overlay-color":"","overlay-opacity":"","overlay-gradient":""},"mobile":{"background-color":"","background-image":"","background-repeat":"repeat","background-position":"center center","background-size":"auto","background-attachment":"scroll","background-type":"","background-media":"","overlay-type":"","overlay-color":"","overlay-opacity":"","overlay-gradient":""}},"ast-content-background-meta":{"desktop":{"background-color":"var(--ast-global-color-5)","background-image":"","background-repeat":"repeat","background-position":"center center","background-size":"auto","background-attachment":"scroll","background-type":"","background-media":"","overlay-type":"","overlay-color":"","overlay-opacity":"","overlay-gradient":""},"tablet":{"background-color":"var(--ast-global-color-5)","background-image":"","background-repeat":"repeat","background-position":"center center","background-size":"auto","background-attachment":"scroll","background-type":"","background-media":"","overlay-type":"","overlay-color":"","overlay-opacity":"","overlay-gradient":""},"mobile":{"background-color":"var(--ast-global-color-5)","background-image":"","background-repeat":"repeat","background-position":"center center","background-size":"auto","background-attachment":"scroll","background-type":"","background-media":"","overlay-type":"","overlay-color":"","overlay-opacity":"","overlay-gradient":""}}},"product_brand":[],"product_cat":[15,52,14277,76,179,268],"product_tag":[364,79,38,78,77,362,363,74,361,365],"class_list":{"0":"post-256863","1":"product","2":"type-product","3":"status-publish","4":"has-post-thumbnail","6":"product_cat-oesterreichisch","7":"product_cat-20th-century","8":"product_cat-druck","9":"product_cat-franz-schicker","10":"product_cat-gemaelde","11":"product_cat-mischtechnik","12":"product_tag-art","13":"product_tag-coal","14":"product_tag-drawing","15":"product_tag-erotik","16":"product_tag-franz-schicker","17":"product_tag-gemalde","18":"product_tag-kunst","19":"product_tag-painting","20":"product_tag-peintures","21":"product_tag-pittura","22":"desktop-align-center","23":"tablet-align-left","24":"mobile-align-left","26":"first","27":"instock","28":"taxable","29":"shipping-taxable","30":"product-type-simple"},"_links":{"self":[{"href":"https:\/\/collection.galerie-gerdes.com\/ko\/wp-json\/wp\/v2\/product\/256863","targetHints":{"allow":["GET"]}}],"collection":[{"href":"https:\/\/collection.galerie-gerdes.com\/ko\/wp-json\/wp\/v2\/product"}],"about":[{"href":"https:\/\/collection.galerie-gerdes.com\/ko\/wp-json\/wp\/v2\/types\/product"}],"wp:featuredmedia":[{"embeddable":true,"href":"https:\/\/collection.galerie-gerdes.com\/ko\/wp-json\/wp\/v2\/media\/258254"}],"wp:attachment":[{"href":"https:\/\/collection.galerie-gerdes.com\/ko\/wp-json\/wp\/v2\/media?parent=256863"}],"wp:term":[{"taxonomy":"product_brand","embeddable":true,"href":"https:\/\/collection.galerie-gerdes.com\/ko\/wp-json\/wp\/v2\/product_brand?post=256863"},{"taxonomy":"product_cat","embeddable":true,"href":"https:\/\/collection.galerie-gerdes.com\/ko\/wp-json\/wp\/v2\/product_cat?post=256863"},{"taxonomy":"product_tag","embeddable":true,"href":"https:\/\/collection.galerie-gerdes.com\/ko\/wp-json\/wp\/v2\/product_tag?post=256863"}],"curies":[{"name":"wp","href":"https:\/\/api.w.org\/{rel}","templated":true}]}}