{"id":258652,"date":"2024-10-31T20:16:12","date_gmt":"2024-10-31T19:16:12","guid":{"rendered":"https:\/\/www.collection.galerie-gerdes.com\/?post_type=product&#038;p=258652"},"modified":"2024-11-20T22:09:04","modified_gmt":"2024-11-20T21:09:04","slug":"blumenstillleben-1931-gemaelde-von-ludmila-kleinmondova-oder-ludmila-janovska-1907","status":"publish","type":"product","link":"https:\/\/collection.galerie-gerdes.com\/ko\/p\/blumenstillleben-1931-gemaelde-von-ludmila-kleinmondova-oder-ludmila-janovska-1907\/","title":{"rendered":"Blumenstillleben, 1931 | Gem\u00e4lde von Ludmila Kleinmondov\u00e1 oder Ludmila Janovska (1907-?)"},"content":{"rendered":"<p>Ludmila Kleinmondov\u00e1, auch bekannt als Ludmila Janovsk\u00e1-Kleinmondov\u00e1 (* 10. Februar 1870 in Sm\u00edchov bei Prag; \u2020 1955 in Prag), war eine tschechische Malerin und Mallehrerin sowie Mitglied der Kunstvereinigungen Krasoumn\u00e1 jednota und Um\u011bleck\u00e1 beseda.<\/p>\n<p>Geboren als drittes von vier Kindern des Klempners und Metallschmieds Rudolf Kleinmond und seiner Frau Gabriela, wuchs Ludmila in einer kunsthandwerklich gepr\u00e4gten Umgebung auf. Sie besuchte die Schule des Frauenproduktionsvereins in Prag, wo ihre Mutter aktiv t\u00e4tig war. Anschlie\u00dfend studierte sie von 1887 bis 1894 Malerei und Zeichnung an der Kunstgewerbeschule in Prag unter Professor Schikaneder und geh\u00f6rte zu den ersten weiblichen Absolventinnen, obwohl sie nicht am Unterricht in m\u00e4nnlichem Aktzeichnen teilnehmen durfte.<\/p>\n<p>Kurz nach ihrem Abschluss wurde Kleinmondov\u00e1 Mitglied der Krasoumn\u00e1 jednota und nahm regelm\u00e4\u00dfig an deren Jahresausstellungen teil. Sie spezialisierte sich auf Stillleben und Blumenmalerei und schuf Werke wie \u201eZ\u00e1ti\u0161\u00ed s ovocem\u201c (Stillleben mit Obst), \u201eAzalky\u201c (Azaleen) und \u201eR\u016f\u017ee\u201c (Rosen). Sie heiratete den akademischen Maler Jan Karla Janovsk\u00fd, mit dem sie den Adriaraum bereiste. Im Jahr 1926 er\u00f6ffneten sie auf Sm\u00edchov eine private Malschule. Ihre Tochter Ludmila Janovsk\u00e1 (* 1907) wurde ebenfalls Malerin.<\/p>\n<p>Kleinmondov\u00e1s bevorzugte Motive waren Stillleben, Blumen und Fr\u00fcchte, und sie arbeitete in zwei Stilrichtungen: einerseits einem freien, lockeren Stil, andererseits in altmeisterlichem Realismus nach den niederl\u00e4ndischen Meistern des 17. Jahrhunderts. Ab 1895 stellte sie regelm\u00e4\u00dfig in der Um\u011bleck\u00e1 beseda aus, und ihr Werk \u201eHyacinty\u201c (Hyazinthen) wurde 1902 in ein Album moderner tschechischer Maler aufgenommen, das als Pr\u00e4mie der Um\u011bleck\u00e1 beseda verkauft wurde und f\u00fcr den Schulgebrauch verbreitet war.<\/p>\n<p>Auf Reisen nach Slowenien, Kroatien und in die Adria dokumentierte sie slawische Volksbr\u00e4uche und erstellte f\u00fcr das Album \u201e\u00d6sterreichisch-ungarische Typen\u201c eine Serie von Trachtenstudien. Au\u00dferdem sammelte sie alte Volkskunst, von denen einige St\u00fccke das Ethnographische Museum in Prag erwarb. 1895 war sie auch Mitglied des Organisationskomitees f\u00fcr die Ethnographische Ausstellung der Tschechoslowaken.<\/p>\n","protected":false},"excerpt":{"rendered":"<p>Ludmila Kleinmondov\u00e1 (1870-1955)<br \/>\nKratzer o.r.<\/p>\n","protected":false},"featured_media":259856,"template":"","meta":{"site-sidebar-layout":"default","site-content-layout":"","ast-site-content-layout":"default","site-content-style":"default","site-sidebar-style":"default","ast-global-header-display":"","ast-banner-title-visibility":"","ast-main-header-display":"","ast-hfb-above-header-display":"","ast-hfb-below-header-display":"","ast-hfb-mobile-header-display":"","site-post-title":"","ast-breadcrumbs-content":"","ast-featured-img":"","footer-sml-layout":"","ast-disable-related-posts":"","theme-transparent-header-meta":"default","adv-header-id-meta":"","stick-header-meta":"","header-above-stick-meta":"","header-main-stick-meta":"","header-below-stick-meta":"","astra-migrate-meta-layouts":"set","ast-page-background-enabled":"default","ast-page-background-meta":{"desktop":{"background-color":"var(--ast-global-color-4)","background-image":"","background-repeat":"repeat","background-position":"center center","background-size":"auto","background-attachment":"scroll","background-type":"","background-media":"","overlay-type":"","overlay-color":"","overlay-opacity":"","overlay-gradient":""},"tablet":{"background-color":"","background-image":"","background-repeat":"repeat","background-position":"center center","background-size":"auto","background-attachment":"scroll","background-type":"","background-media":"","overlay-type":"","overlay-color":"","overlay-opacity":"","overlay-gradient":""},"mobile":{"background-color":"","background-image":"","background-repeat":"repeat","background-position":"center center","background-size":"auto","background-attachment":"scroll","background-type":"","background-media":"","overlay-type":"","overlay-color":"","overlay-opacity":"","overlay-gradient":""}},"ast-content-background-meta":{"desktop":{"background-color":"var(--ast-global-color-5)","background-image":"","background-repeat":"repeat","background-position":"center center","background-size":"auto","background-attachment":"scroll","background-type":"","background-media":"","overlay-type":"","overlay-color":"","overlay-opacity":"","overlay-gradient":""},"tablet":{"background-color":"var(--ast-global-color-5)","background-image":"","background-repeat":"repeat","background-position":"center center","background-size":"auto","background-attachment":"scroll","background-type":"","background-media":"","overlay-type":"","overlay-color":"","overlay-opacity":"","overlay-gradient":""},"mobile":{"background-color":"var(--ast-global-color-5)","background-image":"","background-repeat":"repeat","background-position":"center center","background-size":"auto","background-attachment":"scroll","background-type":"","background-media":"","overlay-type":"","overlay-color":"","overlay-opacity":"","overlay-gradient":""}}},"product_brand":[],"product_cat":[52,179,14649,267,408,160],"product_tag":[],"class_list":{"0":"post-258652","1":"product","2":"type-product","3":"status-publish","4":"has-post-thumbnail","6":"product_cat-20th-century","7":"product_cat-gemaelde","8":"product_cat-ludmila-kleinmondova","9":"product_cat-oelgemaelde","10":"product_cat-stillleben","11":"product_cat-tschechisch","12":"desktop-align-center","13":"tablet-align-left","14":"mobile-align-left","16":"first","17":"instock","18":"taxable","19":"shipping-taxable","20":"product-type-simple"},"_links":{"self":[{"href":"https:\/\/collection.galerie-gerdes.com\/ko\/wp-json\/wp\/v2\/product\/258652","targetHints":{"allow":["GET"]}}],"collection":[{"href":"https:\/\/collection.galerie-gerdes.com\/ko\/wp-json\/wp\/v2\/product"}],"about":[{"href":"https:\/\/collection.galerie-gerdes.com\/ko\/wp-json\/wp\/v2\/types\/product"}],"wp:featuredmedia":[{"embeddable":true,"href":"https:\/\/collection.galerie-gerdes.com\/ko\/wp-json\/wp\/v2\/media\/259856"}],"wp:attachment":[{"href":"https:\/\/collection.galerie-gerdes.com\/ko\/wp-json\/wp\/v2\/media?parent=258652"}],"wp:term":[{"taxonomy":"product_brand","embeddable":true,"href":"https:\/\/collection.galerie-gerdes.com\/ko\/wp-json\/wp\/v2\/product_brand?post=258652"},{"taxonomy":"product_cat","embeddable":true,"href":"https:\/\/collection.galerie-gerdes.com\/ko\/wp-json\/wp\/v2\/product_cat?post=258652"},{"taxonomy":"product_tag","embeddable":true,"href":"https:\/\/collection.galerie-gerdes.com\/ko\/wp-json\/wp\/v2\/product_tag?post=258652"}],"curies":[{"name":"wp","href":"https:\/\/api.w.org\/{rel}","templated":true}]}}