{"id":275774,"date":"2024-11-12T18:20:22","date_gmt":"2024-11-12T17:20:22","guid":{"rendered":"https:\/\/www.collection.galerie-gerdes.com\/?post_type=product&#038;p=275774"},"modified":"2024-12-18T16:46:15","modified_gmt":"2024-12-18T15:46:15","slug":"vivat-sequens-es-lebe-der-nachfolgende-tusche-federzeichnung-von-carl-wassenegger","status":"publish","type":"product","link":"https:\/\/collection.galerie-gerdes.com\/ko\/p\/vivat-sequens-es-lebe-der-nachfolgende-tusche-federzeichnung-von-carl-wassenegger\/","title":{"rendered":"Vivat Sequens &#8211; Es lebe der [Nach]folgende! | Tusche-Federzeichnung von Carl Wassenegger"},"content":{"rendered":"<p>Carl Wassenegger, auch bekannt als Karl Wassenegger, wurde am 15. Juli 1862 in M\u00fcnchen geboren und verstarb am 26. Dezember 1931 ebenda. Er war ein deutscher Karikaturist, Zeichner und Maler der Romantik und des Biedermeier.<\/p>\n<p>Wassenegger wuchs in der Thalstra\u00dfe 35 und 36 in M\u00fcnchen auf. Sein Vater, Franz Paul Wassenegger, war ein b\u00fcrgerlicher Kupferschmied, der ab 1848 im M\u00fcnchner Kunstverein aktiv war. Carl Wassenegger war verwandt mit dem akademischen Maler und Glasmaler Philipp Sutner sowie dem Illustrator und Maler Wilhelm Irlinger.<\/p>\n<p>Seine Illustrationen, darunter Titelgestaltungen und Karikaturen, wurden ab der ersten Ausgabe am 1. Oktober 1887 im von Heinrich Hildebrand gegr\u00fcndeten Magazin \u201eRadfahr-Humor\u201c und dessen Beilage \u201eRundschau Fabrication und Handel\u201c ver\u00f6ffentlicht. Sp\u00e4ter zeichnete auch Emil Knei\u00df f\u00fcr diese Publikationen. Als Mitglied der Wallberger schenkte Wassenegger dem Verein 1892 eine Zeichnung f\u00fcr die Sammelliste zum Wallbergkreuz.<\/p>\n<p>Wassenegger betrieb sein Atelier in der Heustra\u00dfe 15 in M\u00fcnchen. Dort fertigte er Tusche-Zeichnungen, Karikaturen und \u00d6lgem\u00e4lde an, darunter das Gem\u00e4lde \u201eEin Hase\u201c (13,5 \u00d7 10,5 cm), das im Winckelmann-Museum Stendal ausgestellt ist.<\/p>\n","protected":false},"excerpt":{"rendered":"<p>Carl Wassenegger (1862-1931)<\/p>\n","protected":false},"featured_media":276119,"template":"","meta":{"site-sidebar-layout":"default","site-content-layout":"","ast-site-content-layout":"default","site-content-style":"default","site-sidebar-style":"default","ast-global-header-display":"","ast-banner-title-visibility":"","ast-main-header-display":"","ast-hfb-above-header-display":"","ast-hfb-below-header-display":"","ast-hfb-mobile-header-display":"","site-post-title":"","ast-breadcrumbs-content":"","ast-featured-img":"","footer-sml-layout":"","ast-disable-related-posts":"","theme-transparent-header-meta":"default","adv-header-id-meta":"","stick-header-meta":"","header-above-stick-meta":"","header-main-stick-meta":"","header-below-stick-meta":"","astra-migrate-meta-layouts":"set","ast-page-background-enabled":"default","ast-page-background-meta":{"desktop":{"background-color":"var(--ast-global-color-4)","background-image":"","background-repeat":"repeat","background-position":"center center","background-size":"auto","background-attachment":"scroll","background-type":"","background-media":"","overlay-type":"","overlay-color":"","overlay-opacity":"","overlay-gradient":""},"tablet":{"background-color":"","background-image":"","background-repeat":"repeat","background-position":"center center","background-size":"auto","background-attachment":"scroll","background-type":"","background-media":"","overlay-type":"","overlay-color":"","overlay-opacity":"","overlay-gradient":""},"mobile":{"background-color":"","background-image":"","background-repeat":"repeat","background-position":"center center","background-size":"auto","background-attachment":"scroll","background-type":"","background-media":"","overlay-type":"","overlay-color":"","overlay-opacity":"","overlay-gradient":""}},"ast-content-background-meta":{"desktop":{"background-color":"var(--ast-global-color-5)","background-image":"","background-repeat":"repeat","background-position":"center center","background-size":"auto","background-attachment":"scroll","background-type":"","background-media":"","overlay-type":"","overlay-color":"","overlay-opacity":"","overlay-gradient":""},"tablet":{"background-color":"var(--ast-global-color-5)","background-image":"","background-repeat":"repeat","background-position":"center center","background-size":"auto","background-attachment":"scroll","background-type":"","background-media":"","overlay-type":"","overlay-color":"","overlay-opacity":"","overlay-gradient":""},"mobile":{"background-color":"var(--ast-global-color-5)","background-image":"","background-repeat":"repeat","background-position":"center center","background-size":"auto","background-attachment":"scroll","background-type":"","background-media":"","overlay-type":"","overlay-color":"","overlay-opacity":"","overlay-gradient":""}}},"product_brand":[],"product_cat":[52,14300,25,179,424,266],"product_tag":[],"class_list":{"0":"post-275774","1":"product","2":"type-product","3":"status-publish","4":"has-post-thumbnail","6":"product_cat-20th-century","7":"product_cat-carl-wassenegger","8":"product_cat-deutsch","9":"product_cat-gemaelde","10":"product_cat-karikaturen","11":"product_cat-zeichnung","12":"desktop-align-center","13":"tablet-align-left","14":"mobile-align-left","16":"first","17":"instock","18":"taxable","19":"shipping-taxable","20":"product-type-simple"},"_links":{"self":[{"href":"https:\/\/collection.galerie-gerdes.com\/ko\/wp-json\/wp\/v2\/product\/275774","targetHints":{"allow":["GET"]}}],"collection":[{"href":"https:\/\/collection.galerie-gerdes.com\/ko\/wp-json\/wp\/v2\/product"}],"about":[{"href":"https:\/\/collection.galerie-gerdes.com\/ko\/wp-json\/wp\/v2\/types\/product"}],"wp:featuredmedia":[{"embeddable":true,"href":"https:\/\/collection.galerie-gerdes.com\/ko\/wp-json\/wp\/v2\/media\/276119"}],"wp:attachment":[{"href":"https:\/\/collection.galerie-gerdes.com\/ko\/wp-json\/wp\/v2\/media?parent=275774"}],"wp:term":[{"taxonomy":"product_brand","embeddable":true,"href":"https:\/\/collection.galerie-gerdes.com\/ko\/wp-json\/wp\/v2\/product_brand?post=275774"},{"taxonomy":"product_cat","embeddable":true,"href":"https:\/\/collection.galerie-gerdes.com\/ko\/wp-json\/wp\/v2\/product_cat?post=275774"},{"taxonomy":"product_tag","embeddable":true,"href":"https:\/\/collection.galerie-gerdes.com\/ko\/wp-json\/wp\/v2\/product_tag?post=275774"}],"curies":[{"name":"wp","href":"https:\/\/api.w.org\/{rel}","templated":true}]}}