{"id":285091,"date":"2024-11-28T22:47:42","date_gmt":"2024-11-28T21:47:42","guid":{"rendered":"https:\/\/www.collection.galerie-gerdes.com\/?post_type=product&#038;p=285091"},"modified":"2024-12-18T16:46:12","modified_gmt":"2024-12-18T15:46:12","slug":"portraet-einer-frau-gemaelde-von-franz-burger","status":"publish","type":"product","link":"https:\/\/collection.galerie-gerdes.com\/ko\/p\/portraet-einer-frau-gemaelde-von-franz-burger\/","title":{"rendered":"Portr\u00e4t einer Frau | Gem\u00e4lde von Franz Burger"},"content":{"rendered":"<p>Franz Burger (* 30. Mai 1857 in Windisch-Matrei; \u2020 27. Juli 1940 in Innsbruck) war ein vielseitiger \u00f6sterreichischer K\u00fcnstler. Er war Maler, Zeichner, Illustrator, Restaurator, Plakatgestalter und ab 1897 Professor an der Staatsgewerbeschule in Innsbruck.<\/p>\n<p>Nach seiner schulischen Grundausbildung besuchte Burger die Staatsgewerbeschule in Innsbruck. In den Jahren 1880 bis 1892 folgten Studien- und K\u00fcnstleraufenthalte, in deren Rahmen er bei renommierten Lehrern wie Ludwig von Lindenschmidt, Karl Raupp und Franz von Defregger lernte. Von 1897 bis zu seiner Pensionierung 1925 unterrichtete er an der Staatsgewerbeschule Innsbruck.<\/p>\n<p>Burger arbeitete f\u00fcr die M\u00fcnchner K\u00fcnstlerzeitschrift <em>Jugend<\/em>, die eine zentrale Rolle in der Verbreitung des Jugendstils spielte. Im Auftrag von Erzherzog Franz Ferdinand schuf er zwischen 1905 und 1909 das monumentale Schlachtenbild <em>Speckbacher erobert am 13. August 1809 die Sillbr\u00fccke<\/em>, das f\u00fcr die Neue Hofburg in Wien bestimmt war.<\/p>\n","protected":false},"excerpt":{"rendered":"<p>Franz Burger (1857-1940)<br \/>\n\u00d6l auf Karton. Kratzer oben links. Rahmen etwas besch\u00e4digt.<\/p>\n","protected":false},"featured_media":285152,"template":"","meta":{"site-sidebar-layout":"default","site-content-layout":"","ast-site-content-layout":"default","site-content-style":"default","site-sidebar-style":"default","ast-global-header-display":"","ast-banner-title-visibility":"","ast-main-header-display":"","ast-hfb-above-header-display":"","ast-hfb-below-header-display":"","ast-hfb-mobile-header-display":"","site-post-title":"","ast-breadcrumbs-content":"","ast-featured-img":"","footer-sml-layout":"","ast-disable-related-posts":"","theme-transparent-header-meta":"default","adv-header-id-meta":"","stick-header-meta":"","header-above-stick-meta":"","header-main-stick-meta":"","header-below-stick-meta":"","astra-migrate-meta-layouts":"set","ast-page-background-enabled":"default","ast-page-background-meta":{"desktop":{"background-color":"var(--ast-global-color-4)","background-image":"","background-repeat":"repeat","background-position":"center center","background-size":"auto","background-attachment":"scroll","background-type":"","background-media":"","overlay-type":"","overlay-color":"","overlay-opacity":"","overlay-gradient":""},"tablet":{"background-color":"","background-image":"","background-repeat":"repeat","background-position":"center center","background-size":"auto","background-attachment":"scroll","background-type":"","background-media":"","overlay-type":"","overlay-color":"","overlay-opacity":"","overlay-gradient":""},"mobile":{"background-color":"","background-image":"","background-repeat":"repeat","background-position":"center center","background-size":"auto","background-attachment":"scroll","background-type":"","background-media":"","overlay-type":"","overlay-color":"","overlay-opacity":"","overlay-gradient":""}},"ast-content-background-meta":{"desktop":{"background-color":"var(--ast-global-color-5)","background-image":"","background-repeat":"repeat","background-position":"center center","background-size":"auto","background-attachment":"scroll","background-type":"","background-media":"","overlay-type":"","overlay-color":"","overlay-opacity":"","overlay-gradient":""},"tablet":{"background-color":"var(--ast-global-color-5)","background-image":"","background-repeat":"repeat","background-position":"center center","background-size":"auto","background-attachment":"scroll","background-type":"","background-media":"","overlay-type":"","overlay-color":"","overlay-opacity":"","overlay-gradient":""},"mobile":{"background-color":"var(--ast-global-color-5)","background-image":"","background-repeat":"repeat","background-position":"center center","background-size":"auto","background-attachment":"scroll","background-type":"","background-media":"","overlay-type":"","overlay-color":"","overlay-opacity":"","overlay-gradient":""}}},"product_brand":[],"product_cat":[15,52,14695,179,267,422],"product_tag":[],"class_list":{"0":"post-285091","1":"product","2":"type-product","3":"status-publish","4":"has-post-thumbnail","6":"product_cat-oesterreichisch","7":"product_cat-20th-century","8":"product_cat-franz-burger","9":"product_cat-gemaelde","10":"product_cat-oelgemaelde","11":"product_cat-portraet","12":"desktop-align-center","13":"tablet-align-left","14":"mobile-align-left","16":"first","17":"instock","18":"taxable","19":"shipping-taxable","20":"product-type-simple"},"_links":{"self":[{"href":"https:\/\/collection.galerie-gerdes.com\/ko\/wp-json\/wp\/v2\/product\/285091","targetHints":{"allow":["GET"]}}],"collection":[{"href":"https:\/\/collection.galerie-gerdes.com\/ko\/wp-json\/wp\/v2\/product"}],"about":[{"href":"https:\/\/collection.galerie-gerdes.com\/ko\/wp-json\/wp\/v2\/types\/product"}],"wp:featuredmedia":[{"embeddable":true,"href":"https:\/\/collection.galerie-gerdes.com\/ko\/wp-json\/wp\/v2\/media\/285152"}],"wp:attachment":[{"href":"https:\/\/collection.galerie-gerdes.com\/ko\/wp-json\/wp\/v2\/media?parent=285091"}],"wp:term":[{"taxonomy":"product_brand","embeddable":true,"href":"https:\/\/collection.galerie-gerdes.com\/ko\/wp-json\/wp\/v2\/product_brand?post=285091"},{"taxonomy":"product_cat","embeddable":true,"href":"https:\/\/collection.galerie-gerdes.com\/ko\/wp-json\/wp\/v2\/product_cat?post=285091"},{"taxonomy":"product_tag","embeddable":true,"href":"https:\/\/collection.galerie-gerdes.com\/ko\/wp-json\/wp\/v2\/product_tag?post=285091"}],"curies":[{"name":"wp","href":"https:\/\/api.w.org\/{rel}","templated":true}]}}