{"id":339135,"date":"2025-10-31T19:08:48","date_gmt":"2025-10-31T18:08:48","guid":{"rendered":"https:\/\/collection.galerie-gerdes.com\/?post_type=product&#038;p=339135"},"modified":"2026-01-07T21:20:41","modified_gmt":"2026-01-07T20:20:41","slug":"portraet-einer-jungen-frau-1915-kohlezeichnung-von-hans-haeusele","status":"publish","type":"product","link":"https:\/\/collection.galerie-gerdes.com\/ko\/p\/portraet-einer-jungen-frau-1915-kohlezeichnung-von-hans-haeusele\/","title":{"rendered":"Portr\u00e4t einer jungen Frau, 1915 | Kohlezeichnung von Hans H\u00e4usele"},"content":{"rendered":"<p class=\"p2\">Hans H\u00e4usl\u00e9\u00a0(*\u00a026. September\u00a01889\u00a0in\u00a0Z\u00fcrich; \u2020\u00a016. April\u00a01944\u00a0ebenda) war ein\u00a0Schweizer\u00a0K\u00fcnstler, der allem voran\u00a0Radierungen\u00a0anfertigte. Sein Werk besch\u00e4ftigt sich mit\u00a0biblischen\u00a0Motiven und steht in Kontext der\u00a0bibliophilen\u00a0Kreise Z\u00fcrichs, f\u00fcr die Grafiker und Buchbinder t\u00e4tig waren.<\/p>\n<p class=\"p2\">H\u00e4usle studierte an der\u00a0Kunstgewerbeschule Z\u00fcrich\u00a0und war anschliessend f\u00fcr das Unternehmen\u00a0Orell F\u00fcssli\u00a0t\u00e4tig, von 1909 bis 1910 bereiste er Italien und von 1916 bis 1919 Deutschland. Er war Mitglied und Schatzmeister des Kunstvereins Z\u00fcrich. Teile des Nachlasses schenkte Rosel H\u00e4usle-Leiser dem Stadtarchiv von\u00a0Schaffhausen.<\/p>\n","protected":false},"excerpt":{"rendered":"<p>Hans H\u00e4usl\u00e9 (1889 &#8211; 1944)<br \/>\nStark besch\u00e4digt<\/p>\n","protected":false},"featured_media":340217,"template":"","meta":{"site-sidebar-layout":"default","site-content-layout":"","ast-site-content-layout":"default","site-content-style":"default","site-sidebar-style":"default","ast-global-header-display":"","ast-banner-title-visibility":"","ast-main-header-display":"","ast-hfb-above-header-display":"","ast-hfb-below-header-display":"","ast-hfb-mobile-header-display":"","site-post-title":"","ast-breadcrumbs-content":"","ast-featured-img":"","footer-sml-layout":"","ast-disable-related-posts":"","theme-transparent-header-meta":"default","adv-header-id-meta":"","stick-header-meta":"","header-above-stick-meta":"","header-main-stick-meta":"","header-below-stick-meta":"","astra-migrate-meta-layouts":"set","ast-page-background-enabled":"default","ast-page-background-meta":{"desktop":{"background-color":"var(--ast-global-color-4)","background-image":"","background-repeat":"repeat","background-position":"center center","background-size":"auto","background-attachment":"scroll","background-type":"","background-media":"","overlay-type":"","overlay-color":"","overlay-opacity":"","overlay-gradient":""},"tablet":{"background-color":"","background-image":"","background-repeat":"repeat","background-position":"center center","background-size":"auto","background-attachment":"scroll","background-type":"","background-media":"","overlay-type":"","overlay-color":"","overlay-opacity":"","overlay-gradient":""},"mobile":{"background-color":"","background-image":"","background-repeat":"repeat","background-position":"center center","background-size":"auto","background-attachment":"scroll","background-type":"","background-media":"","overlay-type":"","overlay-color":"","overlay-opacity":"","overlay-gradient":""}},"ast-content-background-meta":{"desktop":{"background-color":"var(--ast-global-color-5)","background-image":"","background-repeat":"repeat","background-position":"center center","background-size":"auto","background-attachment":"scroll","background-type":"","background-media":"","overlay-type":"","overlay-color":"","overlay-opacity":"","overlay-gradient":""},"tablet":{"background-color":"var(--ast-global-color-5)","background-image":"","background-repeat":"repeat","background-position":"center center","background-size":"auto","background-attachment":"scroll","background-type":"","background-media":"","overlay-type":"","overlay-color":"","overlay-opacity":"","overlay-gradient":""},"mobile":{"background-color":"var(--ast-global-color-5)","background-image":"","background-repeat":"repeat","background-position":"center center","background-size":"auto","background-attachment":"scroll","background-type":"","background-media":"","overlay-type":"","overlay-color":"","overlay-opacity":"","overlay-gradient":""}}},"product_brand":[],"product_cat":[15280],"product_tag":[],"class_list":{"0":"post-339135","1":"product","2":"type-product","3":"status-publish","4":"has-post-thumbnail","6":"product_cat-hans-haeusele","7":"desktop-align-center","8":"tablet-align-left","9":"mobile-align-left","11":"first","12":"instock","13":"taxable","14":"shipping-taxable","15":"product-type-simple"},"_links":{"self":[{"href":"https:\/\/collection.galerie-gerdes.com\/ko\/wp-json\/wp\/v2\/product\/339135","targetHints":{"allow":["GET"]}}],"collection":[{"href":"https:\/\/collection.galerie-gerdes.com\/ko\/wp-json\/wp\/v2\/product"}],"about":[{"href":"https:\/\/collection.galerie-gerdes.com\/ko\/wp-json\/wp\/v2\/types\/product"}],"wp:featuredmedia":[{"embeddable":true,"href":"https:\/\/collection.galerie-gerdes.com\/ko\/wp-json\/wp\/v2\/media\/340217"}],"wp:attachment":[{"href":"https:\/\/collection.galerie-gerdes.com\/ko\/wp-json\/wp\/v2\/media?parent=339135"}],"wp:term":[{"taxonomy":"product_brand","embeddable":true,"href":"https:\/\/collection.galerie-gerdes.com\/ko\/wp-json\/wp\/v2\/product_brand?post=339135"},{"taxonomy":"product_cat","embeddable":true,"href":"https:\/\/collection.galerie-gerdes.com\/ko\/wp-json\/wp\/v2\/product_cat?post=339135"},{"taxonomy":"product_tag","embeddable":true,"href":"https:\/\/collection.galerie-gerdes.com\/ko\/wp-json\/wp\/v2\/product_tag?post=339135"}],"curies":[{"name":"wp","href":"https:\/\/api.w.org\/{rel}","templated":true}]}}