{"id":457897,"date":"2026-03-06T18:01:07","date_gmt":"2026-03-06T17:01:07","guid":{"rendered":"https:\/\/collection.galerie-gerdes.com\/?post_type=product&#038;p=457897"},"modified":"2026-03-06T18:16:12","modified_gmt":"2026-03-06T17:16:12","slug":"beschaeftigte-frau-gemaelde-von-theodor-her-attr","status":"publish","type":"product","link":"https:\/\/collection.galerie-gerdes.com\/ko\/p\/beschaeftigte-frau-gemaelde-von-theodor-her-attr\/","title":{"rendered":"Besch\u00e4ftigte Frau | Gem\u00e4lde von Theodor Her (attr.)"},"content":{"rendered":"<p>Theodor Her (* 30. Juli 1838 in Rot an der Rot; \u2020 1892 in M\u00fcnchen) war ein deutscher Maler, der vor allem f\u00fcr seine Stimmungslandschaften bekannt ist. Er stammte aus einer b\u00fcrgerlichen Familie und war der Sohn eines Notars. Seine k\u00fcnstlerische Ausbildung erhielt Her zun\u00e4chst an der Kunstschule in Stuttgart bei Karl Josef Bernhard von Neher.<\/p>\n<p>Nach Abschluss des Studiums hielt er sich von 1868 bis 1870 in Paris auf, bevor er sich am 20. Januar 1870 an der K\u00f6niglichen Akademie der Bildenden K\u00fcnste in M\u00fcnchen im Fach Malerei einschrieb, wo er bei Arthur Freiherr von Ramberg studierte. In der Folge lie\u00df sich Her dauerhaft in M\u00fcnchen nieder.<\/p>\n<p>Neben seiner malerischen T\u00e4tigkeit unternahm er zahlreiche Reisen; 1890 f\u00fchrten ihn Studienaufenthalte nach Rom und Olevano. Dar\u00fcber hinaus pflegte er wiederholt Aufenthalte in Langenberg im Rheinland. Dort entstand eine enge Verbindung zu dem Seidenfabrikanten Stein, dessen umfangreiche Gem\u00e4ldesammlung 1919 gr\u00f6\u00dftenteils der Stadt Langenberg vermacht wurde. Innerhalb der sogenannten \u201eStein\u2019schen Gem\u00e4ldesammlung\u201c, die heute \u00fcberwiegend magaziniert ist, befinden sich 55 Werke von Theodor Her.<\/p>\n","protected":false},"excerpt":{"rendered":"<p>Theodor Her (1838 &#8211; 1892)<\/p>\n","protected":false},"featured_media":458125,"template":"","meta":{"site-sidebar-layout":"default","site-content-layout":"","ast-site-content-layout":"default","site-content-style":"default","site-sidebar-style":"default","ast-global-header-display":"","ast-banner-title-visibility":"","ast-main-header-display":"","ast-hfb-above-header-display":"","ast-hfb-below-header-display":"","ast-hfb-mobile-header-display":"","site-post-title":"","ast-breadcrumbs-content":"","ast-featured-img":"","footer-sml-layout":"","ast-disable-related-posts":"","theme-transparent-header-meta":"default","adv-header-id-meta":"","stick-header-meta":"","header-above-stick-meta":"","header-main-stick-meta":"","header-below-stick-meta":"","astra-migrate-meta-layouts":"set","ast-page-background-enabled":"default","ast-page-background-meta":{"desktop":{"background-color":"var(--ast-global-color-4)","background-image":"","background-repeat":"repeat","background-position":"center center","background-size":"auto","background-attachment":"scroll","background-type":"","background-media":"","overlay-type":"","overlay-color":"","overlay-opacity":"","overlay-gradient":""},"tablet":{"background-color":"","background-image":"","background-repeat":"repeat","background-position":"center center","background-size":"auto","background-attachment":"scroll","background-type":"","background-media":"","overlay-type":"","overlay-color":"","overlay-opacity":"","overlay-gradient":""},"mobile":{"background-color":"","background-image":"","background-repeat":"repeat","background-position":"center center","background-size":"auto","background-attachment":"scroll","background-type":"","background-media":"","overlay-type":"","overlay-color":"","overlay-opacity":"","overlay-gradient":""}},"ast-content-background-meta":{"desktop":{"background-color":"var(--ast-global-color-5)","background-image":"","background-repeat":"repeat","background-position":"center center","background-size":"auto","background-attachment":"scroll","background-type":"","background-media":"","overlay-type":"","overlay-color":"","overlay-opacity":"","overlay-gradient":""},"tablet":{"background-color":"var(--ast-global-color-5)","background-image":"","background-repeat":"repeat","background-position":"center center","background-size":"auto","background-attachment":"scroll","background-type":"","background-media":"","overlay-type":"","overlay-color":"","overlay-opacity":"","overlay-gradient":""},"mobile":{"background-color":"var(--ast-global-color-5)","background-image":"","background-repeat":"repeat","background-position":"center center","background-size":"auto","background-attachment":"scroll","background-type":"","background-media":"","overlay-type":"","overlay-color":"","overlay-opacity":"","overlay-gradient":""}}},"product_brand":[],"product_cat":[15351],"product_tag":[],"class_list":{"0":"post-457897","1":"product","2":"type-product","3":"status-publish","4":"has-post-thumbnail","6":"product_cat-theodor-her","7":"desktop-align-center","8":"tablet-align-left","9":"mobile-align-left","11":"first","12":"instock","13":"taxable","14":"shipping-taxable","15":"product-type-simple"},"_links":{"self":[{"href":"https:\/\/collection.galerie-gerdes.com\/ko\/wp-json\/wp\/v2\/product\/457897","targetHints":{"allow":["GET"]}}],"collection":[{"href":"https:\/\/collection.galerie-gerdes.com\/ko\/wp-json\/wp\/v2\/product"}],"about":[{"href":"https:\/\/collection.galerie-gerdes.com\/ko\/wp-json\/wp\/v2\/types\/product"}],"wp:featuredmedia":[{"embeddable":true,"href":"https:\/\/collection.galerie-gerdes.com\/ko\/wp-json\/wp\/v2\/media\/458125"}],"wp:attachment":[{"href":"https:\/\/collection.galerie-gerdes.com\/ko\/wp-json\/wp\/v2\/media?parent=457897"}],"wp:term":[{"taxonomy":"product_brand","embeddable":true,"href":"https:\/\/collection.galerie-gerdes.com\/ko\/wp-json\/wp\/v2\/product_brand?post=457897"},{"taxonomy":"product_cat","embeddable":true,"href":"https:\/\/collection.galerie-gerdes.com\/ko\/wp-json\/wp\/v2\/product_cat?post=457897"},{"taxonomy":"product_tag","embeddable":true,"href":"https:\/\/collection.galerie-gerdes.com\/ko\/wp-json\/wp\/v2\/product_tag?post=457897"}],"curies":[{"name":"wp","href":"https:\/\/api.w.org\/{rel}","templated":true}]}}