{"id":520,"date":"2024-01-07T21:33:34","date_gmt":"2024-01-07T20:33:34","guid":{"rendered":"https:\/\/collection.galerie-gerdes.com\/?post_type=product&#038;p=520"},"modified":"2024-09-06T09:26:17","modified_gmt":"2024-09-06T07:26:17","slug":"leberecht-lortet-1828-1901","status":"publish","type":"product","link":"https:\/\/collection.galerie-gerdes.com\/ko\/p\/leberecht-lortet-1828-1901\/","title":{"rendered":"Tiefe Berglandschaft | Gem\u00e4lde von Leberecht Lortet"},"content":{"rendered":"<p>Leberecht Lortet (oder Lortel) war ein franz\u00f6sischer Landschaftsmaler, der am 30. April 1828 als Sohn franz\u00f6sischer Eltern in Heidelberg (Baden-W\u00fcrttemberg, Deutschland) geboren wurde. Er lebte die meiste Zeit seines Lebens in Lyon (von 1848 bis 1861) und Umgebung und starb am 6. November 1901 in Oullins, Rh\u00f4ne, Frankreich.<\/p>\n<p>Als Sch\u00fcler von Alexandre Calame in Genf stellte Lortet ab 1858 im Salon von Lyon aus und nahm dann von 1859 bis 1870 am Pariser Salon teil. Wie Gabriel Lopp\u00e9 spezialisierte er sich auf Gebirgslandschaften und fand unter den Engl\u00e4ndern, die damals den neuen Sport des Bergsteigens entdeckten, einen gro\u00dfen Kundenkreis. Dieser produktive K\u00fcnstler widmete sein Leben der Malerei der Berge: schneebedeckte Gipfel, gr\u00fcne, von Tannenb\u00e4umen umgebene Wiesen und schattige Seen. Sein Spitzname war &#8220;der Maler der Alpen&#8221;. Seine Gem\u00e4lde sind heute in Museen in Lyon, Stra\u00dfburg, Montpellier, Genf und Bern sowie in zahlreichen Privatsammlungen zu sehen.<\/p>\n","protected":false},"excerpt":{"rendered":"<p>Leberecht Lortet (1828-1901)<\/p>\n<p>Zu reinigen; ohne Rahmen<\/p>\n","protected":false},"featured_media":521,"template":"","meta":{"site-sidebar-layout":"default","site-content-layout":"","ast-site-content-layout":"default","site-content-style":"default","site-sidebar-style":"default","ast-global-header-display":"","ast-banner-title-visibility":"","ast-main-header-display":"","ast-hfb-above-header-display":"","ast-hfb-below-header-display":"","ast-hfb-mobile-header-display":"","site-post-title":"","ast-breadcrumbs-content":"","ast-featured-img":"","footer-sml-layout":"","ast-disable-related-posts":"","theme-transparent-header-meta":"default","adv-header-id-meta":"","stick-header-meta":"","header-above-stick-meta":"","header-main-stick-meta":"","header-below-stick-meta":"","astra-migrate-meta-layouts":"set","ast-page-background-enabled":"default","ast-page-background-meta":{"desktop":{"background-color":"var(--ast-global-color-4)","background-image":"","background-repeat":"repeat","background-position":"center center","background-size":"auto","background-attachment":"scroll","background-type":"","background-media":"","overlay-type":"","overlay-color":"","overlay-opacity":"","overlay-gradient":""},"tablet":{"background-color":"","background-image":"","background-repeat":"repeat","background-position":"center center","background-size":"auto","background-attachment":"scroll","background-type":"","background-media":"","overlay-type":"","overlay-color":"","overlay-opacity":"","overlay-gradient":""},"mobile":{"background-color":"","background-image":"","background-repeat":"repeat","background-position":"center center","background-size":"auto","background-attachment":"scroll","background-type":"","background-media":"","overlay-type":"","overlay-color":"","overlay-opacity":"","overlay-gradient":""}},"ast-content-background-meta":{"desktop":{"background-color":"var(--ast-global-color-5)","background-image":"","background-repeat":"repeat","background-position":"center center","background-size":"auto","background-attachment":"scroll","background-type":"","background-media":"","overlay-type":"","overlay-color":"","overlay-opacity":"","overlay-gradient":""},"tablet":{"background-color":"var(--ast-global-color-5)","background-image":"","background-repeat":"repeat","background-position":"center center","background-size":"auto","background-attachment":"scroll","background-type":"","background-media":"","overlay-type":"","overlay-color":"","overlay-opacity":"","overlay-gradient":""},"mobile":{"background-color":"var(--ast-global-color-5)","background-image":"","background-repeat":"repeat","background-position":"center center","background-size":"auto","background-attachment":"scroll","background-type":"","background-media":"","overlay-type":"","overlay-color":"","overlay-opacity":"","overlay-gradient":""}}},"product_brand":[],"product_cat":[53,65,179,409,173],"product_tag":[364,362,363,74,361,365],"class_list":{"0":"post-520","1":"product","2":"type-product","3":"status-publish","4":"has-post-thumbnail","6":"product_cat-19th-century","7":"product_cat-franzoesisch","8":"product_cat-gemaelde","9":"product_cat-landschaft","10":"product_cat-leberecht-lortet","11":"product_tag-art","12":"product_tag-gemalde","13":"product_tag-kunst","14":"product_tag-painting","15":"product_tag-peintures","16":"product_tag-pittura","17":"desktop-align-center","18":"tablet-align-left","19":"mobile-align-left","21":"first","22":"instock","23":"taxable","24":"shipping-taxable","25":"product-type-simple"},"_links":{"self":[{"href":"https:\/\/collection.galerie-gerdes.com\/ko\/wp-json\/wp\/v2\/product\/520","targetHints":{"allow":["GET"]}}],"collection":[{"href":"https:\/\/collection.galerie-gerdes.com\/ko\/wp-json\/wp\/v2\/product"}],"about":[{"href":"https:\/\/collection.galerie-gerdes.com\/ko\/wp-json\/wp\/v2\/types\/product"}],"wp:featuredmedia":[{"embeddable":true,"href":"https:\/\/collection.galerie-gerdes.com\/ko\/wp-json\/wp\/v2\/media\/521"}],"wp:attachment":[{"href":"https:\/\/collection.galerie-gerdes.com\/ko\/wp-json\/wp\/v2\/media?parent=520"}],"wp:term":[{"taxonomy":"product_brand","embeddable":true,"href":"https:\/\/collection.galerie-gerdes.com\/ko\/wp-json\/wp\/v2\/product_brand?post=520"},{"taxonomy":"product_cat","embeddable":true,"href":"https:\/\/collection.galerie-gerdes.com\/ko\/wp-json\/wp\/v2\/product_cat?post=520"},{"taxonomy":"product_tag","embeddable":true,"href":"https:\/\/collection.galerie-gerdes.com\/ko\/wp-json\/wp\/v2\/product_tag?post=520"}],"curies":[{"name":"wp","href":"https:\/\/api.w.org\/{rel}","templated":true}]}}