{"id":169554,"date":"2024-06-15T13:31:44","date_gmt":"2024-06-15T11:31:44","guid":{"rendered":"https:\/\/collection.galerie-gerdes.com\/?post_type=product&#038;p=169554"},"modified":"2024-06-28T21:40:16","modified_gmt":"2024-06-28T19:40:16","slug":"dame-troestet-weinenden-jungen-kaethe-haerlin-meggendorfer-blaetter-muenchen","status":"publish","type":"product","link":"https:\/\/collection.galerie-gerdes.com\/lt\/p\/dame-troestet-weinenden-jungen-kaethe-haerlin-meggendorfer-blaetter-muenchen\/","title":{"rendered":"Dame tr\u00f6stet weinenden Jungen, K\u00e4the H\u00e4rlin, Meggendorfer-Bl\u00e4tter M\u00fcnchen"},"content":{"rendered":"<p>K\u00e4te Schaller-H\u00e4rlin, geborene H\u00e4rlin, wurde am 19. Oktober 1877 in Mangalore im Bundesstaat Karnataka (Indien) geboren. Sie war das vierte von insgesamt acht Kindern des evangelischen Pfarrers und Indien-Missionars Emmerich H\u00e4rlin und seiner Frau Anna H\u00e4rlin, geborene Nast. Die Keramikerin Dorkas Reinacher-H\u00e4rlin war ihre j\u00fcngere Schwester. Die Familie lebte in Gruibingen, wo K\u00e4te aufwuchs.<\/p>\n<p>Ihre k\u00fcnstlerische Ausbildung begann sie um 1893 an der Kunstgewerbeschule Stuttgart bei Magdalene Schweizer. Sp\u00e4ter erhielt sie Unterricht im Aktzeichnen beim W\u00fcrttembergischen Malerinnenverein unter Rudolf Yelin d. \u00c4. Von 1900 bis 1904 studierte sie an der Damenakademie des M\u00fcnchner K\u00fcnstlerinnenvereins, wo sie erste Illustrationen in Zeitschriften wie Jugend und Meggendorfer Bl\u00e4tter ver\u00f6ffentlichte. Studienreisen nach Italien und Frankreich pr\u00e4gten ihre k\u00fcnstlerische Entwicklung zu Beginn des 20. Jahrhunderts.<\/p>\n<p>Im Sommersemester 1909 nahm sie Unterricht bei Adolf H\u00f6lzel an der K\u00f6niglichen Akademie der Bildenden K\u00fcnste in Stuttgart. 1911 heiratete sie den Stuttgarter Kunsthistoriker und Kunsth\u00e4ndler Hans Otto Schaller und bekam 1913 ihre Tochter Sibylle.<\/p>\n<p>Schaller-H\u00e4rlin wurde vor allem als Portr\u00e4tmalerin bekannt. Sie portr\u00e4tierte zahlreiche bekannte Pers\u00f6nlichkeiten wie Theodor Heuss und Elisabeth Mann. Nachdem ihr Haus mit Atelier in Stuttgart im Jahr 1944 zerst\u00f6rt wurde, zog sie nach Eschach und sp\u00e4ter in die Villa Schaller am Rotenberg in Stuttgart, wo sie bis zu ihrem Tod im Jahr 1973 lebte.<\/p>\n<p>Ihr k\u00fcnstlerisches Werk umfasst Illustrationen, sakrale Wand- und Glasmalerei, Portr\u00e4ts, Stillleben und Landschaftsmalerei. Sie arbeitete unter anderem mit dem Kirchenarchitekten Martin Elsaesser zusammen und schuf Wand- und Glasmalereien f\u00fcr verschiedene evangelische Kirchen in W\u00fcrttemberg.<\/p>\n<p>Ihre Malerei war von einem monumentalen Stil gepr\u00e4gt, der zun\u00e4chst dem Jugendstil \u00e4hnelte, sich aber im Laufe der Zeit durch die Begegnung mit den Werken von Henri Matisse, Maurice Denis und Paul C\u00e9zanne modernen Kunststr\u00f6mungen ann\u00e4herte. Besonders hervorzuheben ist ihre bedeutende Rolle als Frau in der sakralen Wand- und Fenstergestaltung.<\/p>\n<p>K\u00e4te Schaller-H\u00e4rlin verstarb im Alter von 95 Jahren und wurde auf dem Stuttgarter Pragfriedhof beerdigt.<\/p>\n","protected":false},"excerpt":{"rendered":"<p>K\u00e4the H\u00e4rlin (1877-1973)<\/p>\n","protected":false},"featured_media":169617,"template":"","meta":{"site-sidebar-layout":"default","site-content-layout":"","ast-site-content-layout":"default","site-content-style":"default","site-sidebar-style":"default","ast-global-header-display":"","ast-banner-title-visibility":"","ast-main-header-display":"","ast-hfb-above-header-display":"","ast-hfb-below-header-display":"","ast-hfb-mobile-header-display":"","site-post-title":"","ast-breadcrumbs-content":"","ast-featured-img":"","footer-sml-layout":"","ast-disable-related-posts":"","theme-transparent-header-meta":"default","adv-header-id-meta":"","stick-header-meta":"","header-above-stick-meta":"","header-main-stick-meta":"","header-below-stick-meta":"","astra-migrate-meta-layouts":"set","ast-page-background-enabled":"default","ast-page-background-meta":{"desktop":{"background-color":"var(--ast-global-color-4)","background-image":"","background-repeat":"repeat","background-position":"center center","background-size":"auto","background-attachment":"scroll","background-type":"","background-media":"","overlay-type":"","overlay-color":"","overlay-opacity":"","overlay-gradient":""},"tablet":{"background-color":"","background-image":"","background-repeat":"repeat","background-position":"center center","background-size":"auto","background-attachment":"scroll","background-type":"","background-media":"","overlay-type":"","overlay-color":"","overlay-opacity":"","overlay-gradient":""},"mobile":{"background-color":"","background-image":"","background-repeat":"repeat","background-position":"center center","background-size":"auto","background-attachment":"scroll","background-type":"","background-media":"","overlay-type":"","overlay-color":"","overlay-opacity":"","overlay-gradient":""}},"ast-content-background-meta":{"desktop":{"background-color":"var(--ast-global-color-5)","background-image":"","background-repeat":"repeat","background-position":"center center","background-size":"auto","background-attachment":"scroll","background-type":"","background-media":"","overlay-type":"","overlay-color":"","overlay-opacity":"","overlay-gradient":""},"tablet":{"background-color":"var(--ast-global-color-5)","background-image":"","background-repeat":"repeat","background-position":"center center","background-size":"auto","background-attachment":"scroll","background-type":"","background-media":"","overlay-type":"","overlay-color":"","overlay-opacity":"","overlay-gradient":""},"mobile":{"background-color":"var(--ast-global-color-5)","background-image":"","background-repeat":"repeat","background-position":"center center","background-size":"auto","background-attachment":"scroll","background-type":"","background-media":"","overlay-type":"","overlay-color":"","overlay-opacity":"","overlay-gradient":""}}},"product_brand":[],"product_cat":[52,25,179,424,345,266],"product_tag":[364,362,363,74,361,365],"class_list":{"0":"post-169554","1":"product","2":"type-product","3":"status-publish","4":"has-post-thumbnail","6":"product_cat-20th-century","7":"product_cat-deutsch","8":"product_cat-gemaelde","9":"product_cat-karikaturen","10":"product_cat-kathe-harlin","11":"product_cat-zeichnung","12":"product_tag-art","13":"product_tag-gemalde","14":"product_tag-kunst","15":"product_tag-painting","16":"product_tag-peintures","17":"product_tag-pittura","18":"desktop-align-center","19":"tablet-align-left","20":"mobile-align-left","22":"first","23":"instock","24":"taxable","25":"shipping-taxable","26":"product-type-simple"},"_links":{"self":[{"href":"https:\/\/collection.galerie-gerdes.com\/lt\/wp-json\/wp\/v2\/product\/169554","targetHints":{"allow":["GET"]}}],"collection":[{"href":"https:\/\/collection.galerie-gerdes.com\/lt\/wp-json\/wp\/v2\/product"}],"about":[{"href":"https:\/\/collection.galerie-gerdes.com\/lt\/wp-json\/wp\/v2\/types\/product"}],"wp:featuredmedia":[{"embeddable":true,"href":"https:\/\/collection.galerie-gerdes.com\/lt\/wp-json\/wp\/v2\/media\/169617"}],"wp:attachment":[{"href":"https:\/\/collection.galerie-gerdes.com\/lt\/wp-json\/wp\/v2\/media?parent=169554"}],"wp:term":[{"taxonomy":"product_brand","embeddable":true,"href":"https:\/\/collection.galerie-gerdes.com\/lt\/wp-json\/wp\/v2\/product_brand?post=169554"},{"taxonomy":"product_cat","embeddable":true,"href":"https:\/\/collection.galerie-gerdes.com\/lt\/wp-json\/wp\/v2\/product_cat?post=169554"},{"taxonomy":"product_tag","embeddable":true,"href":"https:\/\/collection.galerie-gerdes.com\/lt\/wp-json\/wp\/v2\/product_tag?post=169554"}],"curies":[{"name":"wp","href":"https:\/\/api.w.org\/{rel}","templated":true}]}}