{"id":203547,"date":"2024-07-27T12:34:04","date_gmt":"2024-07-27T10:34:04","guid":{"rendered":"https:\/\/www.collection.galerie-gerdes.com\/?post_type=product&#038;p=203547"},"modified":"2024-09-14T16:31:33","modified_gmt":"2024-09-14T14:31:33","slug":"automobil-3-von-4-edwin-heine-meggendorfer-blaetter-muenchen","status":"publish","type":"product","link":"https:\/\/collection.galerie-gerdes.com\/lt\/p\/automobil-3-von-4-edwin-heine-meggendorfer-blaetter-muenchen\/","title":{"rendered":"Automobil 3 von 4 | Edwin Heine, Meggendorfer-Bl\u00e4tter M\u00fcnchen"},"content":{"rendered":"<p>Edwin Heine war ein Illustrator und Zeichner, t\u00e4tig f\u00fcr die \u201eMeggendorfer Bl\u00e4tter\u201c und f\u00fcr die \u201eFliegenden Bl\u00e4tter\u201c von 1891\u20131906. Seine bevorzugten Themen waren Darstellungen der \u201emodernen\u201c Szenen aus dem Kleinb\u00fcrgertum.<\/p>\n","protected":false},"excerpt":{"rendered":"<p>Edwin Heine (1860-1917)<\/p>\n","protected":false},"featured_media":203549,"template":"","meta":{"site-sidebar-layout":"default","site-content-layout":"","ast-site-content-layout":"default","site-content-style":"default","site-sidebar-style":"default","ast-global-header-display":"","ast-banner-title-visibility":"","ast-main-header-display":"","ast-hfb-above-header-display":"","ast-hfb-below-header-display":"","ast-hfb-mobile-header-display":"","site-post-title":"","ast-breadcrumbs-content":"","ast-featured-img":"","footer-sml-layout":"","ast-disable-related-posts":"","theme-transparent-header-meta":"default","adv-header-id-meta":"","stick-header-meta":"","header-above-stick-meta":"","header-main-stick-meta":"","header-below-stick-meta":"","astra-migrate-meta-layouts":"set","ast-page-background-enabled":"default","ast-page-background-meta":{"desktop":{"background-color":"var(--ast-global-color-4)","background-image":"","background-repeat":"repeat","background-position":"center center","background-size":"auto","background-attachment":"scroll","background-type":"","background-media":"","overlay-type":"","overlay-color":"","overlay-opacity":"","overlay-gradient":""},"tablet":{"background-color":"","background-image":"","background-repeat":"repeat","background-position":"center center","background-size":"auto","background-attachment":"scroll","background-type":"","background-media":"","overlay-type":"","overlay-color":"","overlay-opacity":"","overlay-gradient":""},"mobile":{"background-color":"","background-image":"","background-repeat":"repeat","background-position":"center center","background-size":"auto","background-attachment":"scroll","background-type":"","background-media":"","overlay-type":"","overlay-color":"","overlay-opacity":"","overlay-gradient":""}},"ast-content-background-meta":{"desktop":{"background-color":"var(--ast-global-color-5)","background-image":"","background-repeat":"repeat","background-position":"center center","background-size":"auto","background-attachment":"scroll","background-type":"","background-media":"","overlay-type":"","overlay-color":"","overlay-opacity":"","overlay-gradient":""},"tablet":{"background-color":"var(--ast-global-color-5)","background-image":"","background-repeat":"repeat","background-position":"center center","background-size":"auto","background-attachment":"scroll","background-type":"","background-media":"","overlay-type":"","overlay-color":"","overlay-opacity":"","overlay-gradient":""},"mobile":{"background-color":"var(--ast-global-color-5)","background-image":"","background-repeat":"repeat","background-position":"center center","background-size":"auto","background-attachment":"scroll","background-type":"","background-media":"","overlay-type":"","overlay-color":"","overlay-opacity":"","overlay-gradient":""}}},"product_brand":[],"product_cat":[25,393,424,266],"product_tag":[],"class_list":{"0":"post-203547","1":"product","2":"type-product","3":"status-publish","4":"has-post-thumbnail","6":"product_cat-deutsch","7":"product_cat-edwin-heine","8":"product_cat-karikaturen","9":"product_cat-zeichnung","10":"desktop-align-center","11":"tablet-align-left","12":"mobile-align-left","14":"first","15":"instock","16":"taxable","17":"shipping-taxable","18":"product-type-simple"},"_links":{"self":[{"href":"https:\/\/collection.galerie-gerdes.com\/lt\/wp-json\/wp\/v2\/product\/203547","targetHints":{"allow":["GET"]}}],"collection":[{"href":"https:\/\/collection.galerie-gerdes.com\/lt\/wp-json\/wp\/v2\/product"}],"about":[{"href":"https:\/\/collection.galerie-gerdes.com\/lt\/wp-json\/wp\/v2\/types\/product"}],"wp:featuredmedia":[{"embeddable":true,"href":"https:\/\/collection.galerie-gerdes.com\/lt\/wp-json\/wp\/v2\/media\/203549"}],"wp:attachment":[{"href":"https:\/\/collection.galerie-gerdes.com\/lt\/wp-json\/wp\/v2\/media?parent=203547"}],"wp:term":[{"taxonomy":"product_brand","embeddable":true,"href":"https:\/\/collection.galerie-gerdes.com\/lt\/wp-json\/wp\/v2\/product_brand?post=203547"},{"taxonomy":"product_cat","embeddable":true,"href":"https:\/\/collection.galerie-gerdes.com\/lt\/wp-json\/wp\/v2\/product_cat?post=203547"},{"taxonomy":"product_tag","embeddable":true,"href":"https:\/\/collection.galerie-gerdes.com\/lt\/wp-json\/wp\/v2\/product_tag?post=203547"}],"curies":[{"name":"wp","href":"https:\/\/api.w.org\/{rel}","templated":true}]}}