{"id":205003,"date":"2024-07-27T22:35:08","date_gmt":"2024-07-27T20:35:08","guid":{"rendered":"https:\/\/www.collection.galerie-gerdes.com\/?post_type=product&#038;p=205003"},"modified":"2024-08-10T17:29:04","modified_gmt":"2024-08-10T15:29:04","slug":"bleistiftzeichnung-dorfrand-studie-von-fritz-koehler-duesseldorfer-maler-2","status":"publish","type":"product","link":"https:\/\/collection.galerie-gerdes.com\/lt\/p\/bleistiftzeichnung-dorfrand-studie-von-fritz-koehler-duesseldorfer-maler-2\/","title":{"rendered":"Bleistiftzeichnung Dorfrand | Studie von Fritz K\u00f6hler, D\u00fcsseldorfer Maler"},"content":{"rendered":"<p>Fritz K\u00f6hler, mit Taufnamen Friedrich K\u00f6hler, wurde am 28. Juni 1887 in Moritzberg bei Hildesheim geboren und verstarb am 12. Februar 1972 in D\u00fcsseldorf. K\u00f6hler war ein deutscher Landschafts- und Marinemaler.<\/p>\n<p>Im Jahr 1892 zog seine Familie nach Hamburg, w\u00e4hrend die Choleraepidemie in der Stadt w\u00fctete, jedoch blieb die Familie verschont. K\u00f6hler besuchte bereits mit f\u00fcnf Jahren die Grundschule. In seinen Jugendjahren reiste er auf Handelsschiffen \u00fcber die Weltmeere.<\/p>\n<p>Von 1905 bis 1907 besuchte er die Kunstgewerbeschule Hamburg und Altona. Alfred Lichtwark, der damalige Direktor der Hamburger Kunsthalle, erkannte K\u00f6hlers Talent und riet ihm, die Hochschule in Weimar zu besuchen. Von 1909 bis 1912 studierte er an der Kunstgewerbeschule Weimar, zun\u00e4chst bei Max Thedy und sp\u00e4ter als Meistersch\u00fcler beim Landschaftsmaler Theodor Hagen.<\/p>\n<p>Nach dem Studium richtete sich K\u00f6hler f\u00fcr kurze Zeit ein Atelier in Hamburg ein. Ab 1913 war er in D\u00fcsseldorf t\u00e4tig. W\u00e4hrend der Zeit des Nationalsozialismus war er Mitglied der militaristischen K\u00fcnstlergruppe Westfront und der Reichskammer der bildenden K\u00fcnste. F\u00fcr diese Zeit ist seine Teilnahme an 18 Ausstellungen sicher belegt.<\/p>\n<p>Im Zweiten Weltkrieg wurden seine Wohnung und sein Atelier in D\u00fcsseldorf-Oberkassel zerst\u00f6rt, woraufhin er nach Berchtesgaden evakuierte. 1945 kehrte er nach D\u00fcsseldorf zur\u00fcck. Sein letztes Atelier befand sich im K\u00fcnstlerhaus des Vereins der D\u00fcsseldorfer K\u00fcnstler auf der Sittarder Stra\u00dfe 5 in D\u00fcsseldorf-Pempelfort. K\u00f6hler war Mitglied im Reichsverband bildender K\u00fcnstler Deutschlands, im D\u00fcsseldorfer K\u00fcnstlerverein Malkasten und Mitbegr\u00fcnder der K\u00fcnstlergruppe 1949. Zudem war er Vorstandsmitglied des Heimatvereins D\u00fcsseldorfer Jonges.<\/p>\n<p>Werke von Fritz K\u00f6hler sind unter anderem in der Nationalgalerie Berlin, in der Kunsthalle Hamburg, in der Kunstsammlung Nordrhein-Westfalen in D\u00fcsseldorf, den Staatlichen Sammlungen von Berlin, Danzig und Weimar sowie in zahlreichen Privatsammlungen zu finden.<\/p>\n","protected":false},"excerpt":{"rendered":"<p>Fritz K\u00f6hler (1887-1971)<\/p>\n","protected":false},"featured_media":205034,"template":"","meta":{"site-sidebar-layout":"default","site-content-layout":"","ast-site-content-layout":"default","site-content-style":"default","site-sidebar-style":"default","ast-global-header-display":"","ast-banner-title-visibility":"","ast-main-header-display":"","ast-hfb-above-header-display":"","ast-hfb-below-header-display":"","ast-hfb-mobile-header-display":"","site-post-title":"","ast-breadcrumbs-content":"","ast-featured-img":"","footer-sml-layout":"","ast-disable-related-posts":"","theme-transparent-header-meta":"default","adv-header-id-meta":"","stick-header-meta":"","header-above-stick-meta":"","header-main-stick-meta":"","header-below-stick-meta":"","astra-migrate-meta-layouts":"set","ast-page-background-enabled":"default","ast-page-background-meta":{"desktop":{"background-color":"var(--ast-global-color-4)","background-image":"","background-repeat":"repeat","background-position":"center center","background-size":"auto","background-attachment":"scroll","background-type":"","background-media":"","overlay-type":"","overlay-color":"","overlay-opacity":"","overlay-gradient":""},"tablet":{"background-color":"","background-image":"","background-repeat":"repeat","background-position":"center center","background-size":"auto","background-attachment":"scroll","background-type":"","background-media":"","overlay-type":"","overlay-color":"","overlay-opacity":"","overlay-gradient":""},"mobile":{"background-color":"","background-image":"","background-repeat":"repeat","background-position":"center center","background-size":"auto","background-attachment":"scroll","background-type":"","background-media":"","overlay-type":"","overlay-color":"","overlay-opacity":"","overlay-gradient":""}},"ast-content-background-meta":{"desktop":{"background-color":"var(--ast-global-color-5)","background-image":"","background-repeat":"repeat","background-position":"center center","background-size":"auto","background-attachment":"scroll","background-type":"","background-media":"","overlay-type":"","overlay-color":"","overlay-opacity":"","overlay-gradient":""},"tablet":{"background-color":"var(--ast-global-color-5)","background-image":"","background-repeat":"repeat","background-position":"center center","background-size":"auto","background-attachment":"scroll","background-type":"","background-media":"","overlay-type":"","overlay-color":"","overlay-opacity":"","overlay-gradient":""},"mobile":{"background-color":"var(--ast-global-color-5)","background-image":"","background-repeat":"repeat","background-position":"center center","background-size":"auto","background-attachment":"scroll","background-type":"","background-media":"","overlay-type":"","overlay-color":"","overlay-opacity":"","overlay-gradient":""}}},"product_brand":[],"product_cat":[14273],"product_tag":[],"class_list":{"0":"post-205003","1":"product","2":"type-product","3":"status-publish","4":"has-post-thumbnail","6":"product_cat-fritz-koehler","7":"desktop-align-center","8":"tablet-align-left","9":"mobile-align-left","11":"first","12":"instock","13":"taxable","14":"shipping-taxable","15":"product-type-simple"},"_links":{"self":[{"href":"https:\/\/collection.galerie-gerdes.com\/lt\/wp-json\/wp\/v2\/product\/205003","targetHints":{"allow":["GET"]}}],"collection":[{"href":"https:\/\/collection.galerie-gerdes.com\/lt\/wp-json\/wp\/v2\/product"}],"about":[{"href":"https:\/\/collection.galerie-gerdes.com\/lt\/wp-json\/wp\/v2\/types\/product"}],"wp:featuredmedia":[{"embeddable":true,"href":"https:\/\/collection.galerie-gerdes.com\/lt\/wp-json\/wp\/v2\/media\/205034"}],"wp:attachment":[{"href":"https:\/\/collection.galerie-gerdes.com\/lt\/wp-json\/wp\/v2\/media?parent=205003"}],"wp:term":[{"taxonomy":"product_brand","embeddable":true,"href":"https:\/\/collection.galerie-gerdes.com\/lt\/wp-json\/wp\/v2\/product_brand?post=205003"},{"taxonomy":"product_cat","embeddable":true,"href":"https:\/\/collection.galerie-gerdes.com\/lt\/wp-json\/wp\/v2\/product_cat?post=205003"},{"taxonomy":"product_tag","embeddable":true,"href":"https:\/\/collection.galerie-gerdes.com\/lt\/wp-json\/wp\/v2\/product_tag?post=205003"}],"curies":[{"name":"wp","href":"https:\/\/api.w.org\/{rel}","templated":true}]}}