{"id":211672,"date":"2024-08-02T21:46:21","date_gmt":"2024-08-02T19:46:21","guid":{"rendered":"https:\/\/www.collection.galerie-gerdes.com\/?post_type=product&#038;p=211672"},"modified":"2024-09-16T12:00:21","modified_gmt":"2024-09-16T10:00:21","slug":"helles-stillleben-mit-porzellan-gemaelde-von-otto-kueppers","status":"publish","type":"product","link":"https:\/\/collection.galerie-gerdes.com\/lt\/p\/helles-stillleben-mit-porzellan-gemaelde-von-otto-kueppers\/","title":{"rendered":"Helles Stillleben mit Porzellan | Gem\u00e4lde von Otto K\u00dcPPERS"},"content":{"rendered":"<p>Otto Albert Friedrich Ignatius K\u00fcppers (* 13. Mai 1888 in Bonn; \u2020 7. Oktober 1986 ebenda) war ein deutscher Landschaftsmaler, der der D\u00fcsseldorfer Schule angeh\u00f6rte und als &#8222;Eifelmaler&#8221; bekannt wurde.<\/p>\n<p>K\u00fcppers war der Sohn des Bonner Bildhauers und Kunstprofessors Albert K\u00fcppers und Angela Maria Elisabeth, geborene Offenberg. Bereits in seiner Jugend zeigte er eine bemerkenswerte Begabung f\u00fcr das Zeichnen. Von 1907 bis 1912 studierte er an der Kunstakademie D\u00fcsseldorf Malerei und wurde dort von dem Landschaftsmaler Eugen D\u00fccker unterrichtet. Anschlie\u00dfend verbrachte er 1913\/1914 ein Jahr an der Kunstakademie Berlin in Berlin-Charlottenburg, um seine k\u00fcnstlerische Ausbildung zu vertiefen. Nach seiner Teilnahme am Ersten Weltkrieg arbeitete K\u00fcppers als Restaurator in der Bildhauerwerkstatt seines Vaters in Bonn. Sp\u00e4ter richtete er sich im \u201eWachh\u00e4uschen\u201c des Poppelsdorfer Schlosses ein Atelier ein und unternahm Studienreisen in die Schweiz, nach \u00d6sterreich, Italien und in die Niederlande. Die Winter verbrachte er oft in der Eifel, wo er in der N\u00e4he von Hollerath die Verwalterwohnung der Skih\u00fctte des \u201eBonner Akademischen Skisclubs\u201c mietete. Dort lud er auch K\u00fcnstlerfreunde wie Emil Krupa-Krupinski und August Sander ein.<\/p>\n<p>Nach dem Ersten Weltkrieg trat K\u00fcppers dem \u201eBonner K\u00fcnstlerbund\u201c bei und stellte regelm\u00e4\u00dfig im St\u00e4dtischen Museum Villa Obernier in Bonn aus. Besonders bemerkenswert waren seine Sonderausstellungen \u201eDer deutsche Wald\u201c und \u201eWinter in den Bergen\u201c, die ihm gro\u00dfe Anerkennung brachten.<\/p>\n<p>Im Alter litt K\u00fcppers zunehmend an einer Sehschw\u00e4che. Er verstarb im Alter von 98 Jahren in seiner Heimatstadt Bonn und wurde auf dem Poppelsdorfer Friedhof beigesetzt.<\/p>\n","protected":false},"excerpt":{"rendered":"<p>Otto K\u00dcPPERS (1888-1986)<br \/>\nLoch oben rechts<\/p>\n","protected":false},"featured_media":213178,"template":"","meta":{"site-sidebar-layout":"default","site-content-layout":"","ast-site-content-layout":"default","site-content-style":"default","site-sidebar-style":"default","ast-global-header-display":"","ast-banner-title-visibility":"","ast-main-header-display":"","ast-hfb-above-header-display":"","ast-hfb-below-header-display":"","ast-hfb-mobile-header-display":"","site-post-title":"","ast-breadcrumbs-content":"","ast-featured-img":"","footer-sml-layout":"","ast-disable-related-posts":"","theme-transparent-header-meta":"default","adv-header-id-meta":"","stick-header-meta":"","header-above-stick-meta":"","header-main-stick-meta":"","header-below-stick-meta":"","astra-migrate-meta-layouts":"set","ast-page-background-enabled":"default","ast-page-background-meta":{"desktop":{"background-color":"var(--ast-global-color-4)","background-image":"","background-repeat":"repeat","background-position":"center center","background-size":"auto","background-attachment":"scroll","background-type":"","background-media":"","overlay-type":"","overlay-color":"","overlay-opacity":"","overlay-gradient":""},"tablet":{"background-color":"","background-image":"","background-repeat":"repeat","background-position":"center center","background-size":"auto","background-attachment":"scroll","background-type":"","background-media":"","overlay-type":"","overlay-color":"","overlay-opacity":"","overlay-gradient":""},"mobile":{"background-color":"","background-image":"","background-repeat":"repeat","background-position":"center center","background-size":"auto","background-attachment":"scroll","background-type":"","background-media":"","overlay-type":"","overlay-color":"","overlay-opacity":"","overlay-gradient":""}},"ast-content-background-meta":{"desktop":{"background-color":"var(--ast-global-color-5)","background-image":"","background-repeat":"repeat","background-position":"center center","background-size":"auto","background-attachment":"scroll","background-type":"","background-media":"","overlay-type":"","overlay-color":"","overlay-opacity":"","overlay-gradient":""},"tablet":{"background-color":"var(--ast-global-color-5)","background-image":"","background-repeat":"repeat","background-position":"center center","background-size":"auto","background-attachment":"scroll","background-type":"","background-media":"","overlay-type":"","overlay-color":"","overlay-opacity":"","overlay-gradient":""},"mobile":{"background-color":"var(--ast-global-color-5)","background-image":"","background-repeat":"repeat","background-position":"center center","background-size":"auto","background-attachment":"scroll","background-type":"","background-media":"","overlay-type":"","overlay-color":"","overlay-opacity":"","overlay-gradient":""}}},"product_brand":[],"product_cat":[14316],"product_tag":[14383,14382],"class_list":{"0":"post-211672","1":"product","2":"type-product","3":"status-publish","4":"has-post-thumbnail","6":"product_cat-otto-kueppers","7":"product_tag-sehr-gross","8":"product_tag-speditionsversand","9":"desktop-align-center","10":"tablet-align-left","11":"mobile-align-left","13":"first","14":"instock","15":"taxable","16":"shipping-taxable","17":"product-type-simple"},"_links":{"self":[{"href":"https:\/\/collection.galerie-gerdes.com\/lt\/wp-json\/wp\/v2\/product\/211672","targetHints":{"allow":["GET"]}}],"collection":[{"href":"https:\/\/collection.galerie-gerdes.com\/lt\/wp-json\/wp\/v2\/product"}],"about":[{"href":"https:\/\/collection.galerie-gerdes.com\/lt\/wp-json\/wp\/v2\/types\/product"}],"wp:featuredmedia":[{"embeddable":true,"href":"https:\/\/collection.galerie-gerdes.com\/lt\/wp-json\/wp\/v2\/media\/213178"}],"wp:attachment":[{"href":"https:\/\/collection.galerie-gerdes.com\/lt\/wp-json\/wp\/v2\/media?parent=211672"}],"wp:term":[{"taxonomy":"product_brand","embeddable":true,"href":"https:\/\/collection.galerie-gerdes.com\/lt\/wp-json\/wp\/v2\/product_brand?post=211672"},{"taxonomy":"product_cat","embeddable":true,"href":"https:\/\/collection.galerie-gerdes.com\/lt\/wp-json\/wp\/v2\/product_cat?post=211672"},{"taxonomy":"product_tag","embeddable":true,"href":"https:\/\/collection.galerie-gerdes.com\/lt\/wp-json\/wp\/v2\/product_tag?post=211672"}],"curies":[{"name":"wp","href":"https:\/\/api.w.org\/{rel}","templated":true}]}}