{"id":253266,"date":"2024-10-23T22:20:36","date_gmt":"2024-10-23T20:20:36","guid":{"rendered":"https:\/\/www.collection.galerie-gerdes.com\/?post_type=product&#038;p=253266"},"modified":"2024-10-29T17:50:56","modified_gmt":"2024-10-29T16:50:56","slug":"spaziergang-auf-feldweg-gemaelde-von-maurice-mareels","status":"publish","type":"product","link":"https:\/\/collection.galerie-gerdes.com\/lt\/p\/spaziergang-auf-feldweg-gemaelde-von-maurice-mareels\/","title":{"rendered":"Spaziergang auf Feldweg | Gem\u00e4lde von Maurice Mareels"},"content":{"rendered":"<p>Maurice Mareels, geboren am 9. Februar 1893 in Saint-Gilles und verstorben am 14. Oktober 1976 in Uccle, war ein belgischer Maler. Er wurde im Elternhaus (Adolphe Mareels und Jeanne Catherine Pletinckx) in der Rue Blanche 19 in Saint-Gilles geboren.<\/p>\n<p>Mareels studierte von 1911 bis 1914 sowie von 1918 bis 1919 an der K\u00f6niglichen Akademie der Sch\u00f6nen K\u00fcnste in Br\u00fcssel, wo er Sch\u00fcler von Herman Richir war. Sp\u00e4ter unterrichtete er als Zeichenlehrer an der Akademie der Dekorativen K\u00fcnste in Ixelles. Er malte vor allem Landschaften, Stillleben und Portr\u00e4ts, wobei seine Landschaften haupts\u00e4chlich in der Region Campine (insbesondere in Genk) und in der Bretagne angesiedelt sind.<\/p>\n<p>1913 diente er als Wehrpflichtiger im 9. Linienregiment, der sogenannten Universit\u00e4tskompanie, was es ihm erm\u00f6glichte, sein Studium fortzusetzen. Am 22. Oktober 1914 wurde er in der Schlacht an der Yser verwundet und verbrachte den Rest des Krieges in administrativen Funktionen in Calais. In dieser Zeit schuf er einige Gem\u00e4lde, die Szenen der Schlacht an der Yser im Oktober 1914 darstellen. 1970 ver\u00f6ffentlichte er das Werk <em>Les carnets d&#8217;un fantassin de 1914<\/em>, in dem er seine milit\u00e4rischen Erlebnisse ab dem 1. August 1914 schildert. Eine seiner 12 Radierungen erschien im Album <em>Autour de Bruxelles<\/em> (1941).<\/p>\n<p>Maurice Mareels lebte in der Rue Colonel Chaltin 90 in Uccle.<\/p>\n","protected":false},"excerpt":{"rendered":"<p>Maurice Mareels (1893-1976)<\/p>\n","protected":false},"featured_media":253417,"template":"","meta":{"site-sidebar-layout":"default","site-content-layout":"","ast-site-content-layout":"default","site-content-style":"default","site-sidebar-style":"default","ast-global-header-display":"","ast-banner-title-visibility":"","ast-main-header-display":"","ast-hfb-above-header-display":"","ast-hfb-below-header-display":"","ast-hfb-mobile-header-display":"","site-post-title":"","ast-breadcrumbs-content":"","ast-featured-img":"","footer-sml-layout":"","ast-disable-related-posts":"","theme-transparent-header-meta":"default","adv-header-id-meta":"","stick-header-meta":"","header-above-stick-meta":"","header-main-stick-meta":"","header-below-stick-meta":"","astra-migrate-meta-layouts":"set","ast-page-background-enabled":"default","ast-page-background-meta":{"desktop":{"background-color":"var(--ast-global-color-4)","background-image":"","background-repeat":"repeat","background-position":"center center","background-size":"auto","background-attachment":"scroll","background-type":"","background-media":"","overlay-type":"","overlay-color":"","overlay-opacity":"","overlay-gradient":""},"tablet":{"background-color":"","background-image":"","background-repeat":"repeat","background-position":"center center","background-size":"auto","background-attachment":"scroll","background-type":"","background-media":"","overlay-type":"","overlay-color":"","overlay-opacity":"","overlay-gradient":""},"mobile":{"background-color":"","background-image":"","background-repeat":"repeat","background-position":"center center","background-size":"auto","background-attachment":"scroll","background-type":"","background-media":"","overlay-type":"","overlay-color":"","overlay-opacity":"","overlay-gradient":""}},"ast-content-background-meta":{"desktop":{"background-color":"var(--ast-global-color-5)","background-image":"","background-repeat":"repeat","background-position":"center center","background-size":"auto","background-attachment":"scroll","background-type":"","background-media":"","overlay-type":"","overlay-color":"","overlay-opacity":"","overlay-gradient":""},"tablet":{"background-color":"var(--ast-global-color-5)","background-image":"","background-repeat":"repeat","background-position":"center center","background-size":"auto","background-attachment":"scroll","background-type":"","background-media":"","overlay-type":"","overlay-color":"","overlay-opacity":"","overlay-gradient":""},"mobile":{"background-color":"var(--ast-global-color-5)","background-image":"","background-repeat":"repeat","background-position":"center center","background-size":"auto","background-attachment":"scroll","background-type":"","background-media":"","overlay-type":"","overlay-color":"","overlay-opacity":"","overlay-gradient":""}}},"product_brand":[],"product_cat":[52,64,179,409,14408,267],"product_tag":[],"class_list":{"0":"post-253266","1":"product","2":"type-product","3":"status-publish","4":"has-post-thumbnail","6":"product_cat-20th-century","7":"product_cat-belgisch","8":"product_cat-gemaelde","9":"product_cat-landschaft","10":"product_cat-maurice-mareels","11":"product_cat-oelgemaelde","12":"desktop-align-center","13":"tablet-align-left","14":"mobile-align-left","16":"first","17":"instock","18":"taxable","19":"shipping-taxable","20":"product-type-simple"},"_links":{"self":[{"href":"https:\/\/collection.galerie-gerdes.com\/lt\/wp-json\/wp\/v2\/product\/253266","targetHints":{"allow":["GET"]}}],"collection":[{"href":"https:\/\/collection.galerie-gerdes.com\/lt\/wp-json\/wp\/v2\/product"}],"about":[{"href":"https:\/\/collection.galerie-gerdes.com\/lt\/wp-json\/wp\/v2\/types\/product"}],"wp:featuredmedia":[{"embeddable":true,"href":"https:\/\/collection.galerie-gerdes.com\/lt\/wp-json\/wp\/v2\/media\/253417"}],"wp:attachment":[{"href":"https:\/\/collection.galerie-gerdes.com\/lt\/wp-json\/wp\/v2\/media?parent=253266"}],"wp:term":[{"taxonomy":"product_brand","embeddable":true,"href":"https:\/\/collection.galerie-gerdes.com\/lt\/wp-json\/wp\/v2\/product_brand?post=253266"},{"taxonomy":"product_cat","embeddable":true,"href":"https:\/\/collection.galerie-gerdes.com\/lt\/wp-json\/wp\/v2\/product_cat?post=253266"},{"taxonomy":"product_tag","embeddable":true,"href":"https:\/\/collection.galerie-gerdes.com\/lt\/wp-json\/wp\/v2\/product_tag?post=253266"}],"curies":[{"name":"wp","href":"https:\/\/api.w.org\/{rel}","templated":true}]}}